
{"id":2686,"date":"2017-04-10T10:02:17","date_gmt":"2017-04-10T09:02:17","guid":{"rendered":"https:\/\/www.omniwood.be\/blog\/"},"modified":"2018-09-14T12:55:54","modified_gmt":"2018-09-14T11:55:54","slug":"blog","status":"publish","type":"page","link":"https:\/\/www.omniwood.be\/fr\/blog\/","title":{"rendered":"Blog"},"content":{"rendered":"<div class=\"wpb-content-wrapper\"><p>[vc_row full_width=\u00a0\u00bbstretch_row\u00a0\u00bb sbxs_bg_class=\u00a0\u00bbbg-primary\u00a0\u00bb sbxs_headings_class=\u00a0\u00bbheadings-white\u00a0\u00bb sbxs_text_class=\u00a0\u00bbtext-white\u00a0\u00bb css=\u00a0\u00bb.vc_custom_1491815438549{margin-top: 95px !important;}\u00a0\u00bb][vc_column css=\u00a0\u00bb.vc_custom_1491815444091{padding-top: 50px !important;padding-bottom: 50px !important;}\u00a0\u00bb][vc_column_text]<\/p>\n<h2 style=\"text-align: center;\">Blog<\/h2>\n<p>[\/vc_column_text][vc_separator el_width=\u00a0\u00bb10&Prime; css=\u00a0\u00bb.vc_custom_1491815517790{padding-top: 15px !important;padding-bottom: 15px !important;}\u00a0\u00bb][vc_column_text]<\/p>\n<p style=\"text-align: center;\">Les derni\u00e8res nouvelles!<\/p>\n<p>[\/vc_column_text][\/vc_column][\/vc_row][vc_row][vc_column]\t\n\t\n\t<ul class=\"blog\">\n\t\t\t\t\n\t\t\t<li class=\"col-lg-3 col-md-3 col-sm-6 col-xs-12\">\n\t\t\t<a class='item' href=\"https:\/\/www.omniwood.be\/fr\/les-plaques-fibres-gypse-fermacell\/\">\n\t\t\t\n\t\t\t\n\t\t\t<div class=\"clearfix\"><\/div>\n\t\t\t\n\t\t\t<div class=\"imgwrap\">\n\t\t\t\t<img decoding=\"async\" src=\"https:\/\/www.omniwood.be\/wp-content\/uploads\/2018\/09\/logo-FC-vierkant-004-400x300.jpg\" alt=\"Les plaques fibres-gypse Fermacell\">\n\t\t\t<\/div>\n\t\t\n\t\t\t\t<div class=\"pad\">\n\t\t\t\t\t<span class=\"date col-xs-12 clampthis-1\">\n\t\t\t\t\t<i class=\"fa fa-calendar\"><\/i>\n\t\t\t\t\t23 novembre 2018\t\t\t\t\t<\/span>\n\t\t\t\t\t<div class=\"clearfix\"><\/div>\n\t\t\t\t\t\n\t\t\t\t\t<h3 class=\"clampthis-2\">Les plaques fibres-gypse Fermacell<\/h3>\n\t\t\t\t\t<div class=\"desc clampthis-3\">[vc_row full_width=\u00a0\u00bbstretch_row\u00a0\u00bb sbxs_headings_class=\u00a0\u00bbheadings-white\u00a0\u00bb sbxs_text_class=\u00a0\u00bbtext-white\u00a0\u00bb css=\u00a0\u00bb.vc_custom_1542895642230{padding-top: 230px !important;background-image: url(https:\/\/www.omniwood.be\/wp-content\/uploads\/2018\/09\/logo-FC-vierkant-004.jpg?id=3674) !important;background-position: center !important;background-repeat: no-repeat !important;background-size: cover !important;}\u00a0\u00bb][vc_column][vc_column_text css=\u00a0\u00bb.vc_custom_1501506299303{padding-top: 60px !important;padding-bottom: 60px !important;}\u00a0\u00bb][\/vc_column_text][\/vc_column][\/vc_row][vc_row sbxs_bg_class=\u00a0\u00bbbg-primary\u00a0\u00bb sbxs_headings_class=\u00a0\u00bbheadings-white\u00a0\u00bb sbxs_text_class=\u00a0\u00bbtext-white\u00a0\u00bb css=\u00a0\u00bb.vc_custom_1499254790701{margin-top: 40px !important;margin-bottom: 40px !important;padding-top: 40px !important;padding-right: 40px !important;padding-bottom: 40px !important;padding-left: 40px !important;}\u00a0\u00bb][vc_column][vc_column_text] Les plaques fermacell [\/vc_column_text][vc_column_text][\/vc_column_text][\/vc_column][\/vc_row][vc_row css=\u00a0\u00bb.vc_custom_1499255311694{margin-top: 80px !important;margin-bottom: 80px !important;padding-top: 50px !important;padding-bottom: 50px !important;}\u00a0\u00bb][vc_column width=\u00a0\u00bb1\/3&Prime;][vc_column_text]Les habitudes ne sont pas faciles<\/div>\n\t\t\t\t\t\n\t\t\t\t\t\n\t\t\t\t\t\t\t\t\t\t\n\t\t\t\t\t<div class=\"clearfix\"><\/div>\n\t\t\t\t<\/div>\n\t\t\t\t\n\t\t\t<\/a>\t\n\t\t\t<\/li>\n\t\t\t\n\t\t\t\t\n\t\t\t<li class=\"col-lg-3 col-md-3 col-sm-6 col-xs-12\">\n\t\t\t<a class='item' href=\"https:\/\/www.omniwood.be\/fr\/presence-des-panneaux-wwd-chez-quadrus-a-wavre\/\">\n\t\t\t\n\t\t\t\n\t\t\t<div class=\"clearfix\"><\/div>\n\t\t\t\n\t\t\t<div class=\"imgwrap\">\n\t\t\t\t<img decoding=\"async\" src=\"https:\/\/www.omniwood.be\/wp-content\/uploads\/2018\/08\/PHOTO-2018-08-27-15-35-111-400x300.jpg\" alt=\"Pr\u00e9sence des panneaux WWD chez Quadrus \u00e0 Wavre\">\n\t\t\t<\/div>\n\t\t\n\t\t\t\t<div class=\"pad\">\n\t\t\t\t\t<span class=\"date col-xs-12 clampthis-1\">\n\t\t\t\t\t<i class=\"fa fa-calendar\"><\/i>\n\t\t\t\t\t30 ao\u00fbt 2018\t\t\t\t\t<\/span>\n\t\t\t\t\t<div class=\"clearfix\"><\/div>\n\t\t\t\t\t\n\t\t\t\t\t<h3 class=\"clampthis-2\">Pr\u00e9sence des panneaux WWD chez Quadrus \u00e0 Wavre<\/h3>\n\t\t\t\t\t<div class=\"desc clampthis-3\">[vc_row full_width=\u00a0\u00bbstretch_row\u00a0\u00bb sbxs_headings_class=\u00a0\u00bbheadings-white\u00a0\u00bb sbxs_text_class=\u00a0\u00bbtext-white\u00a0\u00bb css=\u00a0\u00bb.vc_custom_1535377609156{padding-top: 230px !important;background-image: url(https:\/\/www.omniwood.be\/wp-content\/uploads\/2018\/08\/Logo-Noir-Site.png?id=3413) !important;background-position: center !important;background-repeat: no-repeat !important;background-size: cover !important;}\u00a0\u00bb][vc_column][\/vc_column][\/vc_row][vc_row gap=\u00a0\u00bb30&Prime;][vc_column][\/vc_column][\/vc_row][vc_row][vc_column][vc_column_text] Parement d\u00e9coratif en bois chez Quadrus [\/vc_column_text][vc_row_inner gap=\u00a0\u00bb25&Prime;][vc_column_inner][vc_column_text sbxs_headings_class=\u00a0\u00bbheadings-secondary\u00a0\u00bb sbxs_text_class=\u00a0\u00bbtext-secondary\u00a0\u00bb][\/vc_column_text][\/vc_column_inner][\/vc_row_inner][vc_row_inner gap=\u00a0\u00bb25&Prime;][vc_column_inner][\/vc_column_inner][\/vc_row_inner][vc_separator color=\u00a0\u00bbgreen\u00a0\u00bb style=\u00a0\u00bbdouble\u00a0\u00bb border_width=\u00a0\u00bb10&Prime;][vc_row_inner gap=\u00a0\u00bb30&Prime;][vc_column_inner][\/vc_column_inner][\/vc_row_inner][\/vc_column][\/vc_row][vc_row][vc_column width=\u00a0\u00bb1\/3&Prime;][vc_column_text]Cette semaine, petit tour d&rsquo;horizon chez Quadrus \u00e0 Wavre. D\u00e9part depuis Saint-Trond et direction l&rsquo;E40 et ensuite l&rsquo;E411. Apr\u00e8s 1 heure 30 minutes de<\/div>\n\t\t\t\t\t\n\t\t\t\t\t\n\t\t\t\t\t\t\t\t\t\t\n\t\t\t\t\t<div class=\"clearfix\"><\/div>\n\t\t\t\t<\/div>\n\t\t\t\t\n\t\t\t<\/a>\t\n\t\t\t<\/li>\n\t\t\t\n\t\t\t\t\n\t\t\t<li class=\"col-lg-3 col-md-3 col-sm-6 col-xs-12\">\n\t\t\t<a class='item' href=\"https:\/\/www.omniwood.be\/fr\/les-avantages-de-la-construction-a-ossature-bois\/\">\n\t\t\t\n\t\t\t\n\t\t\t<div class=\"clearfix\"><\/div>\n\t\t\t\n\t\t\t<div class=\"imgwrap\">\n\t\t\t\t<img decoding=\"async\" src=\"https:\/\/www.omniwood.be\/wp-content\/uploads\/2018\/08\/20180628-122722-400x300.jpg\" alt=\"Les avantages de la construction \u00e0 ossatures en bois\">\n\t\t\t<\/div>\n\t\t\n\t\t\t\t<div class=\"pad\">\n\t\t\t\t\t<span class=\"date col-xs-12 clampthis-1\">\n\t\t\t\t\t<i class=\"fa fa-calendar\"><\/i>\n\t\t\t\t\t21 ao\u00fbt 2018\t\t\t\t\t<\/span>\n\t\t\t\t\t<div class=\"clearfix\"><\/div>\n\t\t\t\t\t\n\t\t\t\t\t<h3 class=\"clampthis-2\">Les avantages de la construction \u00e0 ossatures en bois<\/h3>\n\t\t\t\t\t<div class=\"desc clampthis-3\">[vc_row full_width=\u00a0\u00bbstretch_row\u00a0\u00bb sbxs_headings_class=\u00a0\u00bbheadings-white\u00a0\u00bb sbxs_text_class=\u00a0\u00bbtext-white\u00a0\u00bb css=\u00a0\u00bb.vc_custom_1534839623862{padding-top: 230px !important;background-image: url(https:\/\/www.omniwood.be\/wp-content\/uploads\/2018\/08\/20180628-122722.jpg?id=3295) !important;background-position: center !important;background-repeat: no-repeat !important;background-size: cover !important;}\u00a0\u00bb][vc_column][\/vc_column][\/vc_row][vc_row gap=\u00a0\u00bb30&Prime;][vc_column][\/vc_column][\/vc_row][vc_row][vc_column][vc_column_text] Les avantages de la construction \u00e0 ossatures en bois [\/vc_column_text][vc_row_inner gap=\u00a0\u00bb25&Prime;][vc_column_inner][vc_column_text sbxs_headings_class=\u00a0\u00bbheadings-secondary\u00a0\u00bb sbxs_text_class=\u00a0\u00bbtext-secondary\u00a0\u00bb] Etes-vous encore entrain d&rsquo;h\u00e9siter sur la m\u00e9thode de construction de votre habitation ? Les constructions en ossature bois ont ces derni\u00e8res ann\u00e9es augment\u00e9es et ce n&rsquo;est<\/div>\n\t\t\t\t\t\n\t\t\t\t\t\n\t\t\t\t\t\t\t\t\t\t\n\t\t\t\t\t<div class=\"clearfix\"><\/div>\n\t\t\t\t<\/div>\n\t\t\t\t\n\t\t\t<\/a>\t\n\t\t\t<\/li>\n\t\t\t\n\t\t\t\t\n\t\t\t<li class=\"col-lg-3 col-md-3 col-sm-6 col-xs-12\">\n\t\t\t<a class='item' href=\"https:\/\/www.omniwood.be\/fr\/houtskeletbouw-loont\/\">\n\t\t\t\n\t\t\t\n\t\t\t<div class=\"clearfix\"><\/div>\n\t\t\t\n\t\t\t<div class=\"imgwrap\">\n\t\t\t\t<img decoding=\"async\" src=\"https:\/\/www.omniwood.be\/wp-content\/uploads\/2017\/10\/2017-09-27-PHOTO-00000310-400x300.jpg\" alt=\"Houtskeletbouw loont!\">\n\t\t\t<\/div>\n\t\t\n\t\t\t\t<div class=\"pad\">\n\t\t\t\t\t<span class=\"date col-xs-12 clampthis-1\">\n\t\t\t\t\t<i class=\"fa fa-calendar\"><\/i>\n\t\t\t\t\t17 octobre 2017\t\t\t\t\t<\/span>\n\t\t\t\t\t<div class=\"clearfix\"><\/div>\n\t\t\t\t\t\n\t\t\t\t\t<h3 class=\"clampthis-2\">Houtskeletbouw loont!<\/h3>\n\t\t\t\t\t<div class=\"desc clampthis-3\">[vc_row full_width=\u00a0\u00bbstretch_row\u00a0\u00bb sbxs_headings_class=\u00a0\u00bbheadings-white\u00a0\u00bb sbxs_text_class=\u00a0\u00bbtext-white\u00a0\u00bb css=\u00a0\u00bb.vc_custom_1494922142781{padding-top: 230px !important;background-image: url(https:\/\/www.omniwood.be\/wp-content\/uploads\/2016\/03\/20170111-170411.jpg?id=1811) !important;background-position: center !important;background-repeat: no-repeat !important;background-size: cover !important;}\u00a0\u00bb][vc_column][vc_column_text css=\u00a0\u00bb.vc_custom_1501506299303{padding-top: 60px !important;padding-bottom: 60px !important;}\u00a0\u00bb][\/vc_column_text][\/vc_column][\/vc_row][vc_row sbxs_bg_class=\u00a0\u00bbbg-primary\u00a0\u00bb sbxs_headings_class=\u00a0\u00bbheadings-white\u00a0\u00bb sbxs_text_class=\u00a0\u00bbtext-white\u00a0\u00bb css=\u00a0\u00bb.vc_custom_1499254790701{margin-top: 40px !important;margin-bottom: 40px !important;padding-top: 40px !important;padding-right: 40px !important;padding-bottom: 40px !important;padding-left: 40px !important;}\u00a0\u00bb][vc_column][vc_column_text] Houtskeletbouw loont! [\/vc_column_text][vc_column_text][\/vc_column_text][\/vc_column][\/vc_row][vc_row css=\u00a0\u00bb.vc_custom_1499255311694{margin-top: 80px !important;margin-bottom: 80px !important;padding-top: 50px !important;padding-bottom: 50px !important;}\u00a0\u00bb][vc_column width=\u00a0\u00bb1\/3&Prime;][vc_column_text]Snelle bouwmethode Veel voorbereidingswerk vindt plaats in<\/div>\n\t\t\t\t\t\n\t\t\t\t\t\n\t\t\t\t\t\t\t\t\t\t\n\t\t\t\t\t<div class=\"clearfix\"><\/div>\n\t\t\t\t<\/div>\n\t\t\t\t\n\t\t\t<\/a>\t\n\t\t\t<\/li>\n\t\t\t\n\t\t<\/ul>\n\t\n\t\n\n\n\n\n\n<div class=\"navigation-pagination\"><ul>\n<li class=\"active\"><a href=\"https:\/\/www.omniwood.be\/fr\/wp-json\/wp\/v2\/pages\/2686\/\">1<\/a><\/li>\n<li><a href=\"https:\/\/www.omniwood.be\/fr\/wp-json\/wp\/v2\/pages\/2686\/page\/2\/\">2<\/a><\/li>\n<\/ul><\/div>\n\n\n\n\n\n\t[\/vc_column][\/vc_row]<\/p>\n<\/div>","protected":false},"excerpt":{"rendered":"<p>[vc_row full_width=\u00a0\u00bbstretch_row\u00a0\u00bb sbxs_bg_class=\u00a0\u00bbbg-primary\u00a0\u00bb sbxs_headings_class=\u00a0\u00bbheadings-white\u00a0\u00bb sbxs_text_class=\u00a0\u00bbtext-white\u00a0\u00bb css=\u00a0\u00bb.vc_custom_1491815438549{margin-top: 95px !important;}\u00a0\u00bb][vc_column css=\u00a0\u00bb.vc_custom_1491815444091{padding-top: 50px !important;padding-bottom: 50px !important;}\u00a0\u00bb][vc_column_text] Blog [\/vc_column_text][vc_separator el_width=\u00a0\u00bb10&Prime; css=\u00a0\u00bb.vc_custom_1491815517790{padding-top: 15px !important;padding-bottom: 15px !important;}\u00a0\u00bb][vc_column_text] Les derni\u00e8res nouvelles! [\/vc_column_text][\/vc_column][\/vc_row][vc_row][vc_column][\/vc_column][\/vc_row]<\/p>\n","protected":false},"author":4,"featured_media":0,"parent":0,"menu_order":0,"comment_status":"closed","ping_status":"closed","template":"","meta":{"_acf_changed":false,"footnotes":""},"class_list":["post-2686","page","type-page","status-publish","hentry"],"acf":[],"_links":{"self":[{"href":"https:\/\/www.omniwood.be\/fr\/wp-json\/wp\/v2\/pages\/2686","targetHints":{"allow":["GET"]}}],"collection":[{"href":"https:\/\/www.omniwood.be\/fr\/wp-json\/wp\/v2\/pages"}],"about":[{"href":"https:\/\/www.omniwood.be\/fr\/wp-json\/wp\/v2\/types\/page"}],"author":[{"embeddable":true,"href":"https:\/\/www.omniwood.be\/fr\/wp-json\/wp\/v2\/users\/4"}],"replies":[{"embeddable":true,"href":"https:\/\/www.omniwood.be\/fr\/wp-json\/wp\/v2\/comments?post=2686"}],"version-history":[{"count":3,"href":"https:\/\/www.omniwood.be\/fr\/wp-json\/wp\/v2\/pages\/2686\/revisions"}],"predecessor-version":[{"id":3606,"href":"https:\/\/www.omniwood.be\/fr\/wp-json\/wp\/v2\/pages\/2686\/revisions\/3606"}],"wp:attachment":[{"href":"https:\/\/www.omniwood.be\/fr\/wp-json\/wp\/v2\/media?parent=2686"}],"curies":[{"name":"wp","href":"https:\/\/api.w.org\/{rel}","templated":true}]}}