
{"id":2689,"date":"2017-04-07T12:52:40","date_gmt":"2017-04-07T11:52:40","guid":{"rendered":"https:\/\/www.omniwood.be\/dakwerken\/"},"modified":"2018-03-19T10:32:09","modified_gmt":"2018-03-19T09:32:09","slug":"toits","status":"publish","type":"page","link":"https:\/\/www.omniwood.be\/fr\/toits\/","title":{"rendered":"Toits"},"content":{"rendered":"<div class=\"wpb-content-wrapper\"><p>[vc_row full_width=\u00a0\u00bbstretch_row\u00a0\u00bb css=\u00a0\u00bb.vc_custom_1493024475033{padding-top: 150px !important;padding-bottom: 150px !important;background-image: url(https:\/\/www.omniwood.be\/wp-content\/uploads\/2017\/04\/pexels-photo.jpg?id=1635) !important;background-position: center !important;background-repeat: no-repeat !important;background-size: cover !important;}\u00a0\u00bb][vc_column][\/vc_column][\/vc_row][vc_row content_placement=\u00a0\u00bbmiddle\u00a0\u00bb sbxs_bg_class=\u00a0\u00bbbg-light\u00a0\u00bb css=\u00a0\u00bb.vc_custom_1495097486302{margin-top: 10px !important;margin-bottom: 10px !important;padding-top: 20px !important;padding-right: 20px !important;padding-bottom: 20px !important;padding-left: 20px !important;}\u00a0\u00bb][vc_column width=\u00a0\u00bb1\/3&Prime;][vc_single_image source=\u00a0\u00bbexternal_link\u00a0\u00bb external_img_size=\u00a0\u00bb100&#215;100&Prime; alignment=\u00a0\u00bbcenter\u00a0\u00bb custom_src=\u00a0\u00bbhttps:\/\/www.omniwood.be\/wp-content\/themes\/sandbox\/images\/icons\/dak.svg\u00a0\u00bb][\/vc_column][vc_column width=\u00a0\u00bb2\/3&Prime;][vc_column_text css=\u00a0\u00bb.vc_custom_1520863575078{padding-bottom: 15px !important;}\u00a0\u00bb]<\/p>\n<h2 style=\"text-align: left;\">Toits<\/h2>\n<p>[\/vc_column_text][vc_column_text]Omni Wood a accumul\u00e9 une belle et longue histoire de constructions des toits dans la r\u00e9gion de Saint-Trond et Tirlemont, mais \u00e9galement au-del\u00e0. Les C\u00f4tes et les Ardennes ne sont pas des terrains inconnus pour nos \u00e9quipes.<\/p>\n<p>En plus de la construction de toits plats, nous sommes surtout sp\u00e9cialis\u00e9s dans les constructions de toitures plus difficiles\u00a0: les toits en pente avec ou sans lucarnes ou fen\u00eatres de toit. Nous assumons des projets de r\u00e9novation et de construction neuve.<\/p>\n<p>Afin de vous conseiller au mieux quant \u00e0 votre projet, nous vous invitons cordialement dans notre showroom o\u00f9 nous pouvons vous fournir des brochures et des explications en utilisant une vraie construction de toiture en grandeur nature. M\u00eame si vous n\u2019avez pas encore de plans de construction imm\u00e9diats, nous vous invitons \u00e0 vous joindre \u00e0 nous.[\/vc_column_text][\/vc_column][\/vc_row][vc_row content_placement=\u00a0\u00bbmiddle\u00a0\u00bb sbxs_bg_class=\u00a0\u00bbbg-light\u00a0\u00bb css=\u00a0\u00bb.vc_custom_1504253281261{margin-top: 10px !important;margin-bottom: 10px !important;padding-top: 20px !important;padding-right: 20px !important;padding-bottom: 20px !important;padding-left: 20px !important;}\u00a0\u00bb][vc_column width=\u00a0\u00bb1\/2&Prime;][vc_column_text]<\/p>\n<h4>La charpente<\/h4>\n<p>[\/vc_column_text][vc_empty_space height=\u00a0\u00bb10&Prime;][vc_column_text]Dans la construction on distingue deux types de charpente\u00a0: la charpente traditionnelle et la charpente \u00e0 fermettes.<\/p>\n<p>Le type de toit que vous choisirez d\u00e9pend de votre construction, surtout quand il s\u2019agit d\u2019une r\u00e9novation. En ce qui nous concerne, nous sommes en faveur de la charpente \u00e0 fermettes pour les raisons suivantes\u00a0;<\/p>\n<ul>\n<li>Production pr\u00e9fabriqu\u00e9e des fermettes dans notre atelier moderne<\/li>\n<li>Installation plus rapide et donc \u00e9tanch\u00e9it\u00e9 du toit imm\u00e9diate<\/li>\n<li>L\u2019espace entre les poutrelles peut-\u00eatre rapidement et efficacement insuffl\u00e9 avec l\u2019isolation en fibre de bois<\/li>\n<li>Espace habitable sous toiture plus grand et plus ouvert<\/li>\n<li>Garanti la stabilit\u00e9 et la fonctionnalit\u00e9 pour des g\u00e9n\u00e9rations<\/li>\n<\/ul>\n<p>[\/vc_column_text][\/vc_column][vc_column width=\u00a0\u00bb1\/2&Prime;][vc_single_image image=\u00a0\u00bb2325&Prime; img_size=\u00a0\u00bb400&#215;250&Prime; alignment=\u00a0\u00bbcenter\u00a0\u00bb onclick=\u00a0\u00bblink_image\u00a0\u00bb][\/vc_column][\/vc_row][vc_row content_placement=\u00a0\u00bbmiddle\u00a0\u00bb sbxs_bg_class=\u00a0\u00bbbg-light\u00a0\u00bb css=\u00a0\u00bb.vc_custom_1504253284867{margin-top: 10px !important;margin-bottom: 10px !important;padding-top: 20px !important;padding-right: 20px !important;padding-bottom: 20px !important;padding-left: 20px !important;}\u00a0\u00bb][vc_column width=\u00a0\u00bb1\/2&Prime;][vc_single_image image=\u00a0\u00bb2493&Prime; img_size=\u00a0\u00bb400&#215;250&Prime; alignment=\u00a0\u00bbcenter\u00a0\u00bb onclick=\u00a0\u00bblink_image\u00a0\u00bb][\/vc_column][vc_column width=\u00a0\u00bb1\/2&Prime;][vc_column_text]<\/p>\n<h4>Panneaux de sous-toiture<\/h4>\n<p>[\/vc_column_text][vc_empty_space height=\u00a0\u00bb10&Prime;][vc_column_text]D\u00e8s que les fermettes sont install\u00e9es sur la construction, nous commen\u00e7ons avec la fermeture du toit et notamment avec les panneaux de sous-toiture. Ici, nous conseillons <a href=\"http:\/\/gutex-benelux.eu\/fileadmin\/uploads\/Downloads\/Technische_Merkblaetter\/GUTEX_FR_TM_Multiplex-top_2017-08.pdf\" target=\"_blank\" rel=\"noopener\">GUTEX Multiplex-top<\/a>. Bien que ces panneaux soient plus chers que les films plastiques utilis\u00e9s lors des travaux de couverture, ils offrent de nombreux avantages\u00a0;<\/p>\n<ul>\n<li>Placement simple avec un syst\u00e8me d\u2019embo\u00eetement<\/li>\n<li>Ouvert \u00e0 la vapeur, r\u00e9gulateur d\u2019humidit\u00e9 et respirant avec votre habitation<\/li>\n<li>Peut servir comme toit temporaire jusqu\u2019\u00e0 3 mois<\/li>\n<li>Contribue d\u00e9j\u00e0 \u00e0 l\u2019isolation du toit (valeur \u03bb 0.047)<\/li>\n<li>Permet l\u2019application de techniques modernes d\u2019isolation, par exemple l\u2019insufflation des fibres de bois<\/li>\n<li>Isolation acoustique extraordinaire<\/li>\n<li>\u00c9cologique<\/li>\n<li>Moins de ponts thermiques<\/li>\n<\/ul>\n<p>Les b\u00e2ches de toit s\u2019usent sous l\u2019influence des UV, et de plus, ont un effet n\u00e9gatif sur l\u2019isolation en raison de leur caract\u00e8re flexible et permettant ainsi le d\u00e9placement de l\u2019air.[\/vc_column_text][\/vc_column][\/vc_row][vc_row content_placement=\u00a0\u00bbmiddle\u00a0\u00bb sbxs_bg_class=\u00a0\u00bbbg-light\u00a0\u00bb css=\u00a0\u00bb.vc_custom_1504253289763{margin-top: 10px !important;margin-bottom: 10px !important;padding-top: 20px !important;padding-right: 20px !important;padding-bottom: 20px !important;padding-left: 20px !important;}\u00a0\u00bb][vc_column width=\u00a0\u00bb1\/2&Prime;][vc_column_text]<\/p>\n<h4>Fen\u00eatres de toit<\/h4>\n<p>[\/vc_column_text][vc_empty_space height=\u00a0\u00bb10&Prime;][vc_column_text]Etant donn\u00e9 que l\u2019espace sous toiture devient de nos jours tr\u00e8s souvent un espace de vie, il est \u00e9videmment important de pr\u00e9voir une ou plusieurs fen\u00eatres de toit. Les encadrements en bois dans la charpente sont faits \u00e0 l\u2019avance afin que les fen\u00eatres s\u2019y int\u00e8grent facilement.<\/p>\n<p>Quand on parle de fen\u00eatres de toit, on parle bien \u00e9videmment de <a href=\"https:\/\/www.velux.be\/fr\/produits\/fenetre-de-toit\" target=\"_blank\" rel=\"noopener\">VELUX<\/a>. Soit-dit en passant, Velux signifie \u00ab\u00a0ventilation\u00a0\u00bb et \u00ab\u00a0lumi\u00e8re\u00a0\u00bb (<em>lux <\/em>du latin).<\/p>\n<p>Vous pouvez choisir parmi une gamme de fen\u00eatres de toit rotatives ou projetables, actionn\u00e9es manuellement, \u00e9lectriquement ou m\u00eame avec de l\u2019\u00e9nergie solaire. Les fen\u00eatres <a href=\"https:\/\/www.velux.be\/fr\/produits\/fenetre-de-toit\/fenetre-integra\" target=\"_blank\" rel=\"noopener\">Integra <\/a>sont \u00e9galement \u00e9quip\u00e9es d\u2019une t\u00e9l\u00e9commande tactile qui vous permet la programmation de l\u2019ouverture, de la fermeture ou de la ventilation automatique. Elles sont \u00e9galement \u00e9quip\u00e9es d\u2019un capteur de pluie afin qu\u2019elles se referment instinctivement lorsqu\u2019il pleut.[\/vc_column_text][vc_column_text][\/vc_column_text][\/vc_column][vc_column width=\u00a0\u00bb1\/2&Prime;]\t\t\t\t<iframe loading=\"lazy\" width=\"100%\" height=\"300\" src=\"https:\/\/www.youtube.com\/embed\/trw2lg0_qEQ\" frameborder=\"0\" allowfullscreen><\/iframe>\n\t\t\t\t\n\t\t\t\t\n\t\t\t[\/vc_column][\/vc_row][vc_row content_placement=\u00a0\u00bbmiddle\u00a0\u00bb sbxs_bg_class=\u00a0\u00bbbg-light\u00a0\u00bb css=\u00a0\u00bb.vc_custom_1504253294390{margin-top: 10px !important;margin-bottom: 10px !important;padding-top: 20px !important;padding-right: 20px !important;padding-bottom: 20px !important;padding-left: 20px !important;}\u00a0\u00bb][vc_column width=\u00a0\u00bb1\/2&Prime;][vc_single_image image=\u00a0\u00bb2483&Prime; img_size=\u00a0\u00bb400&#215;250&Prime; alignment=\u00a0\u00bbcenter\u00a0\u00bb onclick=\u00a0\u00bblink_image\u00a0\u00bb][\/vc_column][vc_column width=\u00a0\u00bb1\/2&Prime;][vc_column_text]<\/p>\n<h4>Toiture<\/h4>\n<p>[\/vc_column_text][vc_empty_space height=\u00a0\u00bb10&Prime;][vc_column_text]Pour le rev\u00eatement de toiture, nous travaillons en \u00e9troite collaboration avec <a href=\"https:\/\/www.wienerberger.be\/fr\" target=\"_blank\" rel=\"noopener\">WIENERBERGER<\/a> et nous proposons l\u2019ensemble de leur gamme, des tuiles plates <a href=\"https:\/\/www.wienerberger.be\/fr\/toiture\" target=\"_blank\" rel=\"noopener\">KORAMIC<\/a>, incluant les fa\u00eeti\u00e8res, les rives et les ar\u00eatiers. Des ardoises naturelles peuvent \u00e9galement \u00eatre plac\u00e9es.<\/p>\n<p>Enfin, la finition du toit est faite avec un travail de zinc sur mesure\u00a0; les goutti\u00e8res et le drainage. Derri\u00e8re les rives, nous fournissons toujours des panneaux de la marque <a href=\"http:\/\/www.trespa.com\/fr\" target=\"_blank\" rel=\"noopener\">TRESPA<\/a>, avec lesquels nous effectuons \u00e9galement la travers\u00e9e.<\/p>\n<p>Avec TRESPA vous avez une garantie d\u2019une belle construction qui ne n\u00e9cessite aucun entretien et qui ne se d\u00e9colore et ne d\u00e9forme jamais.[\/vc_column_text][\/vc_column][\/vc_row][vc_row content_placement=\u00a0\u00bbmiddle\u00a0\u00bb sbxs_bg_class=\u00a0\u00bbbg-light\u00a0\u00bb css=\u00a0\u00bb.vc_custom_1504253299025{margin-top: 10px !important;margin-bottom: 10px !important;padding-top: 20px !important;padding-right: 20px !important;padding-bottom: 20px !important;padding-left: 20px !important;}\u00a0\u00bb][vc_column width=\u00a0\u00bb1\/2&Prime;][vc_column_text]<\/p>\n<h4>Une Isolation Superieure<\/h4>\n<p>[\/vc_column_text][vc_empty_space height=\u00a0\u00bb10&Prime;][vc_column_text]Comme mentionn\u00e9 pr\u00e9c\u00e9demment, une charpente \u00e0 fermettes peut facilement \u00eatre isol\u00e9e en insufflant des fibres de bois, en particulier <a href=\"http:\/\/gutex-benelux.eu\/fileadmin\/uploads\/Downloads\/Technische_Merkblaetter\/GUTEX_FR_TM_Thermofibre-2017-08.pdf\" target=\"_blank\" rel=\"noopener\">GUTEX Thermofibre<\/a> (valeur ? 0.039). L\u2019\u00e9paisseur de cette isolation \u00e9cologique est ainsi d\u00e9termin\u00e9e par la section des chevrons. L\u2019\u00e9paisseur la plus demand\u00e9e est de 240 mm avec une valeur R de 6, mais des sections de 300 mm sont de plus en plus plac\u00e9es \u00e9galement (valeur R sup\u00e9rieure \u00e0 7,5). En outre, Gutex Thermofibre fournit un d\u00e9phasage thermique id\u00e9al pour notre climat belge, emp\u00eachant la surchauffe en \u00e9t\u00e9 en raison de sa capacit\u00e9 \u00e9lev\u00e9e de stockage de chaleur.[\/vc_column_text][vc_column_text]Nous allons imm\u00e9diatement isoler le toit apr\u00e8s avoir termin\u00e9 la construction de la charpente. L\u2019insufflation est toujours r\u00e9alis\u00e9e par nos propres hommes et nos machines, en commen\u00e7ant par le placement d\u2019un frein \u00e0 vapeur \u00e0 l\u2019int\u00e9rieur des fermes. Cela cr\u00e9e des compartiments qui sont ensuite insuffl\u00e9s avec des fibres de bois Gutex Thermofibre.[\/vc_column_text][\/vc_column][vc_column width=\u00a0\u00bb1\/2&Prime;][vc_single_image image=\u00a0\u00bb1800&Prime; img_size=\u00a0\u00bb400&#215;250&Prime; alignment=\u00a0\u00bbcenter\u00a0\u00bb onclick=\u00a0\u00bblink_image\u00a0\u00bb][\/vc_column][\/vc_row][vc_row content_placement=\u00a0\u00bbmiddle\u00a0\u00bb sbxs_bg_class=\u00a0\u00bbbg-light\u00a0\u00bb css=\u00a0\u00bb.vc_custom_1504253305156{margin-top: 10px !important;margin-bottom: 10px !important;padding-top: 20px !important;padding-right: 20px !important;padding-bottom: 20px !important;padding-left: 20px !important;}\u00a0\u00bb][vc_column width=\u00a0\u00bb1\/2&Prime;][vc_single_image image=\u00a0\u00bb2515&Prime; img_size=\u00a0\u00bblarge\u00a0\u00bb alignment=\u00a0\u00bbcenter\u00a0\u00bb onclick=\u00a0\u00bblink_image\u00a0\u00bb][\/vc_column][vc_column width=\u00a0\u00bb1\/2&Prime;][vc_column_text]<\/p>\n<h4>Un Joli Grenier<\/h4>\n<p>[\/vc_column_text][vc_empty_space height=\u00a0\u00bb10&Prime;][vc_column_text]Apr\u00e8s la toiture, les sp\u00e9cialistes de l\u2019int\u00e9rieur peuvent faire leur travail. Pourquoi ne pas commencer avec la construction <a href=\"https:\/\/www.omniwood.be\/fr\/diensten\/maat-en-inbouwkasten\/\" target=\"_blank\" rel=\"noopener\">d\u2019armoires personnalis\u00e9es sur mesure<\/a>, que nous pouvons \u00e9galement cr\u00e9er pour vous\u00a0? Et pour l\u2019habillage des murs int\u00e9rieurs, pensez aux parements muraux en bois WWD.[\/vc_column_text][\/vc_column][\/vc_row][vc_row content_placement=\u00a0\u00bbmiddle\u00a0\u00bb sbxs_bg_class=\u00a0\u00bbbg-light\u00a0\u00bb css=\u00a0\u00bb.vc_custom_1495097486302{margin-top: 10px !important;margin-bottom: 10px !important;padding-top: 20px !important;padding-right: 20px !important;padding-bottom: 20px !important;padding-left: 20px !important;}\u00a0\u00bb][vc_column width=\u00a0\u00bb1\/4&Prime;][vc_single_image image=\u00a0\u00bb2618&Prime; img_size=\u00a0\u00bb350&#215;275&Prime; alignment=\u00a0\u00bbcenter\u00a0\u00bb onclick=\u00a0\u00bblink_image\u00a0\u00bb][\/vc_column][vc_column width=\u00a0\u00bb1\/4&Prime;][vc_single_image image=\u00a0\u00bb2609&Prime; img_size=\u00a0\u00bb350&#215;275&Prime; alignment=\u00a0\u00bbcenter\u00a0\u00bb onclick=\u00a0\u00bblink_image\u00a0\u00bb][\/vc_column][vc_column width=\u00a0\u00bb1\/4&Prime;][vc_single_image image=\u00a0\u00bb2588&Prime; img_size=\u00a0\u00bb350&#215;275&Prime; alignment=\u00a0\u00bbcenter\u00a0\u00bb onclick=\u00a0\u00bblink_image\u00a0\u00bb][\/vc_column][vc_column width=\u00a0\u00bb1\/4&Prime;][vc_single_image image=\u00a0\u00bb2264&Prime; img_size=\u00a0\u00bb350&#215;275&Prime; alignment=\u00a0\u00bbcenter\u00a0\u00bb onclick=\u00a0\u00bblink_image\u00a0\u00bb][\/vc_column][\/vc_row][vc_row content_placement=\u00a0\u00bbmiddle\u00a0\u00bb sbxs_bg_class=\u00a0\u00bbbg-light\u00a0\u00bb css=\u00a0\u00bb.vc_custom_1495097486302{margin-top: 10px !important;margin-bottom: 10px !important;padding-top: 20px !important;padding-right: 20px !important;padding-bottom: 20px !important;padding-left: 20px !important;}\u00a0\u00bb][vc_column width=\u00a0\u00bb1\/4&Prime;][vc_single_image image=\u00a0\u00bb2239&Prime; img_size=\u00a0\u00bb350&#215;275&Prime; alignment=\u00a0\u00bbcenter\u00a0\u00bb onclick=\u00a0\u00bblink_image\u00a0\u00bb][\/vc_column][vc_column width=\u00a0\u00bb1\/4&Prime;][vc_single_image image=\u00a0\u00bb2271&Prime; img_size=\u00a0\u00bb350&#215;275&Prime; alignment=\u00a0\u00bbcenter\u00a0\u00bb onclick=\u00a0\u00bblink_image\u00a0\u00bb][\/vc_column][vc_column width=\u00a0\u00bb1\/4&Prime;][vc_single_image image=\u00a0\u00bb2270&Prime; img_size=\u00a0\u00bb350&#215;275&Prime; alignment=\u00a0\u00bbcenter\u00a0\u00bb onclick=\u00a0\u00bblink_image\u00a0\u00bb][\/vc_column][vc_column width=\u00a0\u00bb1\/4&Prime;][vc_single_image image=\u00a0\u00bb2273&Prime; img_size=\u00a0\u00bb350&#215;275&Prime; alignment=\u00a0\u00bbcenter\u00a0\u00bb onclick=\u00a0\u00bblink_image\u00a0\u00bb][\/vc_column][\/vc_row][vc_row content_placement=\u00a0\u00bbmiddle\u00a0\u00bb sbxs_bg_class=\u00a0\u00bbbg-light\u00a0\u00bb css=\u00a0\u00bb.vc_custom_1495097486302{margin-top: 10px !important;margin-bottom: 10px !important;padding-top: 20px !important;padding-right: 20px !important;padding-bottom: 20px !important;padding-left: 20px !important;}\u00a0\u00bb][vc_column width=\u00a0\u00bb1\/4&Prime;][vc_single_image image=\u00a0\u00bb2610&Prime; img_size=\u00a0\u00bb350&#215;275&Prime; alignment=\u00a0\u00bbcenter\u00a0\u00bb onclick=\u00a0\u00bblink_image\u00a0\u00bb][\/vc_column][vc_column width=\u00a0\u00bb1\/4&Prime;][vc_single_image image=\u00a0\u00bb2608&Prime; img_size=\u00a0\u00bb350&#215;275&Prime; alignment=\u00a0\u00bbcenter\u00a0\u00bb onclick=\u00a0\u00bblink_image\u00a0\u00bb][\/vc_column][vc_column width=\u00a0\u00bb1\/4&Prime;][vc_single_image image=\u00a0\u00bb2607&Prime; img_size=\u00a0\u00bb350&#215;275&Prime; alignment=\u00a0\u00bbcenter\u00a0\u00bb onclick=\u00a0\u00bblink_image\u00a0\u00bb][\/vc_column][vc_column width=\u00a0\u00bb1\/4&Prime;][vc_single_image image=\u00a0\u00bb2606&Prime; img_size=\u00a0\u00bb350&#215;275&Prime; alignment=\u00a0\u00bbcenter\u00a0\u00bb onclick=\u00a0\u00bblink_image\u00a0\u00bb][\/vc_column][\/vc_row][vc_row content_placement=\u00a0\u00bbmiddle\u00a0\u00bb sbxs_bg_class=\u00a0\u00bbbg-light\u00a0\u00bb css=\u00a0\u00bb.vc_custom_1495097486302{margin-top: 10px !important;margin-bottom: 10px !important;padding-top: 20px !important;padding-right: 20px !important;padding-bottom: 20px !important;padding-left: 20px !important;}\u00a0\u00bb][vc_column width=\u00a0\u00bb1\/4&Prime;][vc_single_image image=\u00a0\u00bb2591&Prime; img_size=\u00a0\u00bb350&#215;275&Prime; alignment=\u00a0\u00bbcenter\u00a0\u00bb onclick=\u00a0\u00bblink_image\u00a0\u00bb][\/vc_column][vc_column width=\u00a0\u00bb1\/4&Prime;][vc_single_image image=\u00a0\u00bb2587&Prime; img_size=\u00a0\u00bb350&#215;275&Prime; alignment=\u00a0\u00bbcenter\u00a0\u00bb onclick=\u00a0\u00bblink_image\u00a0\u00bb][\/vc_column][vc_column width=\u00a0\u00bb1\/4&Prime;][vc_single_image image=\u00a0\u00bb2586&Prime; img_size=\u00a0\u00bb350&#215;275&Prime; alignment=\u00a0\u00bbcenter\u00a0\u00bb onclick=\u00a0\u00bblink_image\u00a0\u00bb][\/vc_column][vc_column width=\u00a0\u00bb1\/4&Prime;][vc_single_image image=\u00a0\u00bb2582&Prime; img_size=\u00a0\u00bb350&#215;275&Prime; alignment=\u00a0\u00bbcenter\u00a0\u00bb onclick=\u00a0\u00bblink_image\u00a0\u00bb][\/vc_column][\/vc_row][vc_row content_placement=\u00a0\u00bbmiddle\u00a0\u00bb sbxs_bg_class=\u00a0\u00bbbg-light\u00a0\u00bb css=\u00a0\u00bb.vc_custom_1495097486302{margin-top: 10px !important;margin-bottom: 10px !important;padding-top: 20px !important;padding-right: 20px !important;padding-bottom: 20px !important;padding-left: 20px !important;}\u00a0\u00bb][vc_column width=\u00a0\u00bb1\/4&Prime;][vc_single_image image=\u00a0\u00bb2581&Prime; img_size=\u00a0\u00bb350&#215;275&Prime; alignment=\u00a0\u00bbcenter\u00a0\u00bb onclick=\u00a0\u00bblink_image\u00a0\u00bb][\/vc_column][vc_column width=\u00a0\u00bb1\/4&Prime;][vc_single_image image=\u00a0\u00bb2578&Prime; img_size=\u00a0\u00bb350&#215;275&Prime; alignment=\u00a0\u00bbcenter\u00a0\u00bb onclick=\u00a0\u00bblink_image\u00a0\u00bb][\/vc_column][vc_column width=\u00a0\u00bb1\/4&Prime;][vc_single_image image=\u00a0\u00bb2574&Prime; img_size=\u00a0\u00bb350&#215;275&Prime; alignment=\u00a0\u00bbcenter\u00a0\u00bb onclick=\u00a0\u00bblink_image\u00a0\u00bb][\/vc_column][vc_column width=\u00a0\u00bb1\/4&Prime;][vc_single_image image=\u00a0\u00bb2575&Prime; img_size=\u00a0\u00bb350&#215;275&Prime; alignment=\u00a0\u00bbcenter\u00a0\u00bb onclick=\u00a0\u00bblink_image\u00a0\u00bb][\/vc_column][\/vc_row][vc_row content_placement=\u00a0\u00bbmiddle\u00a0\u00bb sbxs_bg_class=\u00a0\u00bbbg-light\u00a0\u00bb css=\u00a0\u00bb.vc_custom_1495097486302{margin-top: 10px !important;margin-bottom: 10px !important;padding-top: 20px !important;padding-right: 20px !important;padding-bottom: 20px !important;padding-left: 20px !important;}\u00a0\u00bb][vc_column width=\u00a0\u00bb1\/4&Prime;][vc_single_image image=\u00a0\u00bb2566&Prime; img_size=\u00a0\u00bb350&#215;275&Prime; alignment=\u00a0\u00bbcenter\u00a0\u00bb onclick=\u00a0\u00bblink_image\u00a0\u00bb][\/vc_column][vc_column width=\u00a0\u00bb1\/4&Prime;][vc_single_image image=\u00a0\u00bb2647&Prime; img_size=\u00a0\u00bb350&#215;275&Prime; alignment=\u00a0\u00bbcenter\u00a0\u00bb onclick=\u00a0\u00bblink_image\u00a0\u00bb][\/vc_column][vc_column width=\u00a0\u00bb1\/4&Prime;][vc_single_image image=\u00a0\u00bb2637&Prime; img_size=\u00a0\u00bb350&#215;275&Prime; alignment=\u00a0\u00bbcenter\u00a0\u00bb onclick=\u00a0\u00bblink_image\u00a0\u00bb][\/vc_column][vc_column width=\u00a0\u00bb1\/4&Prime;][vc_single_image image=\u00a0\u00bb2646&Prime; img_size=\u00a0\u00bb350&#215;275&Prime; alignment=\u00a0\u00bbcenter\u00a0\u00bb onclick=\u00a0\u00bblink_image\u00a0\u00bb][\/vc_column][\/vc_row][vc_row content_placement=\u00a0\u00bbmiddle\u00a0\u00bb parallax=\u00a0\u00bbcontent-moving\u00a0\u00bb parallax_image=\u00a0\u00bb1696&Prime; parallax_speed_bg=\u00a0\u00bb2&Prime; sbxs_bg_class=\u00a0\u00bbbg-primary\u00a0\u00bb sbxs_headings_class=\u00a0\u00bbheadings-white\u00a0\u00bb sbxs_text_class=\u00a0\u00bbtext-white\u00a0\u00bb css=\u00a0\u00bb.vc_custom_1493024084092{margin-top: 40px !important;margin-bottom: 40px !important;padding-top: 40px !important;padding-right: 40px !important;padding-bottom: 40px !important;padding-left: 40px !important;}\u00a0\u00bb][vc_column width=\u00a0\u00bb2\/3&Prime;][vc_empty_space height=\u00a0\u00bb10&Prime;][vc_column_text]<\/p>\n<h3>Pouvons-nous vous aider?<\/h3>\n<p>[\/vc_column_text][vc_separator color=\u00a0\u00bbwhite\u00a0\u00bb align=\u00a0\u00bbalign_left\u00a0\u00bb el_width=\u00a0\u00bb10&Prime; css=\u00a0\u00bb.vc_custom_1493023752200{padding-top: 15px !important;padding-bottom: 15px !important;}\u00a0\u00bb][vc_column_text]Vous avez une question ? Nous sommes \u00e0 votre disposition.<\/p>\n<p>Vous avez une suggestion ? Nous vous \u00e9coutons aussi avec plaisir.[\/vc_column_text][\/vc_column][vc_column width=\u00a0\u00bb1\/3&Prime;]\t\t\t<p class=\" text-right button-p-wrap \">\n\t\t\t\t<a href=\"\/fr\/contact\" class=\"button outlined white big\" target=\"\">Contactez-nous<\/a>\t\n\t\t\t<\/p>\n\t\t\t[\/vc_column][\/vc_row][vc_row css=\u00a0\u00bb.vc_custom_1496389674647{padding-top: 60px !important;padding-bottom: 60px !important;}\u00a0\u00bb][vc_column][vc_separator css=\u00a0\u00bb.vc_custom_1495097361731{padding-top: 10px !important;padding-bottom: 10px !important;}\u00a0\u00bb][vc_empty_space]\t\t\t<p class=\" text-center button-p-wrap \">\n\t\t\t\t<a href=\"\/fr\/services\" class=\"button   \" target=\"\">tous les services<\/a>\t\n\t\t\t<\/p>\n\t\t\t[\/vc_column][\/vc_row][vc_row][vc_column][\/vc_column][\/vc_row]<\/p>\n<\/div>","protected":false},"excerpt":{"rendered":"<p>[vc_row full_width=\u00a0\u00bbstretch_row\u00a0\u00bb css=\u00a0\u00bb.vc_custom_1493024475033{padding-top: 150px !important;padding-bottom: 150px !important;background-image: url(https:\/\/www.omniwood.be\/wp-content\/uploads\/2017\/04\/pexels-photo.jpg?id=1635) !important;background-position: center !important;background-repeat: no-repeat !important;background-size: cover !important;}\u00a0\u00bb][vc_column][\/vc_column][\/vc_row][vc_row content_placement=\u00a0\u00bbmiddle\u00a0\u00bb sbxs_bg_class=\u00a0\u00bbbg-light\u00a0\u00bb css=\u00a0\u00bb.vc_custom_1495097486302{margin-top: 10px !important;margin-bottom: 10px !important;padding-top: 20px !important;padding-right: 20px !important;padding-bottom: 20px !important;padding-left: 20px !important;}\u00a0\u00bb][vc_column width=\u00a0\u00bb1\/3&Prime;][vc_single_image source=\u00a0\u00bbexternal_link\u00a0\u00bb external_img_size=\u00a0\u00bb100&#215;100&Prime; alignment=\u00a0\u00bbcenter\u00a0\u00bb custom_src=\u00a0\u00bbhttps:\/\/www.omniwood.be\/wp-content\/themes\/sandbox\/images\/icons\/dak.svg\u00a0\u00bb][\/vc_column][vc_column width=\u00a0\u00bb2\/3&Prime;][vc_column_text css=\u00a0\u00bb.vc_custom_1520863575078{padding-bottom: 15px !important;}\u00a0\u00bb] Toits [\/vc_column_text][vc_column_text]Omni Wood a accumul\u00e9 une belle et longue histoire de constructions des toits dans la<\/p>\n","protected":false},"author":4,"featured_media":0,"parent":0,"menu_order":0,"comment_status":"closed","ping_status":"closed","template":"","meta":{"_acf_changed":false,"footnotes":""},"class_list":["post-2689","page","type-page","status-publish","hentry"],"acf":[],"_links":{"self":[{"href":"https:\/\/www.omniwood.be\/fr\/wp-json\/wp\/v2\/pages\/2689","targetHints":{"allow":["GET"]}}],"collection":[{"href":"https:\/\/www.omniwood.be\/fr\/wp-json\/wp\/v2\/pages"}],"about":[{"href":"https:\/\/www.omniwood.be\/fr\/wp-json\/wp\/v2\/types\/page"}],"author":[{"embeddable":true,"href":"https:\/\/www.omniwood.be\/fr\/wp-json\/wp\/v2\/users\/4"}],"replies":[{"embeddable":true,"href":"https:\/\/www.omniwood.be\/fr\/wp-json\/wp\/v2\/comments?post=2689"}],"version-history":[{"count":14,"href":"https:\/\/www.omniwood.be\/fr\/wp-json\/wp\/v2\/pages\/2689\/revisions"}],"predecessor-version":[{"id":2971,"href":"https:\/\/www.omniwood.be\/fr\/wp-json\/wp\/v2\/pages\/2689\/revisions\/2971"}],"wp:attachment":[{"href":"https:\/\/www.omniwood.be\/fr\/wp-json\/wp\/v2\/media?parent=2689"}],"curies":[{"name":"wp","href":"https:\/\/api.w.org\/{rel}","templated":true}]}}