
{"id":2690,"date":"2017-04-07T12:44:33","date_gmt":"2017-04-07T11:44:33","guid":{"rendered":"https:\/\/www.omniwood.be\/diensten\/"},"modified":"2018-03-19T10:30:03","modified_gmt":"2018-03-19T09:30:03","slug":"services","status":"publish","type":"page","link":"https:\/\/www.omniwood.be\/fr\/services\/","title":{"rendered":"Services"},"content":{"rendered":"<div class=\"wpb-content-wrapper\"><p>[vc_row full_width=\u00a0\u00bbstretch_row\u00a0\u00bb css=\u00a0\u00bb.vc_custom_1493024475033{padding-top: 150px !important;padding-bottom: 150px !important;background-image: url(https:\/\/www.omniwood.be\/wp-content\/uploads\/2017\/04\/pexels-photo.jpg?id=1635) !important;background-position: center !important;background-repeat: no-repeat !important;background-size: cover !important;}\u00a0\u00bb][vc_column][\/vc_column][\/vc_row][vc_row sbxs_bg_class=\u00a0\u00bbbg-dark\u00a0\u00bb sbxs_headings_class=\u00a0\u00bbheadings-light\u00a0\u00bb sbxs_text_class=\u00a0\u00bbtext-light\u00a0\u00bb css=\u00a0\u00bb.vc_custom_1495095391206{margin-top: 50px !important;margin-bottom: 20px !important;}\u00a0\u00bb][vc_column width=\u00a0\u00bb1\/2&Prime;][vc_single_image image=\u00a0\u00bb1838&Prime; img_size=\u00a0\u00bbfull\u00a0\u00bb][\/vc_column][vc_column width=\u00a0\u00bb1\/2&Prime;][\/vc_column][\/vc_row][vc_row content_placement=\u00a0\u00bbmiddle\u00a0\u00bb sbxs_bg_class=\u00a0\u00bbbg-light\u00a0\u00bb css=\u00a0\u00bb.vc_custom_1495097486302{margin-top: 10px !important;margin-bottom: 10px !important;padding-top: 20px !important;padding-right: 20px !important;padding-bottom: 20px !important;padding-left: 20px !important;}\u00a0\u00bb][vc_column width=\u00a0\u00bb1\/4&Prime;][vc_single_image source=\u00a0\u00bbexternal_link\u00a0\u00bb external_img_size=\u00a0\u00bb100&#215;100&Prime; alignment=\u00a0\u00bbcenter\u00a0\u00bb onclick=\u00a0\u00bbcustom_link\u00a0\u00bb custom_src=\u00a0\u00bbhttps:\/\/www.omniwood.be\/wp-content\/themes\/sandbox\/images\/icons\/dak.svg\u00a0\u00bb link=\u00a0\u00bb\/diensten\/daken\/\u00a0\u00bb][\/vc_column][vc_column width=\u00a0\u00bb1\/2&Prime;][vc_column_text css=\u00a0\u00bb.vc_custom_1520863651072{padding-bottom: 15px !important;}\u00a0\u00bb]<\/p>\n<h2 style=\"text-align: left;\">Toits<\/h2>\n<p>[\/vc_column_text][vc_column_text]Le toit au-dessus de votre t\u00eate doit \u00eatre parfait ! Qu\u2019il s\u2019agisse d\u2019une nouvelle construction ou d\u2019un toit \u00e0 r\u00e9nover, qu\u2019il s\u2019agisse de toit inclin\u00e9 ou de toit plat, OMNI WOOD est pr\u00eat pour votre placement. Un conseil ; le toit inclin\u00e9 avec des fermes <a href=\"https:\/\/www.omniwood.be\/fr\/services\/fermes-de-toit-prefabriquees\/\" target=\"_blank\" rel=\"noopener\">OMNI TRUSS<\/a> pr\u00e9fabriqu\u00e9es, con\u00e7u et produit par nos propres \u00e9quipes.[\/vc_column_text][vc_separator css=\u00a0\u00bb.vc_custom_1495097361731{padding-top: 10px !important;padding-bottom: 10px !important;}\u00a0\u00bb][\/vc_column][vc_column width=\u00a0\u00bb1\/4&Prime;][vc_single_image image=\u00a0\u00bb2325&Prime; img_size=\u00a0\u00bb400&#215;250&Prime; alignment=\u00a0\u00bbcenter\u00a0\u00bb onclick=\u00a0\u00bbcustom_link\u00a0\u00bb link=\u00a0\u00bb\/fr\/toits\u00a0\u00bb][vc_empty_space height=\u00a0\u00bb15&Prime;]\t\t\t<p class=\" text-center button-p-wrap \">\n\t\t\t\t<a href=\"\/fr\/services\/toits\/\" class=\"button outlined  big\" target=\"\">en savoir plus<\/a>\t\n\t\t\t<\/p>\n\t\t\t[\/vc_column][\/vc_row][vc_row content_placement=\u00a0\u00bbmiddle\u00a0\u00bb sbxs_bg_class=\u00a0\u00bbbg-light\u00a0\u00bb css=\u00a0\u00bb.vc_custom_1495097486302{margin-top: 10px !important;margin-bottom: 10px !important;padding-top: 20px !important;padding-right: 20px !important;padding-bottom: 20px !important;padding-left: 20px !important;}\u00a0\u00bb][vc_column width=\u00a0\u00bb1\/4&Prime;][vc_single_image source=\u00a0\u00bbexternal_link\u00a0\u00bb external_img_size=\u00a0\u00bb100&#215;100&Prime; alignment=\u00a0\u00bbcenter\u00a0\u00bb onclick=\u00a0\u00bbcustom_link\u00a0\u00bb custom_src=\u00a0\u00bbhttps:\/\/www.omniwood.be\/wp-content\/themes\/sandbox\/images\/icons\/gevel.svg\u00a0\u00bb link=\u00a0\u00bb\/diensten\/gevelbekleding\/\u00a0\u00bb][\/vc_column][vc_column width=\u00a0\u00bb1\/2&Prime;][vc_column_text css=\u00a0\u00bb.vc_custom_1520954821707{padding-bottom: 15px !important;}\u00a0\u00bb]<\/p>\n<h2 style=\"text-align: left;\">Rev\u00eatement de facade<\/h2>\n<p>[\/vc_column_text][vc_column_text]OMNI WOOD propose l&rsquo;installation d&rsquo;une gamme vari\u00e9e de parements ventil\u00e9s en bois massif et\/ou en panneaux pleins. C&rsquo;est une solution id\u00e9ale en combinaison avec une post-isolation sur l&rsquo;ext\u00e9rieur d&rsquo;un b\u00e2timent existant, mais peut \u00e9galement \u00eatre parfaitement plac\u00e9 sur de nouvelles maisons, que ce soit en ossature en bois ou non. De cette fa\u00e7on, nous avons d\u00e9j\u00e0 couvert plusieurs fa\u00e7ades avec les planches en bois de VETEDY et leur syst\u00e8me de fixation invisible Techniclic\u00ae. Les plaques pleines TRESPA\u00ae offrent la possibilit\u00e9 de cr\u00e9er des accents innovants sur votre fa\u00e7ade.[\/vc_column_text][vc_separator css=\u00a0\u00bb.vc_custom_1495097361731{padding-top: 10px !important;padding-bottom: 10px !important;}\u00a0\u00bb][\/vc_column][vc_column width=\u00a0\u00bb1\/4&Prime;][vc_single_image image=\u00a0\u00bb1970&Prime; img_size=\u00a0\u00bb400&#215;250&Prime; alignment=\u00a0\u00bbcenter\u00a0\u00bb onclick=\u00a0\u00bbcustom_link\u00a0\u00bb link=\u00a0\u00bb\/fr\/services\/revetement-de-facade-vetedy-trespa\u00a0\u00bb][vc_empty_space height=\u00a0\u00bb15&Prime;]\t\t\t<p class=\" text-center button-p-wrap \">\n\t\t\t\t<a href=\"\/fr\/services\/revetement-de-facade-vetedy-trespa\/\" class=\"button outlined  big\" target=\"\">en savoir plus<\/a>\t\n\t\t\t<\/p>\n\t\t\t[\/vc_column][\/vc_row][vc_row content_placement=\u00a0\u00bbmiddle\u00a0\u00bb sbxs_bg_class=\u00a0\u00bbbg-light\u00a0\u00bb css=\u00a0\u00bb.vc_custom_1495097486302{margin-top: 10px !important;margin-bottom: 10px !important;padding-top: 20px !important;padding-right: 20px !important;padding-bottom: 20px !important;padding-left: 20px !important;}\u00a0\u00bb][vc_column width=\u00a0\u00bb1\/4&Prime;][vc_single_image source=\u00a0\u00bbexternal_link\u00a0\u00bb external_img_size=\u00a0\u00bb100&#215;100&Prime; alignment=\u00a0\u00bbcenter\u00a0\u00bb onclick=\u00a0\u00bbcustom_link\u00a0\u00bb custom_src=\u00a0\u00bbhttps:\/\/www.omniwood.be\/wp-content\/themes\/sandbox\/images\/icons\/002-drawers.svg\u00a0\u00bb link=\u00a0\u00bb\/diensten\/maat-en-inbouwkasten\/\u00a0\u00bb][\/vc_column][vc_column width=\u00a0\u00bb1\/2&Prime;][vc_column_text css=\u00a0\u00bb.vc_custom_1520954855287{padding-bottom: 15px !important;}\u00a0\u00bb]<\/p>\n<h2 style=\"text-align: left;\">Mobiliers sur mesure &#8211; encastr\u00e9s<\/h2>\n<p>[\/vc_column_text][vc_column_text]La production d&rsquo;armoires sur mesure et de dressing a \u00e9t\u00e9 la premi\u00e8re activit\u00e9 principale avec laquelle OMNI WOOD a d\u00e9but\u00e9 il y a 20 ans. Les possibilit\u00e9s ici sont infinies. Nous offrons l\u00e0 \u00e9galement une valeur ajout\u00e9e pour les clients avec un toit Omni Wood, pour lesquels nous nous occupons de l&rsquo;installation de placards dans le grenier afin de cr\u00e9er un ensemble parfait en termes de durabilit\u00e9 et de fonctionnalit\u00e9 ; en particulier si un toit <a href=\"https:\/\/www.omniwood.be\/fr\/services\/fermes-de-toit-prefabriquees\/\" target=\"_blank\" rel=\"noopener\">OMNI TRUSS<\/a> est choisi.[\/vc_column_text][vc_separator css=\u00a0\u00bb.vc_custom_1495097361731{padding-top: 10px !important;padding-bottom: 10px !important;}\u00a0\u00bb][\/vc_column][vc_column width=\u00a0\u00bb1\/4&Prime;][vc_single_image image=\u00a0\u00bb1972&Prime; img_size=\u00a0\u00bb400&#215;250&Prime; alignment=\u00a0\u00bbcenter\u00a0\u00bb onclick=\u00a0\u00bbcustom_link\u00a0\u00bb link=\u00a0\u00bb\/fr\/services\/mobiliers-sur-mesure-encastres\/\u00a0\u00bb][vc_empty_space height=\u00a0\u00bb15&Prime;]\t\t\t<p class=\" text-center button-p-wrap \">\n\t\t\t\t<a href=\"\/fr\/services\/mobiliers-sur-mesure-encastres\/\" class=\"button outlined  big\" target=\"\">en savoir plus<\/a>\t\n\t\t\t<\/p>\n\t\t\t[\/vc_column][\/vc_row][vc_row content_placement=\u00a0\u00bbmiddle\u00a0\u00bb sbxs_bg_class=\u00a0\u00bbbg-light\u00a0\u00bb css=\u00a0\u00bb.vc_custom_1495097486302{margin-top: 10px !important;margin-bottom: 10px !important;padding-top: 20px !important;padding-right: 20px !important;padding-bottom: 20px !important;padding-left: 20px !important;}\u00a0\u00bb][vc_column width=\u00a0\u00bb1\/4&Prime;][vc_single_image source=\u00a0\u00bbexternal_link\u00a0\u00bb external_img_size=\u00a0\u00bb100&#215;100&Prime; alignment=\u00a0\u00bbcenter\u00a0\u00bb onclick=\u00a0\u00bbcustom_link\u00a0\u00bb custom_src=\u00a0\u00bbhttps:\/\/www.omniwood.be\/wp-content\/themes\/sandbox\/images\/icons\/skelet.svg\u00a0\u00bb link=\u00a0\u00bb\/diensten\/houtskelet\/\u00a0\u00bb][\/vc_column][vc_column width=\u00a0\u00bb1\/2&Prime;][vc_column_text css=\u00a0\u00bb.vc_custom_1520954869678{padding-bottom: 15px !important;}\u00a0\u00bb]<\/p>\n<h2 style=\"text-align: left;\">Ossature bois<\/h2>\n<p>[\/vc_column_text][vc_column_text]En ce qui concerne la durabilit\u00e9 et le confort, les maisons \u00e0 ossature bois, ne font pas le poids. Ces maisons sont ignifuges, m\u00eame s\u2019il y a encore trop de contradictions \u00e0 ce sujet. L&rsquo;atelier OMNI WOOD s&rsquo;occupe de la production de maisons compl\u00e8tes en ossature bois. Les murs sont ensuite transport\u00e9s sur le chantier \u00e0 l&rsquo;aide d&rsquo;une remorque t\u00e9lescopique sp\u00e9ciale. Le b\u00e2timent est assembl\u00e9 en un rien de temps, parfois en seulement 3 jours pour une petite maison. La production de murs pour les entrepreneurs est \u00e9galement une possibilit\u00e9.[\/vc_column_text][vc_separator css=\u00a0\u00bb.vc_custom_1495097361731{padding-top: 10px !important;padding-bottom: 10px !important;}\u00a0\u00bb][\/vc_column][vc_column width=\u00a0\u00bb1\/4&Prime;][vc_single_image image=\u00a0\u00bb1891&Prime; img_size=\u00a0\u00bb400&#215;250&Prime; alignment=\u00a0\u00bbcenter\u00a0\u00bb onclick=\u00a0\u00bbcustom_link\u00a0\u00bb link=\u00a0\u00bb\/fr\/ossature-bois\u00a0\u00bb][vc_empty_space height=\u00a0\u00bb15&Prime;]\t\t\t<p class=\" text-center button-p-wrap \">\n\t\t\t\t<a href=\"\/fr\/services\/ossature-bois\/\" class=\"button outlined  big\" target=\"\">en savoir plus<\/a>\t\n\t\t\t<\/p>\n\t\t\t[\/vc_column][\/vc_row][vc_row content_placement=\u00a0\u00bbmiddle\u00a0\u00bb sbxs_bg_class=\u00a0\u00bbbg-light\u00a0\u00bb css=\u00a0\u00bb.vc_custom_1495097486302{margin-top: 10px !important;margin-bottom: 10px !important;padding-top: 20px !important;padding-right: 20px !important;padding-bottom: 20px !important;padding-left: 20px !important;}\u00a0\u00bb][vc_column width=\u00a0\u00bb1\/4&Prime;][vc_single_image source=\u00a0\u00bbexternal_link\u00a0\u00bb external_img_size=\u00a0\u00bb100&#215;100&Prime; alignment=\u00a0\u00bbcenter\u00a0\u00bb onclick=\u00a0\u00bbcustom_link\u00a0\u00bb custom_src=\u00a0\u00bbhttps:\/\/www.omniwood.be\/wp-content\/themes\/sandbox\/images\/icons\/005-home.svg\u00a0\u00bb link=\u00a0\u00bb\/diensten\/inblaasisolatie\u00a0\u00bb][\/vc_column][vc_column width=\u00a0\u00bb1\/2&Prime;][vc_column_text css=\u00a0\u00bb.vc_custom_1520954891519{padding-bottom: 15px !important;}\u00a0\u00bb]<\/p>\n<h2 style=\"text-align: left;\">Isolation insufl\u00e9e<\/h2>\n<p>[\/vc_column_text][vc_column_text]L&rsquo;insufflage des toits et des murs \u00e0 ossature en bois avec des fibres de bois comme mat\u00e9riau d&rsquo;isolation fait partie int\u00e9grante de nos activit\u00e9s en tant qu&rsquo;entreprise principale. Ce service est \u00e9galement disponible pour d&rsquo;autres entrepreneurs ou constructeurs qui travaillent avec d&rsquo;autres professionels pour leur toit ou leur charpente en bois. Les fibres de bois sont 100% \u00e9cologiques et sont un bon isolant, donc l&rsquo;environnement gagne deux fois. De plus, ces travaux se d\u00e9roulent tr\u00e8s vite; en moins d&rsquo;une journ\u00e9e le toit d&rsquo;un b\u00e2timent peut \u00eatre isol\u00e9 avec une \u00e9quipe de 2 professionnels. Par souci de clart\u00e9 : cette technique n&rsquo;a rien \u00e0 voir avec le soufflage des parois de la cavit\u00e9.[\/vc_column_text][vc_separator css=\u00a0\u00bb.vc_custom_1495097361731{padding-top: 10px !important;padding-bottom: 10px !important;}\u00a0\u00bb][\/vc_column][vc_column width=\u00a0\u00bb1\/4&Prime;][vc_single_image image=\u00a0\u00bb1806&Prime; img_size=\u00a0\u00bb400&#215;250&Prime; alignment=\u00a0\u00bbcenter\u00a0\u00bb onclick=\u00a0\u00bbcustom_link\u00a0\u00bb link=\u00a0\u00bb\/fr\/isolation-insuflee\u00a0\u00bb][vc_empty_space height=\u00a0\u00bb15&Prime;]\t\t\t<p class=\" text-center button-p-wrap \">\n\t\t\t\t<a href=\"\/fr\/services\/isolation-insuflee\" class=\"button outlined  big\" target=\"\">en savoir plus<\/a>\t\n\t\t\t<\/p>\n\t\t\t[\/vc_column][\/vc_row][vc_row sbxs_bg_class=\u00a0\u00bbbg-dark\u00a0\u00bb sbxs_headings_class=\u00a0\u00bbheadings-light\u00a0\u00bb sbxs_text_class=\u00a0\u00bbtext-light\u00a0\u00bb css=\u00a0\u00bb.vc_custom_1495095391206{margin-top: 50px !important;margin-bottom: 20px !important;}\u00a0\u00bb][vc_column width=\u00a0\u00bb1\/2&Prime;][vc_single_image image=\u00a0\u00bb1839&Prime; img_size=\u00a0\u00bbfull\u00a0\u00bb][\/vc_column][vc_column width=\u00a0\u00bb1\/2&Prime;][\/vc_column][\/vc_row][vc_row content_placement=\u00a0\u00bbmiddle\u00a0\u00bb sbxs_bg_class=\u00a0\u00bbbg-light\u00a0\u00bb css=\u00a0\u00bb.vc_custom_1495097486302{margin-top: 10px !important;margin-bottom: 10px !important;padding-top: 20px !important;padding-right: 20px !important;padding-bottom: 20px !important;padding-left: 20px !important;}\u00a0\u00bb][vc_column width=\u00a0\u00bb1\/4&Prime;][vc_single_image source=\u00a0\u00bbexternal_link\u00a0\u00bb external_img_size=\u00a0\u00bb100&#215;100&Prime; alignment=\u00a0\u00bbcenter\u00a0\u00bb onclick=\u00a0\u00bbcustom_link\u00a0\u00bb custom_src=\u00a0\u00bbhttps:\/\/www.omniwood.be\/wp-content\/themes\/sandbox\/images\/icons\/dakspanten.svg\u00a0\u00bb link=\u00a0\u00bb\/diensten\/prefab-dakspanten\/\u00a0\u00bb][\/vc_column][vc_column width=\u00a0\u00bb1\/2&Prime;][vc_column_text css=\u00a0\u00bb.vc_custom_1520954928661{padding-bottom: 15px !important;}\u00a0\u00bb]<\/p>\n<h2 style=\"text-align: left;\">Fermes de toit pr\u00e9fabriqu\u00e9es<\/h2>\n<p>[\/vc_column_text][vc_column_text]Les fermes de toit pr\u00e9fabriqu\u00e9es OMNI TRUSS sont le fruit d&rsquo;ann\u00e9es d&rsquo;exp\u00e9rience et d&rsquo;une recherche constante de la construction id\u00e9ale du toit. \u00c0 l&rsquo;aide d&rsquo;un logiciel sp\u00e9cial et d&rsquo;un processus de production semi-automatique, nous fabriquons votre toit rapidement, efficacement et avec pr\u00e9cision. Les fermes sont disponibles en emballage et peuvent \u00eatre fournies \u00e0 d&rsquo;autres couvreurs, ou constructeurs qui travaillent avec d&rsquo;autres entrepreneurs ou d&rsquo;autres clients.[\/vc_column_text][vc_separator css=\u00a0\u00bb.vc_custom_1495097361731{padding-top: 10px !important;padding-bottom: 10px !important;}\u00a0\u00bb][\/vc_column][vc_column width=\u00a0\u00bb1\/4&Prime;][vc_single_image image=\u00a0\u00bb1951&Prime; img_size=\u00a0\u00bb400&#215;250&Prime; alignment=\u00a0\u00bbcenter\u00a0\u00bb onclick=\u00a0\u00bbcustom_link\u00a0\u00bb link=\u00a0\u00bb\/fr\/fermes-de-toit-prefabriquees\u00a0\u00bb][vc_empty_space height=\u00a0\u00bb15&Prime;]\t\t\t<p class=\" text-center button-p-wrap \">\n\t\t\t\t<a href=\"\/fr\/services\/fermes-de-toit-prefabriquees\/\" class=\"button outlined  big\" target=\"\">en savoir plus<\/a>\t\n\t\t\t<\/p>\n\t\t\t[\/vc_column][\/vc_row][vc_row content_placement=\u00a0\u00bbmiddle\u00a0\u00bb sbxs_bg_class=\u00a0\u00bbbg-light\u00a0\u00bb css=\u00a0\u00bb.vc_custom_1495097486302{margin-top: 10px !important;margin-bottom: 10px !important;padding-top: 20px !important;padding-right: 20px !important;padding-bottom: 20px !important;padding-left: 20px !important;}\u00a0\u00bb][vc_column width=\u00a0\u00bb1\/4&Prime;][vc_single_image source=\u00a0\u00bbexternal_link\u00a0\u00bb external_img_size=\u00a0\u00bb100&#215;100&Prime; alignment=\u00a0\u00bbcenter\u00a0\u00bb onclick=\u00a0\u00bbcustom_link\u00a0\u00bb custom_src=\u00a0\u00bbhttps:\/\/www.omniwood.be\/wp-content\/themes\/sandbox\/images\/icons\/004-sign.svg\u00a0\u00bb link=\u00a0\u00bb\/diensten\/ecologische-isolatie\u00a0\u00bb][\/vc_column][vc_column width=\u00a0\u00bb1\/2&Prime;][vc_column_text css=\u00a0\u00bb.vc_custom_1520955060095{padding-bottom: 15px !important;}\u00a0\u00bb]<\/p>\n<h2 style=\"text-align: left;\">Isolation \u00e9cologique<\/h2>\n<p>[\/vc_column_text][vc_column_text]OMNI WOOD est un ardent d\u00e9fenseur des mat\u00e9riaux de construction \u00e9cologiques et nous encourageons donc l&rsquo;utilisation de ces mat\u00e9riaux par le client dans le cadre de son projet. En tant que partenaire privil\u00e9gi\u00e9 de <a href=\"http:\/\/gutex-benelux.eu\/fr\/home\/\" target=\"_blank\" rel=\"noopener\">GUTEX<\/a>\u00ae, vous pouvez \u00e9galement nous contacter pour l&rsquo;achat de tous <a href=\"http:\/\/gutex-benelux.eu\/fr\/notre-gamme\/produits\/\" target=\"_blank\" rel=\"noopener\">les produits de la gamme<\/a>[\/vc_column_text][vc_separator css=\u00a0\u00bb.vc_custom_1495097361731{padding-top: 10px !important;padding-bottom: 10px !important;}\u00a0\u00bb][\/vc_column][vc_column width=\u00a0\u00bb1\/4&Prime;][vc_single_image image=\u00a0\u00bb1968&Prime; img_size=\u00a0\u00bb400&#215;250&Prime; alignment=\u00a0\u00bbcenter\u00a0\u00bb onclick=\u00a0\u00bbcustom_link\u00a0\u00bb link=\u00a0\u00bb\/fr\/gutex-isolation-ecologique\u00a0\u00bb][vc_empty_space height=\u00a0\u00bb15&Prime;]\t\t\t<p class=\" text-center button-p-wrap \">\n\t\t\t\t<a href=\"\/fr\/services\/gutex-isolation-ecologique\/\" class=\"button outlined  big\" target=\"\">en savoir plus<\/a>\t\n\t\t\t<\/p>\n\t\t\t[\/vc_column][\/vc_row][vc_row content_placement=\u00a0\u00bbmiddle\u00a0\u00bb sbxs_bg_class=\u00a0\u00bbbg-light\u00a0\u00bb css=\u00a0\u00bb.vc_custom_1495097486302{margin-top: 10px !important;margin-bottom: 10px !important;padding-top: 20px !important;padding-right: 20px !important;padding-bottom: 20px !important;padding-left: 20px !important;}\u00a0\u00bb][vc_column width=\u00a0\u00bb1\/4&Prime;][vc_single_image source=\u00a0\u00bbexternal_link\u00a0\u00bb external_img_size=\u00a0\u00bb100&#215;100&Prime; alignment=\u00a0\u00bbcenter\u00a0\u00bb onclick=\u00a0\u00bbcustom_link\u00a0\u00bb custom_src=\u00a0\u00bbhttps:\/\/www.omniwood.be\/wp-content\/themes\/sandbox\/images\/icons\/003-kitchen.svg\u00a0\u00bb link=\u00a0\u00bb\/diensten\/Interieurbekleding\u00a0\u00bb][\/vc_column][vc_column width=\u00a0\u00bb1\/2&Prime;][vc_column_text css=\u00a0\u00bb.vc_custom_1520955121668{padding-bottom: 15px !important;}\u00a0\u00bb]<\/p>\n<h2 style=\"text-align: left;\">Parement mural int\u00e9rieur<\/h2>\n<p>[\/vc_column_text][vc_column_text]Notre d\u00e9partement d\u2019int\u00e9rieur offre une vaste s\u00e9lection de panneaux muraux en bois uniques. R\u00e9alis\u00e9s avec des types de bois nouveaux et\/ou recycl\u00e9s et certifi\u00e9s <a href=\"http:\/\/www.fsc.be\/fr-be\" target=\"_blank\" rel=\"noopener\">FSC<\/a>, il s\u2019agit l\u00e0 d\u2019un vrai travail artisanal. En collaboration avec notre partenaire <a href=\"http:\/\/woodenwalldesign.com\/en\/\" target=\"_blank\" rel=\"noopener\">WOODEN WALL DESIGN<\/a>, situ\u00e9 en Lettonie dans le foret Baltique, nous offrons <a href=\"http:\/\/woodenwalldesign.com\/en\/solid_panels\/\" target=\"_blank\" rel=\"noopener\">20 designs<\/a> qui donnent \u00e0 l&rsquo;int\u00e9rieur une touche chaleureuse et exclusive.[\/vc_column_text][vc_separator css=\u00a0\u00bb.vc_custom_1495097361731{padding-top: 10px !important;padding-bottom: 10px !important;}\u00a0\u00bb][\/vc_column][vc_column width=\u00a0\u00bb1\/4&Prime;][vc_single_image image=\u00a0\u00bb1922&Prime; img_size=\u00a0\u00bb400&#215;250&Prime; alignment=\u00a0\u00bbcenter\u00a0\u00bb onclick=\u00a0\u00bbcustom_link\u00a0\u00bb link=\u00a0\u00bb\/fr\/parement-mural-interieur\u00a0\u00bb][vc_empty_space height=\u00a0\u00bb15&Prime;]\t\t\t<p class=\" text-center button-p-wrap \">\n\t\t\t\t<a href=\"\/fr\/services\/parement-mural-interieur\/\" class=\"button outlined  big\" target=\"\">en savoir plus<\/a>\t\n\t\t\t<\/p>\n\t\t\t[\/vc_column][\/vc_row][vc_row content_placement=\u00a0\u00bbmiddle\u00a0\u00bb sbxs_bg_class=\u00a0\u00bbbg-light\u00a0\u00bb css=\u00a0\u00bb.vc_custom_1495097486302{margin-top: 10px !important;margin-bottom: 10px !important;padding-top: 20px !important;padding-right: 20px !important;padding-bottom: 20px !important;padding-left: 20px !important;}\u00a0\u00bb][vc_column width=\u00a0\u00bb1\/4&Prime;][vc_single_image source=\u00a0\u00bbexternal_link\u00a0\u00bb external_img_size=\u00a0\u00bb100&#215;100&Prime; alignment=\u00a0\u00bbcenter\u00a0\u00bb onclick=\u00a0\u00bbcustom_link\u00a0\u00bb custom_src=\u00a0\u00bbhttps:\/\/www.omniwood.be\/wp-content\/themes\/sandbox\/images\/icons\/001-crane.svg\u00a0\u00bb link=\u00a0\u00bb\/diensten\/machine-verhuur\u00a0\u00bb][\/vc_column][vc_column width=\u00a0\u00bb1\/2&Prime;][vc_column_text css=\u00a0\u00bb.vc_custom_1520955137882{padding-bottom: 15px !important;}\u00a0\u00bb]<\/p>\n<h2>Location de machines<\/h2>\n<p>[\/vc_column_text][vc_column_text]Location d\u2019une grue-plateforme <a href=\"https:\/\/www.manitou.com\/fr\/p\/UtU6OwEAAKQi6CoB\" target=\"_blank\" rel=\"noopener\"><strong>Manitou MRT 2540<\/strong><\/a>, d\u2019une nacelle <a href=\"https:\/\/www.manitou.com\/fr\/p\/UtVFiwEAAFMztIy3\" target=\"_blank\" rel=\"noopener\"><strong>Manitou ATJ+ 160 <\/strong><\/a>et d\u2019une grue \u00e0 tour <a href=\"https:\/\/www.manitowoccranes.com\/fr-FR\/cranes\/potain\/self-erecting\/igo-self-erecting\/igo-18\" target=\"_blank\" rel=\"noopener\"><strong>Potain Igo 18<\/strong><\/a>.[\/vc_column_text][vc_separator css=\u00a0\u00bb.vc_custom_1495097361731{padding-top: 10px !important;padding-bottom: 10px !important;}\u00a0\u00bb][\/vc_column][vc_column width=\u00a0\u00bb1\/4&Prime;][vc_single_image image=\u00a0\u00bb1918&Prime; img_size=\u00a0\u00bb400&#215;250&Prime; alignment=\u00a0\u00bbcenter\u00a0\u00bb onclick=\u00a0\u00bbcustom_link\u00a0\u00bb link=\u00a0\u00bb\/fr\/location-de-machines\u00a0\u00bb][vc_empty_space height=\u00a0\u00bb15&Prime;]\t\t\t<p class=\" text-center button-p-wrap \">\n\t\t\t\t<a href=\"\/fr\/services\/location-de-machines\/\" class=\"button outlined  big\" target=\"\">en savoir plus<\/a>\t\n\t\t\t<\/p>\n\t\t\t[\/vc_column][\/vc_row][vc_row content_placement=\u00a0\u00bbmiddle\u00a0\u00bb parallax=\u00a0\u00bbcontent-moving\u00a0\u00bb parallax_image=\u00a0\u00bb1696&Prime; parallax_speed_bg=\u00a0\u00bb2&Prime; sbxs_bg_class=\u00a0\u00bbbg-primary\u00a0\u00bb sbxs_headings_class=\u00a0\u00bbheadings-white\u00a0\u00bb sbxs_text_class=\u00a0\u00bbtext-white\u00a0\u00bb css=\u00a0\u00bb.vc_custom_1493024084092{margin-top: 40px !important;margin-bottom: 40px !important;padding-top: 40px !important;padding-right: 40px !important;padding-bottom: 40px !important;padding-left: 40px !important;}\u00a0\u00bb][vc_column width=\u00a0\u00bb2\/3&Prime;][vc_empty_space height=\u00a0\u00bb10&Prime;][vc_column_text]<\/p>\n<h3>Pouvons-nous vous aider?<\/h3>\n<p>[\/vc_column_text][vc_separator color=\u00a0\u00bbwhite\u00a0\u00bb align=\u00a0\u00bbalign_left\u00a0\u00bb el_width=\u00a0\u00bb10&Prime; css=\u00a0\u00bb.vc_custom_1493023752200{padding-top: 15px !important;padding-bottom: 15px !important;}\u00a0\u00bb][vc_column_text]Vous avez une question? Nous sommes \u00e0 votre disposition.<\/p>\n<p>Vous avez une suggestion? Nous vous \u00e9coutons aussi avec plaisir.[\/vc_column_text][\/vc_column][vc_column width=\u00a0\u00bb1\/3&Prime;]\t\t\t<p class=\" text-right button-p-wrap \">\n\t\t\t\t<a href=\"\/fr\/contact\" class=\"button outlined white big\" target=\"\">Contactez-nous<\/a>\t\n\t\t\t<\/p>\n\t\t\t[\/vc_column][\/vc_row]<\/p>\n<\/div>","protected":false},"excerpt":{"rendered":"<p>[vc_row full_width=\u00a0\u00bbstretch_row\u00a0\u00bb css=\u00a0\u00bb.vc_custom_1493024475033{padding-top: 150px !important;padding-bottom: 150px !important;background-image: url(https:\/\/www.omniwood.be\/wp-content\/uploads\/2017\/04\/pexels-photo.jpg?id=1635) !important;background-position: center !important;background-repeat: no-repeat !important;background-size: cover !important;}\u00a0\u00bb][vc_column][\/vc_column][\/vc_row][vc_row sbxs_bg_class=\u00a0\u00bbbg-dark\u00a0\u00bb sbxs_headings_class=\u00a0\u00bbheadings-light\u00a0\u00bb sbxs_text_class=\u00a0\u00bbtext-light\u00a0\u00bb css=\u00a0\u00bb.vc_custom_1495095391206{margin-top: 50px !important;margin-bottom: 20px !important;}\u00a0\u00bb][vc_column width=\u00a0\u00bb1\/2&Prime;][vc_single_image image=\u00a0\u00bb1838&Prime; img_size=\u00a0\u00bbfull\u00a0\u00bb][\/vc_column][vc_column width=\u00a0\u00bb1\/2&Prime;][\/vc_column][\/vc_row][vc_row content_placement=\u00a0\u00bbmiddle\u00a0\u00bb sbxs_bg_class=\u00a0\u00bbbg-light\u00a0\u00bb css=\u00a0\u00bb.vc_custom_1495097486302{margin-top: 10px !important;margin-bottom: 10px !important;padding-top: 20px !important;padding-right: 20px !important;padding-bottom: 20px !important;padding-left: 20px !important;}\u00a0\u00bb][vc_column width=\u00a0\u00bb1\/4&Prime;][vc_single_image source=\u00a0\u00bbexternal_link\u00a0\u00bb external_img_size=\u00a0\u00bb100&#215;100&Prime; alignment=\u00a0\u00bbcenter\u00a0\u00bb onclick=\u00a0\u00bbcustom_link\u00a0\u00bb custom_src=\u00a0\u00bbhttps:\/\/www.omniwood.be\/wp-content\/themes\/sandbox\/images\/icons\/dak.svg\u00a0\u00bb link=\u00a0\u00bb\/diensten\/daken\/\u00a0\u00bb][\/vc_column][vc_column width=\u00a0\u00bb1\/2&Prime;][vc_column_text css=\u00a0\u00bb.vc_custom_1520863651072{padding-bottom: 15px !important;}\u00a0\u00bb] Toits [\/vc_column_text][vc_column_text]Le<\/p>\n","protected":false},"author":4,"featured_media":0,"parent":0,"menu_order":0,"comment_status":"closed","ping_status":"closed","template":"","meta":{"_acf_changed":false,"footnotes":""},"class_list":["post-2690","page","type-page","status-publish","hentry"],"acf":[],"_links":{"self":[{"href":"https:\/\/www.omniwood.be\/fr\/wp-json\/wp\/v2\/pages\/2690","targetHints":{"allow":["GET"]}}],"collection":[{"href":"https:\/\/www.omniwood.be\/fr\/wp-json\/wp\/v2\/pages"}],"about":[{"href":"https:\/\/www.omniwood.be\/fr\/wp-json\/wp\/v2\/types\/page"}],"author":[{"embeddable":true,"href":"https:\/\/www.omniwood.be\/fr\/wp-json\/wp\/v2\/users\/4"}],"replies":[{"embeddable":true,"href":"https:\/\/www.omniwood.be\/fr\/wp-json\/wp\/v2\/comments?post=2690"}],"version-history":[{"count":33,"href":"https:\/\/www.omniwood.be\/fr\/wp-json\/wp\/v2\/pages\/2690\/revisions"}],"predecessor-version":[{"id":2970,"href":"https:\/\/www.omniwood.be\/fr\/wp-json\/wp\/v2\/pages\/2690\/revisions\/2970"}],"wp:attachment":[{"href":"https:\/\/www.omniwood.be\/fr\/wp-json\/wp\/v2\/media?parent=2690"}],"curies":[{"name":"wp","href":"https:\/\/api.w.org\/{rel}","templated":true}]}}