
{"id":2692,"date":"2017-05-02T16:01:57","date_gmt":"2017-05-02T15:01:57","guid":{"rendered":"https:\/\/www.omniwood.be\/gutex-ecologische-isolatie\/"},"modified":"2018-03-19T10:40:27","modified_gmt":"2018-03-19T09:40:27","slug":"gutex-isolation-ecologique","status":"publish","type":"page","link":"https:\/\/www.omniwood.be\/fr\/gutex-isolation-ecologique\/","title":{"rendered":"Isolation \u00e9cologique"},"content":{"rendered":"<div class=\"wpb-content-wrapper\"><p>[vc_row full_width=\u00a0\u00bbstretch_row\u00a0\u00bb css=\u00a0\u00bb.vc_custom_1493024475033{padding-top: 150px !important;padding-bottom: 150px !important;background-image: url(https:\/\/www.omniwood.be\/wp-content\/uploads\/2017\/04\/pexels-photo.jpg?id=1635) !important;background-position: center !important;background-repeat: no-repeat !important;background-size: cover !important;}\u00a0\u00bb][vc_column][\/vc_column][\/vc_row][vc_row content_placement=\u00a0\u00bbmiddle\u00a0\u00bb sbxs_bg_class=\u00a0\u00bbbg-light\u00a0\u00bb css=\u00a0\u00bb.vc_custom_1495097486302{margin-top: 10px !important;margin-bottom: 10px !important;padding-top: 20px !important;padding-right: 20px !important;padding-bottom: 20px !important;padding-left: 20px !important;}\u00a0\u00bb][vc_column width=\u00a0\u00bb1\/4&Prime;][vc_single_image source=\u00a0\u00bbexternal_link\u00a0\u00bb external_img_size=\u00a0\u00bb100&#215;100&Prime; alignment=\u00a0\u00bbcenter\u00a0\u00bb custom_src=\u00a0\u00bbhttps:\/\/www.omniwood.be\/wp-content\/themes\/sandbox\/images\/icons\/004-sign.svg\u00a0\u00bb][\/vc_column][vc_column width=\u00a0\u00bb1\/2&Prime;][vc_column_text css=\u00a0\u00bb.vc_custom_1521018121945{padding-bottom: 15px !important;}\u00a0\u00bb]<\/p>\n<h2 style=\"text-align: left;\">Isolation \u00e9cologique<\/h2>\n<p>[\/vc_column_text][vc_column_text sbxs_titlesize_class=\u00a0\u00bb\u00a0\u00bb]Nous sommes partisans majeur de l\u2019isolation \u00e9cologique. Notre r\u00f4le est donc de promouvoir l\u2019utilisation de ces mat\u00e9riaux par nos clients pour leurs projets. En tant que partenaire privil\u00e9gi\u00e9 de <a href=\"http:\/\/gutex-benelux.eu\/fr\/home\/\" target=\"_blank\" rel=\"noopener\">GUTEX<\/a>, vous pouvez nous contacter pour l\u2019achat de tous <a href=\"http:\/\/gutex-benelux.eu\/fr\/notre-gamme\/produits\/\" target=\"_blank\" rel=\"noopener\">les produits d\u2019isolation GUTEX<\/a>.[\/vc_column_text][vc_separator css=\u00a0\u00bb.vc_custom_1495097361731{padding-top: 10px !important;padding-bottom: 10px !important;}\u00a0\u00bb][\/vc_column][vc_column width=\u00a0\u00bb1\/4&Prime;][\/vc_column][\/vc_row][vc_row content_placement=\u00a0\u00bbtop\u00a0\u00bb sbxs_bg_class=\u00a0\u00bbbg-light\u00a0\u00bb css=\u00a0\u00bb.vc_custom_1515425244603{margin-top: 10px !important;margin-bottom: 10px !important;padding-top: 20px !important;padding-right: 20px !important;padding-bottom: 20px !important;padding-left: 20px !important;}\u00a0\u00bb][vc_column width=\u00a0\u00bb1\/3&Prime;][vc_column_text css=\u00a0\u00bb.vc_custom_1521013712353{padding-bottom: 15px !important;}\u00a0\u00bb]<\/p>\n<h2 style=\"text-align: left;\">Performance sup\u00e9rieure: experience the Gutex effect!<\/h2>\n<p>[\/vc_column_text][vc_column_text]En tant que l\u2019un des premiers installateurs de l\u2019isolation \u00e9cologique en Belgique, nous sommes mieux plac\u00e9s que quiconque pour appr\u00e9cier et promouvoir les qualit\u00e9s de l\u2019isolation GUTEX. Grace \u00e0 notre r\u00f4le de pionnier, nous pouvons offrir les produits GUTEX avec beaucoup d\u2019avantages \u00e0 d\u2019autres entreprises de construction, ouvriers de toiture ou autre parties int\u00e9ress\u00e9es.[\/vc_column_text][\/vc_column][vc_column width=\u00a0\u00bb1\/3&Prime;][vc_column_text]Les produits Gutex sont polyvalents et peuvent \u00eatre utilis\u00e9s aussi bien dans la construction neuve que dans la r\u00e9novation, cliquez si-dessous:[\/vc_column_text][vc_separator css=\u00a0\u00bb.vc_custom_1495097361731{padding-top: 10px !important;padding-bottom: 10px !important;}\u00a0\u00bb][vc_single_image image=\u00a0\u00bb2538&Prime; img_size=\u00a0\u00bbfull\u00a0\u00bb alignment=\u00a0\u00bbcenter\u00a0\u00bb onclick=\u00a0\u00bbcustom_link\u00a0\u00bb img_link_target=\u00a0\u00bb_blank\u00a0\u00bb link=\u00a0\u00bbhttp:\/\/gutex-benelux.eu\/fileadmin\/uploads\/Downloads\/Broschueren\/GUTEX_FR_BR_Utilisateurs_2017-08.pdf\u00a0\u00bb][\/vc_column][vc_column width=\u00a0\u00bb1\/3&Prime;][vc_column_text]Choisir Gutex, c&rsquo;est choisir de tr\u00e8s haute performance avec un produit bati-biologique de construction : &#8211;<\/p>\n<ol>\n<li>excellente protection contre le froid hivernal: faible valeur \u03bb<\/li>\n<li>protection optimale contre la chaleur estivale: capacit\u00e9 de tampon de chaleur la plus \u00e9lev\u00e9e possible<\/li>\n<li>haute protection contre l&rsquo;air et les bruits de contact: gr\u00e2ce \u00e0 la structure \u00e0 pores ouverts et \u00e0 haute densit\u00e9<\/li>\n<li>ouverture de diffusion de vapeur \u00e9lev\u00e9e: peut absorber jusqu&rsquo;\u00e0 15% de son propre poids d&rsquo;humidit\u00e9 et le lib\u00e9rer sans perdre la valeur d&rsquo;isolation<\/li>\n<li>100% recyclable: sans produits chimiques<\/li>\n<li>bati-biologique: la mati\u00e8re premi\u00e8re est renouvelable et donc in\u00e9puisable<\/li>\n<\/ol>\n<p>[\/vc_column_text][\/vc_column][\/vc_row][vc_row content_placement=\u00a0\u00bbmiddle\u00a0\u00bb sbxs_bg_class=\u00a0\u00bbbg-light\u00a0\u00bb css=\u00a0\u00bb.vc_custom_1515425314160{margin-top: 10px !important;margin-bottom: 10px !important;padding-top: 20px !important;padding-right: 20px !important;padding-bottom: 20px !important;padding-left: 20px !important;}\u00a0\u00bb][vc_column width=\u00a0\u00bb2\/3&Prime;][vc_column_text css=\u00a0\u00bb.vc_custom_1521018386209{padding-bottom: 15px !important;}\u00a0\u00bb]<\/p>\n<h2>N&rsquo;h\u00e9sitez pas \u00e0 nous contacter pour plus d&rsquo;informations sur la gamme Gutex!<\/h2>\n<p>[\/vc_column_text][\/vc_column][vc_column width=\u00a0\u00bb1\/3&Prime;][vc_single_image image=\u00a0\u00bb2535&Prime; img_size=\u00a0\u00bbfull\u00a0\u00bb alignment=\u00a0\u00bbcenter\u00a0\u00bb onclick=\u00a0\u00bbcustom_link\u00a0\u00bb img_link_target=\u00a0\u00bb_blank\u00a0\u00bb link=\u00a0\u00bbhttp:\/\/gutex-benelux.eu\/fileadmin\/uploads\/Downloads\/Broschueren\/GUTEX_Imagebuch_FR-2017-03.pdf\u00a0\u00bb][\/vc_column][\/vc_row][vc_row content_placement=\u00a0\u00bbmiddle\u00a0\u00bb sbxs_bg_class=\u00a0\u00bbbg-light\u00a0\u00bb css=\u00a0\u00bb.vc_custom_1495097486302{margin-top: 10px !important;margin-bottom: 10px !important;padding-top: 20px !important;padding-right: 20px !important;padding-bottom: 20px !important;padding-left: 20px !important;}\u00a0\u00bb][vc_column width=\u00a0\u00bb1\/4&Prime;][vc_single_image image=\u00a0\u00bb1999&Prime; img_size=\u00a0\u00bb350&#215;275&Prime; alignment=\u00a0\u00bbcenter\u00a0\u00bb onclick=\u00a0\u00bblink_image\u00a0\u00bb][\/vc_column][vc_column width=\u00a0\u00bb1\/4&Prime;][vc_single_image image=\u00a0\u00bb2339&Prime; img_size=\u00a0\u00bb350&#215;275&Prime; alignment=\u00a0\u00bbcenter\u00a0\u00bb onclick=\u00a0\u00bblink_image\u00a0\u00bb][\/vc_column][vc_column width=\u00a0\u00bb1\/4&Prime;][vc_single_image image=\u00a0\u00bb2338&Prime; img_size=\u00a0\u00bb350&#215;275&Prime; alignment=\u00a0\u00bbcenter\u00a0\u00bb onclick=\u00a0\u00bblink_image\u00a0\u00bb][\/vc_column][vc_column width=\u00a0\u00bb1\/4&Prime;][vc_single_image image=\u00a0\u00bb2326&Prime; img_size=\u00a0\u00bb350&#215;275&Prime; alignment=\u00a0\u00bbcenter\u00a0\u00bb onclick=\u00a0\u00bblink_image\u00a0\u00bb][\/vc_column][\/vc_row][vc_row content_placement=\u00a0\u00bbmiddle\u00a0\u00bb parallax=\u00a0\u00bbcontent-moving\u00a0\u00bb parallax_image=\u00a0\u00bb1696&Prime; parallax_speed_bg=\u00a0\u00bb2&Prime; sbxs_bg_class=\u00a0\u00bbbg-primary\u00a0\u00bb sbxs_headings_class=\u00a0\u00bbheadings-white\u00a0\u00bb sbxs_text_class=\u00a0\u00bbtext-white\u00a0\u00bb css=\u00a0\u00bb.vc_custom_1493024084092{margin-top: 40px !important;margin-bottom: 40px !important;padding-top: 40px !important;padding-right: 40px !important;padding-bottom: 40px !important;padding-left: 40px !important;}\u00a0\u00bb][vc_column width=\u00a0\u00bb2\/3&Prime;][vc_empty_space height=\u00a0\u00bb10&Prime;][vc_column_text]<\/p>\n<h3>Pouvons-nous vous aider?<\/h3>\n<p>[\/vc_column_text][vc_separator color=\u00a0\u00bbwhite\u00a0\u00bb align=\u00a0\u00bbalign_left\u00a0\u00bb el_width=\u00a0\u00bb10&Prime; css=\u00a0\u00bb.vc_custom_1493023752200{padding-top: 15px !important;padding-bottom: 15px !important;}\u00a0\u00bb][vc_column_text]Vous avez une question ? Nous sommes \u00e0 votre disposition.<\/p>\n<p>Vous avez une suggestion ? Nous vous \u00e9coutons aussi avec plaisir.[\/vc_column_text][\/vc_column][vc_column width=\u00a0\u00bb1\/3&Prime;]\t\t\t<p class=\" text-right button-p-wrap \">\n\t\t\t\t<a href=\"\/fr\/contact\" class=\"button outlined white big\" target=\"\">Contactez-nous<\/a>\t\n\t\t\t<\/p>\n\t\t\t[\/vc_column][\/vc_row][vc_row css=\u00a0\u00bb.vc_custom_1496389674647{padding-top: 60px !important;padding-bottom: 60px !important;}\u00a0\u00bb][vc_column][vc_separator css=\u00a0\u00bb.vc_custom_1495097361731{padding-top: 10px !important;padding-bottom: 10px !important;}\u00a0\u00bb][vc_empty_space]\t\t\t<p class=\" text-center button-p-wrap \">\n\t\t\t\t<a href=\"\/fr\/services\" class=\"button   \" target=\"\">tous les services<\/a>\t\n\t\t\t<\/p>\n\t\t\t[\/vc_column][\/vc_row]<\/p>\n<\/div>","protected":false},"excerpt":{"rendered":"<p>[vc_row full_width=\u00a0\u00bbstretch_row\u00a0\u00bb css=\u00a0\u00bb.vc_custom_1493024475033{padding-top: 150px !important;padding-bottom: 150px !important;background-image: url(https:\/\/www.omniwood.be\/wp-content\/uploads\/2017\/04\/pexels-photo.jpg?id=1635) !important;background-position: center !important;background-repeat: no-repeat !important;background-size: cover !important;}\u00a0\u00bb][vc_column][\/vc_column][\/vc_row][vc_row content_placement=\u00a0\u00bbmiddle\u00a0\u00bb sbxs_bg_class=\u00a0\u00bbbg-light\u00a0\u00bb css=\u00a0\u00bb.vc_custom_1495097486302{margin-top: 10px !important;margin-bottom: 10px !important;padding-top: 20px !important;padding-right: 20px !important;padding-bottom: 20px !important;padding-left: 20px !important;}\u00a0\u00bb][vc_column width=\u00a0\u00bb1\/4&Prime;][vc_single_image source=\u00a0\u00bbexternal_link\u00a0\u00bb external_img_size=\u00a0\u00bb100&#215;100&Prime; alignment=\u00a0\u00bbcenter\u00a0\u00bb custom_src=\u00a0\u00bbhttps:\/\/www.omniwood.be\/wp-content\/themes\/sandbox\/images\/icons\/004-sign.svg\u00a0\u00bb][\/vc_column][vc_column width=\u00a0\u00bb1\/2&Prime;][vc_column_text css=\u00a0\u00bb.vc_custom_1521018121945{padding-bottom: 15px !important;}\u00a0\u00bb] Isolation \u00e9cologique [\/vc_column_text][vc_column_text sbxs_titlesize_class=\u00a0\u00bb\u00a0\u00bb]Nous sommes partisans majeur de l\u2019isolation \u00e9cologique. Notre r\u00f4le est donc de promouvoir<\/p>\n","protected":false},"author":1,"featured_media":0,"parent":0,"menu_order":0,"comment_status":"closed","ping_status":"closed","template":"","meta":{"_acf_changed":false,"footnotes":""},"class_list":["post-2692","page","type-page","status-publish","hentry"],"acf":[],"_links":{"self":[{"href":"https:\/\/www.omniwood.be\/fr\/wp-json\/wp\/v2\/pages\/2692","targetHints":{"allow":["GET"]}}],"collection":[{"href":"https:\/\/www.omniwood.be\/fr\/wp-json\/wp\/v2\/pages"}],"about":[{"href":"https:\/\/www.omniwood.be\/fr\/wp-json\/wp\/v2\/types\/page"}],"author":[{"embeddable":true,"href":"https:\/\/www.omniwood.be\/fr\/wp-json\/wp\/v2\/users\/1"}],"replies":[{"embeddable":true,"href":"https:\/\/www.omniwood.be\/fr\/wp-json\/wp\/v2\/comments?post=2692"}],"version-history":[{"count":14,"href":"https:\/\/www.omniwood.be\/fr\/wp-json\/wp\/v2\/pages\/2692\/revisions"}],"predecessor-version":[{"id":2978,"href":"https:\/\/www.omniwood.be\/fr\/wp-json\/wp\/v2\/pages\/2692\/revisions\/2978"}],"wp:attachment":[{"href":"https:\/\/www.omniwood.be\/fr\/wp-json\/wp\/v2\/media?parent=2692"}],"curies":[{"name":"wp","href":"https:\/\/api.w.org\/{rel}","templated":true}]}}