
{"id":2694,"date":"2017-04-07T12:52:53","date_gmt":"2017-04-07T11:52:53","guid":{"rendered":"https:\/\/www.omniwood.be\/diensten\/gevelbekleding-vetedy-trespa\/"},"modified":"2018-03-19T10:35:01","modified_gmt":"2018-03-19T09:35:01","slug":"revetement-de-facade-vetedy-trespa","status":"publish","type":"page","link":"https:\/\/www.omniwood.be\/fr\/revetement-de-facade-vetedy-trespa\/","title":{"rendered":"Rev\u00eatement de facade"},"content":{"rendered":"<div class=\"wpb-content-wrapper\"><p>[vc_row full_width=\u00a0\u00bbstretch_row\u00a0\u00bb css=\u00a0\u00bb.vc_custom_1493024475033{padding-top: 150px !important;padding-bottom: 150px !important;background-image: url(https:\/\/www.omniwood.be\/wp-content\/uploads\/2017\/04\/pexels-photo.jpg?id=1635) !important;background-position: center !important;background-repeat: no-repeat !important;background-size: cover !important;}\u00a0\u00bb][vc_column][\/vc_column][\/vc_row][vc_row content_placement=\u00a0\u00bbmiddle\u00a0\u00bb sbxs_bg_class=\u00a0\u00bbbg-light\u00a0\u00bb css=\u00a0\u00bb.vc_custom_1495097486302{margin-top: 10px !important;margin-bottom: 10px !important;padding-top: 20px !important;padding-right: 20px !important;padding-bottom: 20px !important;padding-left: 20px !important;}\u00a0\u00bb][vc_column width=\u00a0\u00bb1\/4&Prime;][vc_single_image source=\u00a0\u00bbexternal_link\u00a0\u00bb external_img_size=\u00a0\u00bb100&#215;100&Prime; alignment=\u00a0\u00bbcenter\u00a0\u00bb custom_src=\u00a0\u00bbhttps:\/\/www.omniwood.be\/wp-content\/themes\/sandbox\/images\/icons\/gevel.svg\u00a0\u00bb][\/vc_column][vc_column width=\u00a0\u00bb1\/2&Prime;][vc_column_text css=\u00a0\u00bb.vc_custom_1520957377003{padding-bottom: 15px !important;}\u00a0\u00bb]<\/p>\n<h2 style=\"text-align: left;\">Rev\u00eatement de facade<\/h2>\n<p>[\/vc_column_text][vc_column_text sbxs_titlesize_class=\u00a0\u00bb\u00a0\u00bb]OMNI WOOD installe une gamme vari\u00e9e de bardages de fa\u00e7ades ventil\u00e9s\u00a0; bois massif, dalles de pavages en lattes massives, \u00e9galement appel\u00e9es bardages ou planches de fa\u00e7ade.<\/p>\n<p>C\u2019est une solution id\u00e9ale en combinaison avec <a href=\"https:\/\/www.omniwood.be\/fr\/services\/gutex-isolation-ecologique\/\" target=\"_blank\" rel=\"noopener\">une isolation plac\u00e9e par l\u2019ext\u00e9rieur<\/a> sur un b\u00e2timent existant, mais peut \u00e9galement \u00eatre parfaitement plac\u00e9 sur des nouvelles constructions, que ce soit en <a href=\"https:\/\/www.omniwood.be\/fr\/services\/ossature-bois\/\" target=\"_blank\" rel=\"noopener\">ossature bois<\/a> ou non.<\/p>\n<p>Le type de rev\u00eatement de fa\u00e7ade choisi d\u00e9pend principalement des attentes fix\u00e9es. Si vous cherchez une solution facile d\u2019entretien avec laquelle vous \u00eates \u00e0 l\u2019aise pendant des ann\u00e9es, nous vous recommandons <a href=\"http:\/\/www.trespa.com\/fr\" target=\"_blank\" rel=\"noopener\">Trespa<\/a> sous la forme de plaques \u00ab\u00a0<a href=\"http:\/\/www.trespa.com\/fr\/panneaux-exterieurs\" target=\"_blank\" rel=\"noopener\">Meteon<\/a>\u00a0\u00bb ou des bandes\u00a0\u00ab\u00a0<a href=\"http:\/\/www.trespa.com\/fr\/clins-pour-applications-ext%C3%A9rieures\" target=\"_blank\" rel=\"noopener\">Pura<\/a>\u00a0\u00bb avec ou sans parach\u00e8vement.<\/p>\n<p>Enfin, sous la devise \u00ab\u00a0le client est roi\u00a0\u00bb, nous suivons bien entendu votre volont\u00e9 si vous pr\u00e9f\u00e9rez travailler avec d\u2019autres produits. Nous avons entre temps, acquis l\u2019exp\u00e9rience n\u00e9cessaire d\u2019autres produits \u00e0 base de ciment ou d\u2019autres types de bois thermiquement trait\u00e9s.[\/vc_column_text][vc_separator css=\u00a0\u00bb.vc_custom_1495097361731{padding-top: 10px !important;padding-bottom: 10px !important;}\u00a0\u00bb][\/vc_column][vc_column width=\u00a0\u00bb1\/4&Prime;][vc_single_image image=\u00a0\u00bb2285&Prime; img_size=\u00a0\u00bb400&#215;250&Prime; alignment=\u00a0\u00bbcenter\u00a0\u00bb onclick=\u00a0\u00bblink_image\u00a0\u00bb][\/vc_column][\/vc_row][vc_row content_placement=\u00a0\u00bbmiddle\u00a0\u00bb sbxs_bg_class=\u00a0\u00bbbg-light\u00a0\u00bb css=\u00a0\u00bb.vc_custom_1495097486302{margin-top: 10px !important;margin-bottom: 10px !important;padding-top: 20px !important;padding-right: 20px !important;padding-bottom: 20px !important;padding-left: 20px !important;}\u00a0\u00bb][vc_column width=\u00a0\u00bb1\/4&Prime;][vc_single_image image=\u00a0\u00bb2262&Prime; img_size=\u00a0\u00bb350&#215;275&Prime; alignment=\u00a0\u00bbcenter\u00a0\u00bb onclick=\u00a0\u00bblink_image\u00a0\u00bb][\/vc_column][vc_column width=\u00a0\u00bb1\/4&Prime;][vc_single_image image=\u00a0\u00bb2289&Prime; img_size=\u00a0\u00bb350&#215;275&Prime; alignment=\u00a0\u00bbcenter\u00a0\u00bb onclick=\u00a0\u00bblink_image\u00a0\u00bb][\/vc_column][vc_column width=\u00a0\u00bb1\/4&Prime;][vc_single_image image=\u00a0\u00bb2286&Prime; img_size=\u00a0\u00bb350&#215;275&Prime; alignment=\u00a0\u00bbcenter\u00a0\u00bb onclick=\u00a0\u00bblink_image\u00a0\u00bb][\/vc_column][vc_column width=\u00a0\u00bb1\/4&Prime;][vc_single_image image=\u00a0\u00bb2291&Prime; img_size=\u00a0\u00bb350&#215;275&Prime; alignment=\u00a0\u00bbcenter\u00a0\u00bb onclick=\u00a0\u00bblink_image\u00a0\u00bb][\/vc_column][\/vc_row][vc_row content_placement=\u00a0\u00bbmiddle\u00a0\u00bb sbxs_bg_class=\u00a0\u00bbbg-light\u00a0\u00bb css=\u00a0\u00bb.vc_custom_1495097486302{margin-top: 10px !important;margin-bottom: 10px !important;padding-top: 20px !important;padding-right: 20px !important;padding-bottom: 20px !important;padding-left: 20px !important;}\u00a0\u00bb][vc_column width=\u00a0\u00bb1\/4&Prime;][vc_single_image image=\u00a0\u00bb2612&Prime; img_size=\u00a0\u00bb350&#215;275&Prime; alignment=\u00a0\u00bbcenter\u00a0\u00bb onclick=\u00a0\u00bblink_image\u00a0\u00bb][\/vc_column][vc_column width=\u00a0\u00bb1\/4&Prime;][vc_single_image image=\u00a0\u00bb2611&Prime; img_size=\u00a0\u00bb350&#215;275&Prime; alignment=\u00a0\u00bbcenter\u00a0\u00bb onclick=\u00a0\u00bblink_image\u00a0\u00bb][\/vc_column][vc_column width=\u00a0\u00bb1\/4&Prime;][vc_single_image image=\u00a0\u00bb2605&Prime; img_size=\u00a0\u00bb350&#215;275&Prime; alignment=\u00a0\u00bbcenter\u00a0\u00bb onclick=\u00a0\u00bblink_image\u00a0\u00bb][\/vc_column][vc_column width=\u00a0\u00bb1\/4&Prime;][vc_single_image image=\u00a0\u00bb2604&Prime; img_size=\u00a0\u00bb350&#215;275&Prime; alignment=\u00a0\u00bbcenter\u00a0\u00bb onclick=\u00a0\u00bblink_image\u00a0\u00bb][\/vc_column][\/vc_row][vc_row content_placement=\u00a0\u00bbmiddle\u00a0\u00bb sbxs_bg_class=\u00a0\u00bbbg-light\u00a0\u00bb css=\u00a0\u00bb.vc_custom_1495097486302{margin-top: 10px !important;margin-bottom: 10px !important;padding-top: 20px !important;padding-right: 20px !important;padding-bottom: 20px !important;padding-left: 20px !important;}\u00a0\u00bb][vc_column width=\u00a0\u00bb1\/4&Prime;][vc_single_image image=\u00a0\u00bb2594&Prime; img_size=\u00a0\u00bb350&#215;275&Prime; alignment=\u00a0\u00bbcenter\u00a0\u00bb onclick=\u00a0\u00bblink_image\u00a0\u00bb][\/vc_column][vc_column width=\u00a0\u00bb1\/4&Prime;][vc_single_image image=\u00a0\u00bb2570&Prime; img_size=\u00a0\u00bb350&#215;275&Prime; alignment=\u00a0\u00bbcenter\u00a0\u00bb onclick=\u00a0\u00bblink_image\u00a0\u00bb][\/vc_column][vc_column width=\u00a0\u00bb1\/4&Prime;][vc_single_image image=\u00a0\u00bb2575&Prime; img_size=\u00a0\u00bb350&#215;275&Prime; alignment=\u00a0\u00bbcenter\u00a0\u00bb onclick=\u00a0\u00bblink_image\u00a0\u00bb][\/vc_column][vc_column width=\u00a0\u00bb1\/4&Prime;][vc_single_image image=\u00a0\u00bb2284&Prime; img_size=\u00a0\u00bb350&#215;275&Prime; alignment=\u00a0\u00bbcenter\u00a0\u00bb onclick=\u00a0\u00bblink_image\u00a0\u00bb][\/vc_column][\/vc_row][vc_row content_placement=\u00a0\u00bbmiddle\u00a0\u00bb parallax=\u00a0\u00bbcontent-moving\u00a0\u00bb parallax_image=\u00a0\u00bb1696&Prime; parallax_speed_bg=\u00a0\u00bb2&Prime; sbxs_bg_class=\u00a0\u00bbbg-primary\u00a0\u00bb sbxs_headings_class=\u00a0\u00bbheadings-white\u00a0\u00bb sbxs_text_class=\u00a0\u00bbtext-white\u00a0\u00bb css=\u00a0\u00bb.vc_custom_1493024084092{margin-top: 40px !important;margin-bottom: 40px !important;padding-top: 40px !important;padding-right: 40px !important;padding-bottom: 40px !important;padding-left: 40px !important;}\u00a0\u00bb][vc_column width=\u00a0\u00bb2\/3&Prime;][vc_empty_space height=\u00a0\u00bb10&Prime;][vc_column_text]<\/p>\n<h3>Pouvons-nous vous aider?<\/h3>\n<p>[\/vc_column_text][vc_separator color=\u00a0\u00bbwhite\u00a0\u00bb align=\u00a0\u00bbalign_left\u00a0\u00bb el_width=\u00a0\u00bb10&Prime; css=\u00a0\u00bb.vc_custom_1493023752200{padding-top: 15px !important;padding-bottom: 15px !important;}\u00a0\u00bb][vc_column_text]Vous avez une question ? Nous sommes \u00e0 votre disposition.<\/p>\n<p>Vous avez une suggestion ? Nous vous \u00e9coutons aussi avec plaisir.[\/vc_column_text][\/vc_column][vc_column width=\u00a0\u00bb1\/3&Prime;]\t\t\t<p class=\" text-right button-p-wrap \">\n\t\t\t\t<a href=\"\/fr\/contact\" class=\"button outlined white big\" target=\"\">Contactez-nous<\/a>\t\n\t\t\t<\/p>\n\t\t\t[\/vc_column][\/vc_row][vc_row css=\u00a0\u00bb.vc_custom_1496389674647{padding-top: 60px !important;padding-bottom: 60px !important;}\u00a0\u00bb][vc_column][vc_separator css=\u00a0\u00bb.vc_custom_1495097361731{padding-top: 10px !important;padding-bottom: 10px !important;}\u00a0\u00bb][vc_empty_space]\t\t\t<p class=\" text-center button-p-wrap \">\n\t\t\t\t<a href=\"\/fr\/services\" class=\"button   \" target=\"\">Tous les services<\/a>\t\n\t\t\t<\/p>\n\t\t\t[\/vc_column][\/vc_row]<\/p>\n<\/div>","protected":false},"excerpt":{"rendered":"<p>[vc_row full_width=\u00a0\u00bbstretch_row\u00a0\u00bb css=\u00a0\u00bb.vc_custom_1493024475033{padding-top: 150px !important;padding-bottom: 150px !important;background-image: url(https:\/\/www.omniwood.be\/wp-content\/uploads\/2017\/04\/pexels-photo.jpg?id=1635) !important;background-position: center !important;background-repeat: no-repeat !important;background-size: cover !important;}\u00a0\u00bb][vc_column][\/vc_column][\/vc_row][vc_row content_placement=\u00a0\u00bbmiddle\u00a0\u00bb sbxs_bg_class=\u00a0\u00bbbg-light\u00a0\u00bb css=\u00a0\u00bb.vc_custom_1495097486302{margin-top: 10px !important;margin-bottom: 10px !important;padding-top: 20px !important;padding-right: 20px !important;padding-bottom: 20px !important;padding-left: 20px !important;}\u00a0\u00bb][vc_column width=\u00a0\u00bb1\/4&Prime;][vc_single_image source=\u00a0\u00bbexternal_link\u00a0\u00bb external_img_size=\u00a0\u00bb100&#215;100&Prime; alignment=\u00a0\u00bbcenter\u00a0\u00bb custom_src=\u00a0\u00bbhttps:\/\/www.omniwood.be\/wp-content\/themes\/sandbox\/images\/icons\/gevel.svg\u00a0\u00bb][\/vc_column][vc_column width=\u00a0\u00bb1\/2&Prime;][vc_column_text css=\u00a0\u00bb.vc_custom_1520957377003{padding-bottom: 15px !important;}\u00a0\u00bb] Rev\u00eatement de facade [\/vc_column_text][vc_column_text sbxs_titlesize_class=\u00a0\u00bb\u00a0\u00bb]OMNI WOOD installe une gamme vari\u00e9e de bardages de fa\u00e7ades ventil\u00e9s\u00a0; bois<\/p>\n","protected":false},"author":4,"featured_media":0,"parent":0,"menu_order":0,"comment_status":"closed","ping_status":"closed","template":"","meta":{"_acf_changed":false,"footnotes":""},"class_list":["post-2694","page","type-page","status-publish","hentry"],"acf":[],"_links":{"self":[{"href":"https:\/\/www.omniwood.be\/fr\/wp-json\/wp\/v2\/pages\/2694","targetHints":{"allow":["GET"]}}],"collection":[{"href":"https:\/\/www.omniwood.be\/fr\/wp-json\/wp\/v2\/pages"}],"about":[{"href":"https:\/\/www.omniwood.be\/fr\/wp-json\/wp\/v2\/types\/page"}],"author":[{"embeddable":true,"href":"https:\/\/www.omniwood.be\/fr\/wp-json\/wp\/v2\/users\/4"}],"replies":[{"embeddable":true,"href":"https:\/\/www.omniwood.be\/fr\/wp-json\/wp\/v2\/comments?post=2694"}],"version-history":[{"count":6,"href":"https:\/\/www.omniwood.be\/fr\/wp-json\/wp\/v2\/pages\/2694\/revisions"}],"predecessor-version":[{"id":2973,"href":"https:\/\/www.omniwood.be\/fr\/wp-json\/wp\/v2\/pages\/2694\/revisions\/2973"}],"wp:attachment":[{"href":"https:\/\/www.omniwood.be\/fr\/wp-json\/wp\/v2\/media?parent=2694"}],"curies":[{"name":"wp","href":"https:\/\/api.w.org\/{rel}","templated":true}]}}