
{"id":2703,"date":"2017-04-07T12:53:14","date_gmt":"2017-04-07T11:53:14","guid":{"rendered":"https:\/\/www.omniwood.be\/diensten\/maat-en-inbouwkasten\/"},"modified":"2018-03-19T10:37:56","modified_gmt":"2018-03-19T09:37:56","slug":"mobiliers-sur-mesure-encastres","status":"publish","type":"page","link":"https:\/\/www.omniwood.be\/fr\/mobiliers-sur-mesure-encastres\/","title":{"rendered":"Mobiliers sur mesure &#8211; encastr\u00e9s"},"content":{"rendered":"<div class=\"wpb-content-wrapper\"><p>[vc_row full_width=\u00a0\u00bbstretch_row\u00a0\u00bb css=\u00a0\u00bb.vc_custom_1493024475033{padding-top: 150px !important;padding-bottom: 150px !important;background-image: url(https:\/\/www.omniwood.be\/wp-content\/uploads\/2017\/04\/pexels-photo.jpg?id=1635) !important;background-position: center !important;background-repeat: no-repeat !important;background-size: cover !important;}\u00a0\u00bb][vc_column][\/vc_column][\/vc_row][vc_row content_placement=\u00a0\u00bbmiddle\u00a0\u00bb sbxs_bg_class=\u00a0\u00bbbg-light\u00a0\u00bb css=\u00a0\u00bb.vc_custom_1495097486302{margin-top: 10px !important;margin-bottom: 10px !important;padding-top: 20px !important;padding-right: 20px !important;padding-bottom: 20px !important;padding-left: 20px !important;}\u00a0\u00bb][vc_column width=\u00a0\u00bb1\/4&Prime;][vc_single_image source=\u00a0\u00bbexternal_link\u00a0\u00bb external_img_size=\u00a0\u00bb100&#215;100&Prime; alignment=\u00a0\u00bbcenter\u00a0\u00bb custom_src=\u00a0\u00bbhttps:\/\/www.omniwood.be\/wp-content\/themes\/sandbox\/images\/icons\/002-drawers.svg\u00a0\u00bb][\/vc_column][vc_column width=\u00a0\u00bb1\/2&Prime;][vc_column_text css=\u00a0\u00bb.vc_custom_1520864147010{padding-bottom: 15px !important;}\u00a0\u00bb]<\/p>\n<h2>Mobiliers sur mesure &#8211; encastr\u00e9s<\/h2>\n<p>[\/vc_column_text][vc_column_text sbxs_titlesize_class=\u00a0\u00bb\u00a0\u00bb]La production d\u2019armoires sur mesure a \u00e9t\u00e9 la premi\u00e8re activit\u00e9 de OMNI WOOD il y a 20 ans. Les possibilit\u00e9s ici sont infinies. Nous offrons l\u00e0 \u00e9galement une valeur ajout\u00e9e pour les clients avec un <a href=\"https:\/\/www.omniwood.be\/fr\/services\/toits\/\" target=\"_blank\" rel=\"noopener\">toit<\/a> OMNI WOOD, pour lesquels nous nous occupons donc de l\u2019installation de placards dans le grenier afin de cr\u00e9er un ensemble parfait en termes de durabilit\u00e9 et de fonctionnalit\u00e9, en particulier si un toit <a href=\"https:\/\/www.omniwood.be\/fr\/services\/fermes-de-toit-prefabriquees\/\" target=\"_blank\" rel=\"noopener\">OMNI TRUSS<\/a> est choisi.[\/vc_column_text][vc_separator css=\u00a0\u00bb.vc_custom_1495097361731{padding-top: 10px !important;padding-bottom: 10px !important;}\u00a0\u00bb][\/vc_column][vc_column width=\u00a0\u00bb1\/4&Prime;][vc_single_image image=\u00a0\u00bb1972&Prime; img_size=\u00a0\u00bb400&#215;250&Prime; alignment=\u00a0\u00bbcenter\u00a0\u00bb onclick=\u00a0\u00bblink_image\u00a0\u00bb][\/vc_column][\/vc_row][vc_row content_placement=\u00a0\u00bbmiddle\u00a0\u00bb sbxs_bg_class=\u00a0\u00bbbg-light\u00a0\u00bb css=\u00a0\u00bb.vc_custom_1495097486302{margin-top: 10px !important;margin-bottom: 10px !important;padding-top: 20px !important;padding-right: 20px !important;padding-bottom: 20px !important;padding-left: 20px !important;}\u00a0\u00bb][vc_column width=\u00a0\u00bb1\/4&Prime;][vc_single_image image=\u00a0\u00bb2312&Prime; img_size=\u00a0\u00bb350&#215;275&Prime; alignment=\u00a0\u00bbcenter\u00a0\u00bb onclick=\u00a0\u00bblink_image\u00a0\u00bb][\/vc_column][vc_column width=\u00a0\u00bb1\/4&Prime;][vc_single_image image=\u00a0\u00bb2315&Prime; img_size=\u00a0\u00bb350&#215;275&Prime; alignment=\u00a0\u00bbcenter\u00a0\u00bb onclick=\u00a0\u00bblink_image\u00a0\u00bb][\/vc_column][vc_column width=\u00a0\u00bb1\/4&Prime;][vc_single_image image=\u00a0\u00bb2311&Prime; img_size=\u00a0\u00bb350&#215;275&Prime; alignment=\u00a0\u00bbcenter\u00a0\u00bb onclick=\u00a0\u00bblink_image\u00a0\u00bb][\/vc_column][vc_column width=\u00a0\u00bb1\/4&Prime;][vc_single_image image=\u00a0\u00bb2316&Prime; img_size=\u00a0\u00bb350&#215;275&Prime; alignment=\u00a0\u00bbcenter\u00a0\u00bb onclick=\u00a0\u00bblink_image\u00a0\u00bb][\/vc_column][\/vc_row][vc_row content_placement=\u00a0\u00bbmiddle\u00a0\u00bb parallax=\u00a0\u00bbcontent-moving\u00a0\u00bb parallax_image=\u00a0\u00bb1696&Prime; parallax_speed_bg=\u00a0\u00bb2&Prime; sbxs_bg_class=\u00a0\u00bbbg-primary\u00a0\u00bb sbxs_headings_class=\u00a0\u00bbheadings-white\u00a0\u00bb sbxs_text_class=\u00a0\u00bbtext-white\u00a0\u00bb css=\u00a0\u00bb.vc_custom_1493024084092{margin-top: 40px !important;margin-bottom: 40px !important;padding-top: 40px !important;padding-right: 40px !important;padding-bottom: 40px !important;padding-left: 40px !important;}\u00a0\u00bb][vc_column width=\u00a0\u00bb2\/3&Prime;][vc_empty_space height=\u00a0\u00bb10&Prime;][vc_column_text]<\/p>\n<h3>Pouvons-nous vous aider?<\/h3>\n<p>[\/vc_column_text][vc_separator color=\u00a0\u00bbwhite\u00a0\u00bb align=\u00a0\u00bbalign_left\u00a0\u00bb el_width=\u00a0\u00bb10&Prime; css=\u00a0\u00bb.vc_custom_1493023752200{padding-top: 15px !important;padding-bottom: 15px !important;}\u00a0\u00bb][vc_column_text]Vous avez une question ? Nous sommes \u00e0 votre disposition.<\/p>\n<p>Vous avez une suggestion ? Nous vous \u00e9coutons aussi avec plaisir.[\/vc_column_text][\/vc_column][vc_column width=\u00a0\u00bb1\/3&Prime;]\t\t\t<p class=\" text-right button-p-wrap \">\n\t\t\t\t<a href=\"\/fr\/contact\" class=\"button outlined white big\" target=\"\">Contactez-nous<\/a>\t\n\t\t\t<\/p>\n\t\t\t[\/vc_column][\/vc_row][vc_row css=\u00a0\u00bb.vc_custom_1496389674647{padding-top: 60px !important;padding-bottom: 60px !important;}\u00a0\u00bb][vc_column][vc_separator css=\u00a0\u00bb.vc_custom_1495097361731{padding-top: 10px !important;padding-bottom: 10px !important;}\u00a0\u00bb][vc_empty_space]\t\t\t<p class=\" text-center button-p-wrap \">\n\t\t\t\t<a href=\"\/fr\/services\" class=\"button   \" target=\"\">tous les services<\/a>\t\n\t\t\t<\/p>\n\t\t\t[\/vc_column][\/vc_row]<\/p>\n<\/div>","protected":false},"excerpt":{"rendered":"<p>[vc_row full_width=\u00a0\u00bbstretch_row\u00a0\u00bb css=\u00a0\u00bb.vc_custom_1493024475033{padding-top: 150px !important;padding-bottom: 150px !important;background-image: url(https:\/\/www.omniwood.be\/wp-content\/uploads\/2017\/04\/pexels-photo.jpg?id=1635) !important;background-position: center !important;background-repeat: no-repeat !important;background-size: cover !important;}\u00a0\u00bb][vc_column][\/vc_column][\/vc_row][vc_row content_placement=\u00a0\u00bbmiddle\u00a0\u00bb sbxs_bg_class=\u00a0\u00bbbg-light\u00a0\u00bb css=\u00a0\u00bb.vc_custom_1495097486302{margin-top: 10px !important;margin-bottom: 10px !important;padding-top: 20px !important;padding-right: 20px !important;padding-bottom: 20px !important;padding-left: 20px !important;}\u00a0\u00bb][vc_column width=\u00a0\u00bb1\/4&Prime;][vc_single_image source=\u00a0\u00bbexternal_link\u00a0\u00bb external_img_size=\u00a0\u00bb100&#215;100&Prime; alignment=\u00a0\u00bbcenter\u00a0\u00bb custom_src=\u00a0\u00bbhttps:\/\/www.omniwood.be\/wp-content\/themes\/sandbox\/images\/icons\/002-drawers.svg\u00a0\u00bb][\/vc_column][vc_column width=\u00a0\u00bb1\/2&Prime;][vc_column_text css=\u00a0\u00bb.vc_custom_1520864147010{padding-bottom: 15px !important;}\u00a0\u00bb] Mobiliers sur mesure &#8211; encastr\u00e9s [\/vc_column_text][vc_column_text sbxs_titlesize_class=\u00a0\u00bb\u00a0\u00bb]La production d\u2019armoires sur mesure a \u00e9t\u00e9 la premi\u00e8re activit\u00e9<\/p>\n","protected":false},"author":4,"featured_media":0,"parent":0,"menu_order":0,"comment_status":"closed","ping_status":"closed","template":"","meta":{"_acf_changed":false,"footnotes":""},"class_list":["post-2703","page","type-page","status-publish","hentry"],"acf":[],"_links":{"self":[{"href":"https:\/\/www.omniwood.be\/fr\/wp-json\/wp\/v2\/pages\/2703","targetHints":{"allow":["GET"]}}],"collection":[{"href":"https:\/\/www.omniwood.be\/fr\/wp-json\/wp\/v2\/pages"}],"about":[{"href":"https:\/\/www.omniwood.be\/fr\/wp-json\/wp\/v2\/types\/page"}],"author":[{"embeddable":true,"href":"https:\/\/www.omniwood.be\/fr\/wp-json\/wp\/v2\/users\/4"}],"replies":[{"embeddable":true,"href":"https:\/\/www.omniwood.be\/fr\/wp-json\/wp\/v2\/comments?post=2703"}],"version-history":[{"count":6,"href":"https:\/\/www.omniwood.be\/fr\/wp-json\/wp\/v2\/pages\/2703\/revisions"}],"predecessor-version":[{"id":2975,"href":"https:\/\/www.omniwood.be\/fr\/wp-json\/wp\/v2\/pages\/2703\/revisions\/2975"}],"wp:attachment":[{"href":"https:\/\/www.omniwood.be\/fr\/wp-json\/wp\/v2\/media?parent=2703"}],"curies":[{"name":"wp","href":"https:\/\/api.w.org\/{rel}","templated":true}]}}