
{"id":2707,"date":"2017-05-02T16:01:41","date_gmt":"2017-05-02T15:01:41","guid":{"rendered":"https:\/\/www.omniwood.be\/diensten\/prefab-dakspanten\/"},"modified":"2018-03-19T10:39:00","modified_gmt":"2018-03-19T09:39:00","slug":"fermes-de-toit-prefabriquees","status":"publish","type":"page","link":"https:\/\/www.omniwood.be\/fr\/fermes-de-toit-prefabriquees\/","title":{"rendered":"Fermes de toit pr\u00e9fabriqu\u00e9es"},"content":{"rendered":"<div class=\"wpb-content-wrapper\"><p>[vc_row full_width=\u00a0\u00bbstretch_row\u00a0\u00bb css=\u00a0\u00bb.vc_custom_1493024475033{padding-top: 150px !important;padding-bottom: 150px !important;background-image: url(https:\/\/www.omniwood.be\/wp-content\/uploads\/2017\/04\/pexels-photo.jpg?id=1635) !important;background-position: center !important;background-repeat: no-repeat !important;background-size: cover !important;}\u00a0\u00bb][vc_column][\/vc_column][\/vc_row][vc_row content_placement=\u00a0\u00bbmiddle\u00a0\u00bb sbxs_bg_class=\u00a0\u00bbbg-light\u00a0\u00bb css=\u00a0\u00bb.vc_custom_1495097486302{margin-top: 10px !important;margin-bottom: 10px !important;padding-top: 20px !important;padding-right: 20px !important;padding-bottom: 20px !important;padding-left: 20px !important;}\u00a0\u00bb][vc_column width=\u00a0\u00bb1\/4&Prime;][vc_single_image source=\u00a0\u00bbexternal_link\u00a0\u00bb external_img_size=\u00a0\u00bb100&#215;100&Prime; alignment=\u00a0\u00bbcenter\u00a0\u00bb custom_src=\u00a0\u00bbhttps:\/\/www.omniwood.be\/wp-content\/themes\/sandbox\/images\/icons\/dakspanten.svg\u00a0\u00bb][\/vc_column][vc_column width=\u00a0\u00bb1\/2&Prime;][vc_column_text css=\u00a0\u00bb.vc_custom_1520864433010{padding-bottom: 15px !important;}\u00a0\u00bb]<\/p>\n<h2 style=\"text-align: left;\">Fermes de toit pr\u00e9fabriqu\u00e9es<\/h2>\n<p>[\/vc_column_text][vc_column_text sbxs_titlesize_class=\u00a0\u00bb\u00a0\u00bb]Les fermes de toit pr\u00e9fabriqu\u00e9es OMNI TRUSS avec des plaques \u00e0 ongles uniques sont le fruit de nombreuses ann\u00e9es d\u2019exp\u00e9rience et d\u2019une recherche constante de la construction id\u00e9ale du toit. A l\u2019aide d\u2019un logiciel sp\u00e9cialis\u00e9 et d\u2019un processus de production semi-automatique, nous fabriquons votre toiture rapidement, efficacement et avec pr\u00e9cision. Les fermes sont disponibles en emballage et peuvent \u00eatre livr\u00e9es \u00e0 d\u2019autres couvreurs, constructeurs ou entrepreneurs g\u00e9n\u00e9raux.<\/p>\n<p>Nos chevrons sont con\u00e7us en standard avec du bois 45\/240 <a href=\"http:\/\/www.kvh.eu\/fr\/bois-de-construction-massif-kvhr\/\" target=\"_blank\" rel=\"noopener\">KVH<\/a>, HOH 600 mm. Une \u00e9paisseur de 45 mm permet une installation plus facile des panneaux sous-toiture, tandis qu\u2019une isolation de la toiture de 240 mm peut \u00eatre install\u00e9e. Les chevrons sont ensuite plac\u00e9s tous les 600mm. Bien s\u00fbr, les fermes peuvent \u00eatre con\u00e7ues selon les souhaits du client concernant le type de bois, la section de bois et la distance entre les fermes. On peut \u00e9galement choisir d\u2019int\u00e9grer le sol du grenier dans les chevrons.<\/p>\n<p>Nous informons aussi que nous pouvons \u00e9galement construire des coffrages sp\u00e9ciaux en b\u00e9ton en utilisant la m\u00eame m\u00e9thode.[\/vc_column_text][vc_separator css=\u00a0\u00bb.vc_custom_1495097361731{padding-top: 10px !important;padding-bottom: 10px !important;}\u00a0\u00bb][\/vc_column][vc_column width=\u00a0\u00bb1\/4&Prime;][vc_single_image image=\u00a0\u00bb2267&Prime; img_size=\u00a0\u00bb400&#215;250&Prime; alignment=\u00a0\u00bbcenter\u00a0\u00bb onclick=\u00a0\u00bblink_image\u00a0\u00bb][vc_empty_space height=\u00a0\u00bb15&Prime;][\/vc_column][\/vc_row][vc_row content_placement=\u00a0\u00bbmiddle\u00a0\u00bb sbxs_bg_class=\u00a0\u00bbbg-light\u00a0\u00bb css=\u00a0\u00bb.vc_custom_1495097486302{margin-top: 10px !important;margin-bottom: 10px !important;padding-top: 20px !important;padding-right: 20px !important;padding-bottom: 20px !important;padding-left: 20px !important;}\u00a0\u00bb][vc_column width=\u00a0\u00bb1\/4&Prime;][vc_single_image image=\u00a0\u00bb1952&Prime; img_size=\u00a0\u00bb350&#215;275&Prime; alignment=\u00a0\u00bbcenter\u00a0\u00bb onclick=\u00a0\u00bblink_image\u00a0\u00bb][\/vc_column][vc_column width=\u00a0\u00bb1\/4&Prime;][vc_single_image image=\u00a0\u00bb2579&Prime; img_size=\u00a0\u00bb350&#215;275&Prime; alignment=\u00a0\u00bbcenter\u00a0\u00bb onclick=\u00a0\u00bblink_image\u00a0\u00bb][\/vc_column][vc_column width=\u00a0\u00bb1\/4&Prime;][vc_single_image image=\u00a0\u00bb2272&Prime; img_size=\u00a0\u00bb350&#215;275&Prime; alignment=\u00a0\u00bbcenter\u00a0\u00bb onclick=\u00a0\u00bblink_image\u00a0\u00bb][\/vc_column][vc_column width=\u00a0\u00bb1\/4&Prime;][vc_single_image image=\u00a0\u00bb1954&Prime; img_size=\u00a0\u00bb350&#215;275&Prime; alignment=\u00a0\u00bbcenter\u00a0\u00bb onclick=\u00a0\u00bblink_image\u00a0\u00bb][\/vc_column][\/vc_row][vc_row content_placement=\u00a0\u00bbmiddle\u00a0\u00bb sbxs_bg_class=\u00a0\u00bbbg-light\u00a0\u00bb css=\u00a0\u00bb.vc_custom_1495097486302{margin-top: 10px !important;margin-bottom: 10px !important;padding-top: 20px !important;padding-right: 20px !important;padding-bottom: 20px !important;padding-left: 20px !important;}\u00a0\u00bb][vc_column width=\u00a0\u00bb1\/4&Prime;][vc_single_image image=\u00a0\u00bb2614&Prime; img_size=\u00a0\u00bb350&#215;275&Prime; alignment=\u00a0\u00bbcenter\u00a0\u00bb onclick=\u00a0\u00bblink_image\u00a0\u00bb][\/vc_column][vc_column width=\u00a0\u00bb1\/4&Prime;][vc_single_image image=\u00a0\u00bb2620&Prime; img_size=\u00a0\u00bb350&#215;275&Prime; alignment=\u00a0\u00bbcenter\u00a0\u00bb onclick=\u00a0\u00bblink_image\u00a0\u00bb][\/vc_column][vc_column width=\u00a0\u00bb1\/4&Prime;][vc_single_image image=\u00a0\u00bb2618&Prime; img_size=\u00a0\u00bb350&#215;275&Prime; alignment=\u00a0\u00bbcenter\u00a0\u00bb onclick=\u00a0\u00bblink_image\u00a0\u00bb][\/vc_column][vc_column width=\u00a0\u00bb1\/4&Prime;][vc_single_image image=\u00a0\u00bb2615&Prime; img_size=\u00a0\u00bb350&#215;275&Prime; alignment=\u00a0\u00bbcenter\u00a0\u00bb onclick=\u00a0\u00bblink_image\u00a0\u00bb][\/vc_column][\/vc_row][vc_row content_placement=\u00a0\u00bbmiddle\u00a0\u00bb sbxs_bg_class=\u00a0\u00bbbg-light\u00a0\u00bb css=\u00a0\u00bb.vc_custom_1495097486302{margin-top: 10px !important;margin-bottom: 10px !important;padding-top: 20px !important;padding-right: 20px !important;padding-bottom: 20px !important;padding-left: 20px !important;}\u00a0\u00bb][vc_column width=\u00a0\u00bb1\/4&Prime;][vc_single_image image=\u00a0\u00bb2609&Prime; img_size=\u00a0\u00bb350&#215;275&Prime; alignment=\u00a0\u00bbcenter\u00a0\u00bb onclick=\u00a0\u00bblink_image\u00a0\u00bb][\/vc_column][vc_column width=\u00a0\u00bb1\/4&Prime;][vc_single_image image=\u00a0\u00bb2589&Prime; img_size=\u00a0\u00bb350&#215;275&Prime; alignment=\u00a0\u00bbcenter\u00a0\u00bb onclick=\u00a0\u00bblink_image\u00a0\u00bb][\/vc_column][vc_column width=\u00a0\u00bb1\/4&Prime;][vc_single_image image=\u00a0\u00bb2588&Prime; img_size=\u00a0\u00bb350&#215;275&Prime; alignment=\u00a0\u00bbcenter\u00a0\u00bb onclick=\u00a0\u00bblink_image\u00a0\u00bb][\/vc_column][vc_column width=\u00a0\u00bb1\/4&Prime;][vc_single_image image=\u00a0\u00bb2580&Prime; img_size=\u00a0\u00bb350&#215;275&Prime; alignment=\u00a0\u00bbcenter\u00a0\u00bb onclick=\u00a0\u00bblink_image\u00a0\u00bb][\/vc_column][\/vc_row][vc_row content_placement=\u00a0\u00bbmiddle\u00a0\u00bb sbxs_bg_class=\u00a0\u00bbbg-light\u00a0\u00bb css=\u00a0\u00bb.vc_custom_1495097486302{margin-top: 10px !important;margin-bottom: 10px !important;padding-top: 20px !important;padding-right: 20px !important;padding-bottom: 20px !important;padding-left: 20px !important;}\u00a0\u00bb][vc_column width=\u00a0\u00bb1\/4&Prime;][vc_single_image image=\u00a0\u00bb2577&Prime; img_size=\u00a0\u00bb350&#215;275&Prime; alignment=\u00a0\u00bbcenter\u00a0\u00bb onclick=\u00a0\u00bblink_image\u00a0\u00bb][\/vc_column][vc_column width=\u00a0\u00bb1\/4&Prime;][vc_single_image image=\u00a0\u00bb2573&Prime; img_size=\u00a0\u00bb350&#215;275&Prime; alignment=\u00a0\u00bbcenter\u00a0\u00bb onclick=\u00a0\u00bblink_image\u00a0\u00bb][\/vc_column][vc_column width=\u00a0\u00bb1\/4&Prime;][vc_single_image image=\u00a0\u00bb2572&Prime; img_size=\u00a0\u00bb350&#215;275&Prime; alignment=\u00a0\u00bbcenter\u00a0\u00bb onclick=\u00a0\u00bblink_image\u00a0\u00bb][\/vc_column][vc_column width=\u00a0\u00bb1\/4&Prime;][vc_single_image image=\u00a0\u00bb2678&Prime; img_size=\u00a0\u00bb350&#215;275&Prime; alignment=\u00a0\u00bbcenter\u00a0\u00bb onclick=\u00a0\u00bblink_image\u00a0\u00bb][\/vc_column][\/vc_row][vc_row content_placement=\u00a0\u00bbmiddle\u00a0\u00bb parallax=\u00a0\u00bbcontent-moving\u00a0\u00bb parallax_image=\u00a0\u00bb1696&Prime; parallax_speed_bg=\u00a0\u00bb2&Prime; sbxs_bg_class=\u00a0\u00bbbg-primary\u00a0\u00bb sbxs_headings_class=\u00a0\u00bbheadings-white\u00a0\u00bb sbxs_text_class=\u00a0\u00bbtext-white\u00a0\u00bb css=\u00a0\u00bb.vc_custom_1493024084092{margin-top: 40px !important;margin-bottom: 40px !important;padding-top: 40px !important;padding-right: 40px !important;padding-bottom: 40px !important;padding-left: 40px !important;}\u00a0\u00bb][vc_column width=\u00a0\u00bb2\/3&Prime;][vc_empty_space height=\u00a0\u00bb10&Prime;][vc_column_text]<\/p>\n<h3>Pouvons-nous vous aider?<\/h3>\n<p>[\/vc_column_text][vc_separator color=\u00a0\u00bbwhite\u00a0\u00bb align=\u00a0\u00bbalign_left\u00a0\u00bb el_width=\u00a0\u00bb10&Prime; css=\u00a0\u00bb.vc_custom_1493023752200{padding-top: 15px !important;padding-bottom: 15px !important;}\u00a0\u00bb][vc_column_text]Vous avez une question ? Nous sommes \u00e0 votre disposition.<\/p>\n<p>Vous avez une suggestion ? Nous vous \u00e9coutons aussi avec plaisir.[\/vc_column_text][\/vc_column][vc_column width=\u00a0\u00bb1\/3&Prime;]\t\t\t<p class=\" text-right button-p-wrap \">\n\t\t\t\t<a href=\"\/fr\/contact\" class=\"button outlined white big\" target=\"\">Contactez-nous<\/a>\t\n\t\t\t<\/p>\n\t\t\t[\/vc_column][\/vc_row][vc_row css=\u00a0\u00bb.vc_custom_1496389674647{padding-top: 60px !important;padding-bottom: 60px !important;}\u00a0\u00bb][vc_column][vc_separator css=\u00a0\u00bb.vc_custom_1495097361731{padding-top: 10px !important;padding-bottom: 10px !important;}\u00a0\u00bb][vc_empty_space]\t\t\t<p class=\" text-center button-p-wrap \">\n\t\t\t\t<a href=\"\/fr\/services\" class=\"button   \" target=\"\">tous les services<\/a>\t\n\t\t\t<\/p>\n\t\t\t[\/vc_column][\/vc_row]<\/p>\n<\/div>","protected":false},"excerpt":{"rendered":"<p>[vc_row full_width=\u00a0\u00bbstretch_row\u00a0\u00bb css=\u00a0\u00bb.vc_custom_1493024475033{padding-top: 150px !important;padding-bottom: 150px !important;background-image: url(https:\/\/www.omniwood.be\/wp-content\/uploads\/2017\/04\/pexels-photo.jpg?id=1635) !important;background-position: center !important;background-repeat: no-repeat !important;background-size: cover !important;}\u00a0\u00bb][vc_column][\/vc_column][\/vc_row][vc_row content_placement=\u00a0\u00bbmiddle\u00a0\u00bb sbxs_bg_class=\u00a0\u00bbbg-light\u00a0\u00bb css=\u00a0\u00bb.vc_custom_1495097486302{margin-top: 10px !important;margin-bottom: 10px !important;padding-top: 20px !important;padding-right: 20px !important;padding-bottom: 20px !important;padding-left: 20px !important;}\u00a0\u00bb][vc_column width=\u00a0\u00bb1\/4&Prime;][vc_single_image source=\u00a0\u00bbexternal_link\u00a0\u00bb external_img_size=\u00a0\u00bb100&#215;100&Prime; alignment=\u00a0\u00bbcenter\u00a0\u00bb custom_src=\u00a0\u00bbhttps:\/\/www.omniwood.be\/wp-content\/themes\/sandbox\/images\/icons\/dakspanten.svg\u00a0\u00bb][\/vc_column][vc_column width=\u00a0\u00bb1\/2&Prime;][vc_column_text css=\u00a0\u00bb.vc_custom_1520864433010{padding-bottom: 15px !important;}\u00a0\u00bb] Fermes de toit pr\u00e9fabriqu\u00e9es [\/vc_column_text][vc_column_text sbxs_titlesize_class=\u00a0\u00bb\u00a0\u00bb]Les fermes de toit pr\u00e9fabriqu\u00e9es OMNI TRUSS avec des plaques \u00e0<\/p>\n","protected":false},"author":1,"featured_media":0,"parent":0,"menu_order":0,"comment_status":"closed","ping_status":"closed","template":"","meta":{"_acf_changed":false,"footnotes":""},"class_list":["post-2707","page","type-page","status-publish","hentry"],"acf":[],"_links":{"self":[{"href":"https:\/\/www.omniwood.be\/fr\/wp-json\/wp\/v2\/pages\/2707","targetHints":{"allow":["GET"]}}],"collection":[{"href":"https:\/\/www.omniwood.be\/fr\/wp-json\/wp\/v2\/pages"}],"about":[{"href":"https:\/\/www.omniwood.be\/fr\/wp-json\/wp\/v2\/types\/page"}],"author":[{"embeddable":true,"href":"https:\/\/www.omniwood.be\/fr\/wp-json\/wp\/v2\/users\/1"}],"replies":[{"embeddable":true,"href":"https:\/\/www.omniwood.be\/fr\/wp-json\/wp\/v2\/comments?post=2707"}],"version-history":[{"count":6,"href":"https:\/\/www.omniwood.be\/fr\/wp-json\/wp\/v2\/pages\/2707\/revisions"}],"predecessor-version":[{"id":2976,"href":"https:\/\/www.omniwood.be\/fr\/wp-json\/wp\/v2\/pages\/2707\/revisions\/2976"}],"wp:attachment":[{"href":"https:\/\/www.omniwood.be\/fr\/wp-json\/wp\/v2\/media?parent=2707"}],"curies":[{"name":"wp","href":"https:\/\/api.w.org\/{rel}","templated":true}]}}