
{"id":2709,"date":"2017-04-07T12:42:51","date_gmt":"2017-04-07T11:42:51","guid":{"rendered":"https:\/\/www.omniwood.be\/over-ons\/"},"modified":"2018-04-19T15:27:23","modified_gmt":"2018-04-19T14:27:23","slug":"a-propos","status":"publish","type":"page","link":"https:\/\/www.omniwood.be\/fr\/a-propos\/","title":{"rendered":"A propos"},"content":{"rendered":"<div class=\"wpb-content-wrapper\"><p>[vc_row full_width=\u00a0\u00bbstretch_row\u00a0\u00bb css=\u00a0\u00bb.vc_custom_1517390217562{padding-top: 150px !important;padding-bottom: 150px !important;background-image: url(https:\/\/www.omniwood.be\/wp-content\/uploads\/2018\/01\/IMG-2553.jpg?id=2545) !important;background-position: center !important;background-repeat: no-repeat !important;background-size: cover !important;}\u00a0\u00bb][vc_column][\/vc_column][\/vc_row][vc_row sbxs_bg_class=\u00a0\u00bbbg-primary\u00a0\u00bb sbxs_headings_class=\u00a0\u00bbheadings-light\u00a0\u00bb sbxs_text_class=\u00a0\u00bbtext-light\u00a0\u00bb css=\u00a0\u00bb.vc_custom_1493024234176{margin-top: 50px !important;margin-bottom: 20px !important;padding-top: 30px !important;padding-bottom: 30px !important;}\u00a0\u00bb][vc_column][vc_column_text]<\/p>\n<h3 style=\"text-align: center;\">A propos<\/h3>\n<p>[\/vc_column_text][\/vc_column][\/vc_row][vc_row full_width=\u00a0\u00bbstretch_row\u00a0\u00bb sbxs_bg_class=\u00a0\u00bbbg-white\u00a0\u00bb sbxs_headings_class=\u00a0\u00bbheadings-secondary\u00a0\u00bb sbxs_text_class=\u00a0\u00bbtext-dark\u00a0\u00bb css=\u00a0\u00bb.vc_custom_1493024241399{margin-top: 30px !important;}\u00a0\u00bb][vc_column][vc_column_text]<\/p>\n<h2>Omni Wood<\/h2>\n<p>[\/vc_column_text][vc_separator color=\u00a0\u00bbcustom\u00a0\u00bb align=\u00a0\u00bbalign_left\u00a0\u00bb el_width=\u00a0\u00bb10&Prime; accent_color=\u00a0\u00bb#147134&Prime; css=\u00a0\u00bb.vc_custom_1493024402869{padding-top: 20px !important;padding-bottom: 20px !important;}\u00a0\u00bb][vc_row_inner content_placement=\u00a0\u00bbmiddle\u00a0\u00bb css=\u00a0\u00bb.vc_custom_1496394467742{padding-top: 40px !important;padding-bottom: 40px !important;}\u00a0\u00bb][vc_column_inner width=\u00a0\u00bb2\/3&Prime;][vc_column_text sbxs_titlesize_class=\u00a0\u00bb\u00a0\u00bb]OMNI WOOD a vu le jour en 1997 en tant qu\u2019entreprise d\u2019une personne dans un petit atelier de menuiserie \u00e0 Linter. C\u2019est l\u00e0 que se produisaient les armoires encastr\u00e9es, les escaliers et toutes sortes de travaux de menuiseries int\u00e9rieures pour particuliers.<\/p>\n<p>Vingt ans plus tard, le nom de OMNI WOOD est devenu connu dans la r\u00e9gion de l\u2019Est du Brabant et dans le Sud du Limbourg en tant que fournisseur de constructions en bois et toitures de qualit\u00e9 avec un niveau de finition \u00e9lev\u00e9.[\/vc_column_text][\/vc_column_inner][vc_column_inner width=\u00a0\u00bb1\/3&Prime;][vc_single_image image=\u00a0\u00bb1989&Prime; img_size=\u00a0\u00bbfull\u00a0\u00bb][\/vc_column_inner][\/vc_row_inner][vc_row_inner content_placement=\u00a0\u00bbmiddle\u00a0\u00bb css=\u00a0\u00bb.vc_custom_1496394492739{margin-bottom: 60px !important;padding-top: 40px !important;padding-bottom: 40px !important;}\u00a0\u00bb][vc_column_inner width=\u00a0\u00bb1\/3&Prime;][vc_single_image image=\u00a0\u00bb3197&Prime; img_size=\u00a0\u00bbfull\u00a0\u00bb][\/vc_column_inner][vc_column_inner width=\u00a0\u00bb2\/3&Prime;][vc_column_text]Le portfolio des activit\u00e9s grandissant, n\u2019a pas fait seulement \u00e9voluer le nombre du personnel, mais a \u00e9galement n\u00e9cessit\u00e9 la construction d\u2019un nouveau centre de production moderne, avec une salle d\u2019exposition et des bureaux, malgr\u00e9 l\u2019extension pr\u00e9c\u00e9dente du petit atelier \u00e0 Linter.<\/p>\n<p>OMNI WOOD fait maintenant parti d\u2019une communaut\u00e9 d\u2019affaires dynamique et en pleine croissance de Saint-Trond.<\/p>\n<p>Via notre web site, nous essayerons de vous fournir autant d\u2019informations que possible sur l\u2019ensemble de nos activit\u00e9s, mais il est certain que nous aimerons toujours mieux vous rencontrer en dehors du monde virtuel, que ce soit dans notre salle d\u2019exposition, \u00e0 votre domicile ou dans votre entreprise.<\/p>\n<p>En attendant, nous vous remercions pour votre int\u00e9r\u00eat dans notre soci\u00e9t\u00e9.[\/vc_column_text][\/vc_column_inner][\/vc_row_inner][\/vc_column][\/vc_row][vc_row][vc_column][\/vc_column][\/vc_row]<\/p>\n<\/div>","protected":false},"excerpt":{"rendered":"<p>[vc_row full_width=\u00a0\u00bbstretch_row\u00a0\u00bb css=\u00a0\u00bb.vc_custom_1517390217562{padding-top: 150px !important;padding-bottom: 150px !important;background-image: url(https:\/\/www.omniwood.be\/wp-content\/uploads\/2018\/01\/IMG-2553.jpg?id=2545) !important;background-position: center !important;background-repeat: no-repeat !important;background-size: cover !important;}\u00a0\u00bb][vc_column][\/vc_column][\/vc_row][vc_row sbxs_bg_class=\u00a0\u00bbbg-primary\u00a0\u00bb sbxs_headings_class=\u00a0\u00bbheadings-light\u00a0\u00bb sbxs_text_class=\u00a0\u00bbtext-light\u00a0\u00bb css=\u00a0\u00bb.vc_custom_1493024234176{margin-top: 50px !important;margin-bottom: 20px !important;padding-top: 30px !important;padding-bottom: 30px !important;}\u00a0\u00bb][vc_column][vc_column_text] A propos [\/vc_column_text][\/vc_column][\/vc_row][vc_row full_width=\u00a0\u00bbstretch_row\u00a0\u00bb sbxs_bg_class=\u00a0\u00bbbg-white\u00a0\u00bb sbxs_headings_class=\u00a0\u00bbheadings-secondary\u00a0\u00bb sbxs_text_class=\u00a0\u00bbtext-dark\u00a0\u00bb css=\u00a0\u00bb.vc_custom_1493024241399{margin-top: 30px !important;}\u00a0\u00bb][vc_column][vc_column_text] Omni Wood [\/vc_column_text][vc_separator color=\u00a0\u00bbcustom\u00a0\u00bb align=\u00a0\u00bbalign_left\u00a0\u00bb el_width=\u00a0\u00bb10&Prime; accent_color=\u00a0\u00bb#147134&Prime; css=\u00a0\u00bb.vc_custom_1493024402869{padding-top: 20px !important;padding-bottom: 20px !important;}\u00a0\u00bb][vc_row_inner content_placement=\u00a0\u00bbmiddle\u00a0\u00bb css=\u00a0\u00bb.vc_custom_1496394467742{padding-top: 40px !important;padding-bottom: 40px !important;}\u00a0\u00bb][vc_column_inner<\/p>\n","protected":false},"author":4,"featured_media":0,"parent":0,"menu_order":0,"comment_status":"closed","ping_status":"closed","template":"","meta":{"_acf_changed":false,"footnotes":""},"class_list":["post-2709","page","type-page","status-publish","hentry"],"acf":[],"_links":{"self":[{"href":"https:\/\/www.omniwood.be\/fr\/wp-json\/wp\/v2\/pages\/2709","targetHints":{"allow":["GET"]}}],"collection":[{"href":"https:\/\/www.omniwood.be\/fr\/wp-json\/wp\/v2\/pages"}],"about":[{"href":"https:\/\/www.omniwood.be\/fr\/wp-json\/wp\/v2\/types\/page"}],"author":[{"embeddable":true,"href":"https:\/\/www.omniwood.be\/fr\/wp-json\/wp\/v2\/users\/4"}],"replies":[{"embeddable":true,"href":"https:\/\/www.omniwood.be\/fr\/wp-json\/wp\/v2\/comments?post=2709"}],"version-history":[{"count":7,"href":"https:\/\/www.omniwood.be\/fr\/wp-json\/wp\/v2\/pages\/2709\/revisions"}],"predecessor-version":[{"id":3210,"href":"https:\/\/www.omniwood.be\/fr\/wp-json\/wp\/v2\/pages\/2709\/revisions\/3210"}],"wp:attachment":[{"href":"https:\/\/www.omniwood.be\/fr\/wp-json\/wp\/v2\/media?parent=2709"}],"curies":[{"name":"wp","href":"https:\/\/api.w.org\/{rel}","templated":true}]}}