
{"id":2713,"date":"2016-05-02T10:34:03","date_gmt":"2016-05-02T09:34:03","guid":{"rendered":"https:\/\/www.omniwood.be\/contact\/"},"modified":"2018-03-19T13:51:03","modified_gmt":"2018-03-19T12:51:03","slug":"contact","status":"publish","type":"page","link":"https:\/\/www.omniwood.be\/fr\/contact\/","title":{"rendered":"Contact"},"content":{"rendered":"<div class=\"wpb-content-wrapper\"><p>[vc_row full_width=\u00a0\u00bbstretch_row\u00a0\u00bb css=\u00a0\u00bb.vc_custom_1491575545589{padding-top: 150px !important;padding-bottom: 150px !important;background-image: url(https:\/\/www.omniwood.be\/wp-content\/uploads\/2016\/05\/business-card-contact-business-cards-business-42260.png?id=1630) !important;background-position: center !important;background-repeat: no-repeat !important;background-size: cover !important;}\u00a0\u00bb][vc_column][\/vc_column][\/vc_row][vc_row sbxs_bg_class=\u00a0\u00bbbg-primary\u00a0\u00bb sbxs_headings_class=\u00a0\u00bbheadings-light\u00a0\u00bb sbxs_text_class=\u00a0\u00bbtext-light\u00a0\u00bb css=\u00a0\u00bb.vc_custom_1493024234176{margin-top: 50px !important;margin-bottom: 20px !important;padding-top: 30px !important;padding-bottom: 30px !important;}\u00a0\u00bb][vc_column][vc_column_text]<\/p>\n<h3 style=\"text-align: left;\">Contactez Omni Wood<\/h3>\n<p>[\/vc_column_text][\/vc_column][\/vc_row][vc_row content_placement=\u00a0\u00bbmiddle\u00a0\u00bb parallax=\u00a0\u00bbcontent-moving\u00a0\u00bb parallax_image=\u00a0\u00bb1696&Prime; parallax_speed_bg=\u00a0\u00bb2&Prime; sbxs_bg_class=\u00a0\u00bbbg-primary\u00a0\u00bb sbxs_headings_class=\u00a0\u00bbheadings-white\u00a0\u00bb sbxs_text_class=\u00a0\u00bbtext-white\u00a0\u00bb css=\u00a0\u00bb.vc_custom_1493024084092{margin-top: 40px !important;margin-bottom: 40px !important;padding-top: 40px !important;padding-right: 40px !important;padding-bottom: 40px !important;padding-left: 40px !important;}\u00a0\u00bb][vc_column width=\u00a0\u00bb1\/2&Prime;][vc_empty_space height=\u00a0\u00bb10&Prime;][vc_column_text]<\/p>\n<h3>Pouvons-nous vous aider?<\/h3>\n<p>[\/vc_column_text][vc_separator color=\u00a0\u00bbwhite\u00a0\u00bb align=\u00a0\u00bbalign_left\u00a0\u00bb el_width=\u00a0\u00bb10&Prime; css=\u00a0\u00bb.vc_custom_1493023752200{padding-top: 15px !important;padding-bottom: 15px !important;}\u00a0\u00bb][vc_column_text]Nous sommes \u00e0 votre disposition.[\/vc_column_text][\/vc_column][vc_column width=\u00a0\u00bb1\/2&Prime;]\n\n\n\n\t\t<section id=\"container\" class=\"container-fluid contactmodule\">\n\t\t\t\n\t\t\t\n\t\t\t<div class=\"formcol2\">\n\n\t\t\t\t<form method=\"POST\" enctype=\"multipart\/form-data\" id=\"fileUploadForm_1520347897\">\n\t\t\t\t\t\t\t\t\t\t\t\n\t\t\t\t\t\t\t\t\t\t\t\t<table class=\"formtable\" style=\"width: 100%\">\n\t\t\t\t\t\t\t\t\t\t\t\t\t\n\t\t\t\t\t\t\t\t\t\t\t\t\t\t\t<tr>\n\t\t\t\t\t\t\t\t\t\t\t\t\t\t\t\t\t\t\t\n\t\t\t\t\t\t\t\t\t\t\t\n\t\t\t\t\t\t\t\t\t\t\t\t\t\t\t\t\t\t\t\t\t\t\n\t\t\t\t\t\t\t\t\t\t\t\t<td class=\"text-right veldnaam\">\n\t\t\t\t\t\t\t\t\t\t\t\t\t<b>Nom *<\/b>\n\t\t\t\t\t\t\t\t\t\t\t\t\t\n\t\t\t\t\t\t\t\t\t\t\t\t<\/td>\n\t\t\t\t\t\t\t\t\t\t\t\t<td>\n\t\t\t\t\t\t\t\t\t\t\t\t\t<input type=\"text\" name=\"field_0\" placeholder=\"Nom\" class=\"field_1520347897\">\n\t\t\t\t\t\t\t\t\t\t\t\t<\/td>\n\t\t\t\t\t\t\t\t\t\t\t\n\t\t\t\t\t\t\t\t\t\t\t\t\t\t\t\t\t\t\t\t\t\t\n\t\t\t\t\t\t\t\t\t\t\t\n\t\t\t\t\t\t\t\t\t\t\t\n\t\t\t\t\t\t\t\t\t\t\t\t\t\t\t\t\t\t\t<\/tr>\n\t\t\t\t\t\t\t\t\t\t\t\t\t\t\t<tr>\n\t\t\t\t\t\t\t\t\t\t\t\t\t\t\t\t\t\t\t\n\t\t\t\t\t\t\t\t\t\t\t\n\t\t\t\t\t\t\t\t\t\t\t\t\t\t\t\t\t\t\t\t\t\t\n\t\t\t\t\t\t\t\t\t\t\t\t<td class=\"text-right veldnaam\">\n\t\t\t\t\t\t\t\t\t\t\t\t\t<b>Email *<\/b>\n\t\t\t\t\t\t\t\t\t\t\t\t\t\n\t\t\t\t\t\t\t\t\t\t\t\t<\/td>\n\t\t\t\t\t\t\t\t\t\t\t\t<td>\n\t\t\t\t\t\t\t\t\t\t\t\t\t<input type=\"text\" name=\"field_1\" placeholder=\"Adresse email\" class=\"field_1520347897\">\n\t\t\t\t\t\t\t\t\t\t\t\t<\/td>\n\t\t\t\t\t\t\t\t\t\t\t\n\t\t\t\t\t\t\t\t\t\t\t\t\t\t\t\t\t\t\t\t\t\t\n\t\t\t\t\t\t\t\t\t\t\t\n\t\t\t\t\t\t\t\t\t\t\t\n\t\t\t\t\t\t\t\t\t\t\t\t\t\t\t\t\t\t\t<\/tr>\n\t\t\t\t\t\t\t\t\t\t\t\t\t\t\t<tr>\n\t\t\t\t\t\t\t\t\t\t\t\t\t\t\t\t\t\t\t\n\t\t\t\t\t\t\t\t\t\t\t\n\t\t\t\t\t\t\t\t\t\t\t\t\t\t\t\t\t\t\t\t\t\t\n\t\t\t\t\t\t\t\t\t\t\t\t<td class=\"text-right veldnaam\">\n\t\t\t\t\t\t\t\t\t\t\t\t\t<b>Num\u00e9ro de t\u00e9l\u00e9phone *<\/b>\n\t\t\t\t\t\t\t\t\t\t\t\t\t\n\t\t\t\t\t\t\t\t\t\t\t\t<\/td>\n\t\t\t\t\t\t\t\t\t\t\t\t<td>\n\t\t\t\t\t\t\t\t\t\t\t\t\t<input type=\"text\" name=\"field_2\" placeholder=\"Num\u00e9ro de t\u00e9l\u00e9phone\" class=\"field_1520347897\">\n\t\t\t\t\t\t\t\t\t\t\t\t<\/td>\n\t\t\t\t\t\t\t\t\t\t\t\n\t\t\t\t\t\t\t\t\t\t\t\t\t\t\t\t\t\t\t\t\t\t\n\t\t\t\t\t\t\t\t\t\t\t\n\t\t\t\t\t\t\t\t\t\t\t\n\t\t\t\t\t\t\t\t\t\t\t\t\t\t\t\t\t\t\t<\/tr>\n\t\t\t\t\t\t\t\t\t\t\t\t\t\t\t<tr>\n\t\t\t\t\t\t\t\t\t\t\t\t\t\t\t\t\t\t\t\n\t\t\t\t\t\t\t\t\t\t\t\t\t\t\t\t\t\t\t\t\t\t\n\t\t\t\t\t\t\t\t\t\t\t\t<td class=\"text-right\">\n\t\t\t\t\t\t\t\t\t\t\t\t\t<b>Message *<\/b>\n\t\t\t\t\t\t\t\t\t\t\t\t<\/td>\n\t\t\t\t\t\t\t\t\t\t\t\t<td>\n\t\t\t\t\t\t\t\t\t\t\t\t\t<textarea name=\"field_3\" placeholder=\"Message\" class=\"field_1520347897\"><\/textarea>\n\t\t\t\t\t\t\t\t\t\t\t\t\t\n\t\t\t\t\t\t\t\t\t\t\t\t<\/td>\n\t\t\t\t\t\t\t\t\t\t\t\t\n\t\t\t\t\t\t\t\t\t\t\t\t\t\t\t\t\t\t\t\t\t\t\n\t\t\t\t\t\t\t\t\t\t\t\n\t\t\t\t\t\t\t\t\t\t\t\n\t\t\t\t\t\t\t\t\t\t\t\t\t\t\t\t\t\t\t<\/tr>\n\t\t\t\t\t\t\t\t\t\t\t\t\t\t\t<tr>\n\t\t\t\t\t\t\t\t\t\t\t\t\t\t\t\t\t\t\t\t\n\t\t\t\t\t\t\t\t\t\t\t\t\t\t\t\t\t\t\t\t\t\t\t\t\t<td class=\"text-right\">\n\t\t\t\t\t\t\t\t\t\t\t\t\t\t<b> <\/b>\n\t\t\t\t\t\t\t\t\t\t\t\t\t<\/td>\n\t\t\t\t\t\t\t\t\t\t\t\t\t<td>\n\t\t\t\t\t\t\t\t\t\t\t\t\n\n\t\t\t\t\t\t\t\t\t\t\t\t\t\t<script src='https:\/\/www.google.com\/recaptcha\/api.js?hl=fr'><\/script>\n\t\t\t\t\t\t\t\t\t\t\t\t\t\t<div class=\"g-recaptcha\" data-sitekey=\"6LeY_VYUAAAAADnYI8EchVN2sl30eYPqPpDWxiGN\"><\/div>\n\n\t\t\t\t\t\t\t\t\t\t\t\t\t<\/td>\n\t\t\t\t\t\t\t\t\t\t\t\t\t\t\t\t\t\t\t\t\t\t\t\n\t\t\t\t\t\t\t\t\t\t\t\t\t\t\t\t\t\t\t<\/tr>\n\t\t\t\t\t\t\t\t\t\t\t\t\t\t\t<tr>\n\t\t\t\t\t\t\t\t\t\t\t\t\t\t\t\t\t\t\t\n\t\t\t\t\t\t\t\t\t\t\t\n\t\t\t\t\t\t\t\t\t\t\t\t\t\t\t\t\t\t\t\t\t\t\n\t\t\t\t\t\t\t\t\t\t\t\t<td class=\"text-right\">\n\t\t\t\t\t\t\t\t\t\t\t\t\t<b>Privacy Policy *<\/b>\n\t\t\t\t\t\t\t\t\t\t\t\t<\/td>\n\t\t\t\t\t\t\t\t\t\t\t\t<td>\n\t\n\t\t\t\t\t\t\t\t\t\t\t\t\t<span class=\"fieldchoicewrap_5 privacypolicyfieldwrap\">\n\t\t\t\t\t\t\t\t\t\t\t\t\t\t\n\t\t\t\t\t\t\t\t\t\t\t\t\t\t\t\t\t\t\t\t\t\t\t\t\t\t\t\t\t\t\n\t\t\t\t\t\t\t\t\t\t\t\t\t\t\t<input type=\"hidden\" name=\"field_5\" value=\"0\">\n\t\t\t\t\t\t\t\t\t\t\t\t\t\t\t<input type=\"checkbox\" name=\"field_5\" id=\"field_5__1520347897\" class=\"field_1520347897 choose-checkbox\" value=\"Ik ga akkoord met de verwerking van mijn gegevens\">\n\t\t\t\t\t\t\t\t\t\t\t\t\t\t\t<label for=\"field_5__1520347897\" class=\"choose-checkbox-label\">Ik ga akkoord met de verwerking van mijn gegevens<\/label>\n\t\t\t\t\t\t\t\t\t\t\t\t\t\t\t<a href=\"\/fr\/protection-des-donnees\/\" class=\"privacy-policy-link\">privacy policy<\/a>\t\t\t\t\t\t\t\t\t\t\t\t\t<\/span>\n\t\t\t\t\t\t\t\t\t\t\t\t\n\t\t\t\t\t\t\t\t\t\t\t\t\t\n\t\t\t\t\t\t\t\t\t\t\t\t<\/td>\n\t\t\t\t\t\t\t\t\t\t\t\n\t\t\t\t\t\t\t\t\t\t\t\t\t\t\t\t\t\t\t\t\t\t\n\t\t\t\t\t\t\t\t\t\t\t\n\t\t\t\t\t\t\t\t\t\t\t\n\t\t\t\t\t\t\t\t\t\t\t\n\t\t\t\t\t\t\t\t\t\t\t\t\t\t\t\t\t\t\t<\/tr>\n\t\t\t\t\t\t\t\t\t\t\t\t\t\t<tr>\n\t\t\t\t\t\t\t\t<td colspan=\"2\">\n\t\t\t\t\t\t\t\t\t<div class=\"spinner\">\n\t\t\t\t\t\t\t\t\t\t  <div class=\"bounce1\"><\/div>\n\t\t\t\t\t\t\t\t\t\t  <div class=\"bounce2\"><\/div>\n\t\t\t\t\t\t\t\t\t\t  <div class=\"bounce3\"><\/div>\n\t\t\t\t\t\t\t\t\t<\/div>\n\t\t\t\t\t\t\t\t\t\n\t\t\t\t\t\t\t\t\t<div class=\"result-wrap\">\n\t\t\t\t\t\t\t\t\t\t<div class=\"clearfix\"><\/div>\n\t\t\t\t\t\t\t\t\t\t<div class=\"result-container_1520347897\">&nbsp;<\/div>\n\t\t\t\t\t\t\t\t\t<\/div>\n\t\t\t\t\t\t\t\t<\/td>\n\t\t\t\t\t\t\t<\/tr>\n\t\t\t\t\t\t\t<tr class=\"text-center\">\n\t\t\t\t\t\t\t\t\n\t\t\t\t\t\t\t\t<td colspan=\"2\"><a class=\"button sendcontactform sendcontactform_1520347897 sendbutton\" data-suffix=\"_1520347897\">Envoyer<\/a><\/td>\n\t\t\t\t\t\t\t<\/tr>\n\t\t\t\t\t\t\t\n\t\t\t\t\t\t\t\t\t\t\t\t<\/table>\n\t\t\t\t\t\t\n\t\t\t\t\t\t\t\t\n\t\t\t\t\t\t\t\t\t\t<\/form>\n\t\t\t\t\n\t\t\t\t\n\t\t\t\t\n\n\t\t\t<\/div>\n\t\t<\/section>\t\t\t\n\t\t<div class=\"clearfix\"><\/div>\n\t\t\n\n\n\n\t\t\t[\/vc_column][\/vc_row]<\/p>\n<\/div>","protected":false},"excerpt":{"rendered":"<p>[vc_row full_width=\u00a0\u00bbstretch_row\u00a0\u00bb css=\u00a0\u00bb.vc_custom_1491575545589{padding-top: 150px !important;padding-bottom: 150px !important;background-image: url(https:\/\/www.omniwood.be\/wp-content\/uploads\/2016\/05\/business-card-contact-business-cards-business-42260.png?id=1630) !important;background-position: center !important;background-repeat: no-repeat !important;background-size: cover !important;}\u00a0\u00bb][vc_column][\/vc_column][\/vc_row][vc_row sbxs_bg_class=\u00a0\u00bbbg-primary\u00a0\u00bb sbxs_headings_class=\u00a0\u00bbheadings-light\u00a0\u00bb sbxs_text_class=\u00a0\u00bbtext-light\u00a0\u00bb css=\u00a0\u00bb.vc_custom_1493024234176{margin-top: 50px !important;margin-bottom: 20px !important;padding-top: 30px !important;padding-bottom: 30px !important;}\u00a0\u00bb][vc_column][vc_column_text] Contactez Omni Wood [\/vc_column_text][\/vc_column][\/vc_row][vc_row content_placement=\u00a0\u00bbmiddle\u00a0\u00bb parallax=\u00a0\u00bbcontent-moving\u00a0\u00bb parallax_image=\u00a0\u00bb1696&Prime; parallax_speed_bg=\u00a0\u00bb2&Prime; sbxs_bg_class=\u00a0\u00bbbg-primary\u00a0\u00bb sbxs_headings_class=\u00a0\u00bbheadings-white\u00a0\u00bb sbxs_text_class=\u00a0\u00bbtext-white\u00a0\u00bb css=\u00a0\u00bb.vc_custom_1493024084092{margin-top: 40px !important;margin-bottom: 40px !important;padding-top: 40px !important;padding-right: 40px !important;padding-bottom: 40px !important;padding-left: 40px !important;}\u00a0\u00bb][vc_column width=\u00a0\u00bb1\/2&Prime;][vc_empty_space height=\u00a0\u00bb10&Prime;][vc_column_text] Pouvons-nous vous<\/p>\n","protected":false},"author":1,"featured_media":0,"parent":0,"menu_order":0,"comment_status":"closed","ping_status":"closed","template":"","meta":{"_acf_changed":false,"footnotes":""},"class_list":["post-2713","page","type-page","status-publish","hentry"],"acf":[],"_links":{"self":[{"href":"https:\/\/www.omniwood.be\/fr\/wp-json\/wp\/v2\/pages\/2713","targetHints":{"allow":["GET"]}}],"collection":[{"href":"https:\/\/www.omniwood.be\/fr\/wp-json\/wp\/v2\/pages"}],"about":[{"href":"https:\/\/www.omniwood.be\/fr\/wp-json\/wp\/v2\/types\/page"}],"author":[{"embeddable":true,"href":"https:\/\/www.omniwood.be\/fr\/wp-json\/wp\/v2\/users\/1"}],"replies":[{"embeddable":true,"href":"https:\/\/www.omniwood.be\/fr\/wp-json\/wp\/v2\/comments?post=2713"}],"version-history":[{"count":4,"href":"https:\/\/www.omniwood.be\/fr\/wp-json\/wp\/v2\/pages\/2713\/revisions"}],"predecessor-version":[{"id":2987,"href":"https:\/\/www.omniwood.be\/fr\/wp-json\/wp\/v2\/pages\/2713\/revisions\/2987"}],"wp:attachment":[{"href":"https:\/\/www.omniwood.be\/fr\/wp-json\/wp\/v2\/media?parent=2713"}],"curies":[{"name":"wp","href":"https:\/\/api.w.org\/{rel}","templated":true}]}}