
{"id":2715,"date":"2016-03-03T14:10:32","date_gmt":"2016-03-03T13:10:32","guid":{"rendered":"https:\/\/www.omniwood.be\/home\/"},"modified":"2018-03-19T10:26:50","modified_gmt":"2018-03-19T09:26:50","slug":"home","status":"publish","type":"page","link":"https:\/\/www.omniwood.be\/fr\/","title":{"rendered":"Home"},"content":{"rendered":"<div class=\"wpb-content-wrapper\"><p>[vc_row full_width=\u00a0\u00bbstretch_row_content_no_spaces\u00a0\u00bb][vc_column]\n\n\n\t\t\t\t\n\t\t\t\t<div class=\"ct ct-slider sbxs-slider owl-carousel owl-theme\" data-codtabs=\"isAutoRun-on\" style=\"height: 550px;\">\n\t\t\t\t\t\t\t\t\t\n\t\t\t\t\t\t<div class=\"slide item\" style=\"background-image: url(https:\/\/www.omniwood.be\/wp-content\/uploads\/2017\/06\/Schermafbeelding-2017-06-02-om-15.23.52.png); height: 550px;\">\n\t\t\t\t\t\t\t\n\t\t\t\t\t\t\t\t\t\t\t\t\t\t<div class=\"overlay\" style=\"background-color: rgba(0, 0, 0, 0.30);\"><\/div>\n\t\t\t\t\t\t\t\t\t\t\t\t\t\t\n\t\t\t\t\t\t\t<div class=\"innerslide container\">\n\t\t\t\t\t\t\t\t\t\t\t\t\t\t\t\t<div class=\"templatera_shortcode\"><div class=\"vc_row wpb_row vc_row-fluid vc_row-o-content-middle vc_row-flex\"><div class=\"wpb_column vc_column_container vc_col-sm-3\"><div class=\"vc_column-inner \"><div class=\"wpb_wrapper\"><\/div><\/div><\/div><div class=\"wpb_column vc_column_container vc_col-sm-6 headings-white text-white\"><div class=\"vc_column-inner \"><div class=\"wpb_wrapper\">\n\t<div class=\"wpb_text_column wpb_content_element    \" >\n\t\t<div class=\"wpb_wrapper\">\n\t\t\t<h1 style=\"text-align: center;\"><\/h1>\n\n\t\t<\/div>\n\t<\/div>\n\n\t<div class=\"wpb_text_column wpb_content_element  vc_custom_1496152946294   \" >\n\t\t<div class=\"wpb_wrapper\">\n\t\t\t\n\t\t<\/div>\n\t<\/div>\n<\/div><\/div><\/div><div class=\"wpb_column vc_column_container vc_col-sm-3\"><div class=\"vc_column-inner \"><div class=\"wpb_wrapper\"><\/div><\/div><\/div><\/div><\/div>\t\t\t\t\t\t\t<\/div>\n\n\t\t\t\t\t\t<\/div>\n\t\t\t\t\t\t\t\t\t\t\t\t\n\t\t\t\t\t\t\t\t\t\t\t\n\t\t\t\t\t\t\t\t\t\t\n\t\t\t\t\t\t<div class=\"slide item\" style=\"background-image: url(https:\/\/www.omniwood.be\/wp-content\/uploads\/2018\/02\/IMG-1516-1920x1440.jpg); height: 550px;\">\n\t\t\t\t\t\t\t\n\t\t\t\t\t\t\t\t\t\t\t\t\t\t<div class=\"overlay\" style=\"background-color: rgba(0, 0, 0, 0.30);\"><\/div>\n\t\t\t\t\t\t\t\t\t\t\t\t\t\t\n\t\t\t\t\t\t\t<div class=\"innerslide container\">\n\t\t\t\t\t\t\t\t\t\t\t\t\t\t\t\t<div class=\"templatera_shortcode\"><div class=\"vc_row wpb_row vc_row-fluid vc_row-o-content-middle vc_row-flex\"><div class=\"wpb_column vc_column_container vc_col-sm-4\"><div class=\"vc_column-inner \"><div class=\"wpb_wrapper\"><\/div><\/div><\/div><div class=\"wpb_column vc_column_container vc_col-sm-4 headings-white text-white\"><div class=\"vc_column-inner \"><div class=\"wpb_wrapper\">\n\t<div class=\"wpb_text_column wpb_content_element  vc_custom_1496153212194   \" >\n\t\t<div class=\"wpb_wrapper\">\n\t\t\t<h1 style=\"text-align: center;\"><\/h1>\n\n\t\t<\/div>\n\t<\/div>\n\n\t<div class=\"wpb_text_column wpb_content_element    \" >\n\t\t<div class=\"wpb_wrapper\">\n\t\t\t\n\t\t<\/div>\n\t<\/div>\n<\/div><\/div><\/div><div class=\"wpb_column vc_column_container vc_col-sm-4\"><div class=\"vc_column-inner \"><div class=\"wpb_wrapper\"><\/div><\/div><\/div><\/div><\/div>\t\t\t\t\t\t\t<\/div>\n\n\t\t\t\t\t\t<\/div>\n\t\t\t\t\t\t\t\t\t\t\t\t\n\t\t\t\t\t\t\t\t\t\t\t\n\t\t\t\t\t\t\t\t\t\t\n\t\t\t\t\t\t<div class=\"slide item\" style=\"background-image: url(https:\/\/www.omniwood.be\/wp-content\/uploads\/2018\/02\/IMG-1682-1920x1440.jpg); height: 550px;\">\n\t\t\t\t\t\t\t\n\t\t\t\t\t\t\t\t\t\t\t\t\t\t<div class=\"overlay\" style=\"background-color: rgba(0, 0, 0, 0.30);\"><\/div>\n\t\t\t\t\t\t\t\t\t\t\t\t\t\t\n\t\t\t\t\t\t\t<div class=\"innerslide container\">\n\t\t\t\t\t\t\t\t\t\t\t\t\t\t\t\t<div class=\"templatera_shortcode\"><div class=\"vc_row wpb_row vc_row-fluid vc_row-o-content-middle vc_row-flex\"><div class=\"wpb_column vc_column_container vc_col-sm-4\"><div class=\"vc_column-inner \"><div class=\"wpb_wrapper\"><\/div><\/div><\/div><div class=\"wpb_column vc_column_container vc_col-sm-4 headings-white text-white\"><div class=\"vc_column-inner \"><div class=\"wpb_wrapper\">\n\t<div class=\"wpb_text_column wpb_content_element  vc_custom_1496153288212   \" >\n\t\t<div class=\"wpb_wrapper\">\n\t\t\t<h1 style=\"text-align: center;\"><\/h1>\n\n\t\t<\/div>\n\t<\/div>\n\n\t<div class=\"wpb_text_column wpb_content_element    \" >\n\t\t<div class=\"wpb_wrapper\">\n\t\t\t\n\t\t<\/div>\n\t<\/div>\n<\/div><\/div><\/div><div class=\"wpb_column vc_column_container vc_col-sm-4\"><div class=\"vc_column-inner \"><div class=\"wpb_wrapper\"><\/div><\/div><\/div><\/div><\/div>\t\t\t\t\t\t\t<\/div>\n\n\t\t\t\t\t\t<\/div>\n\t\t\t\t\t\t\t\t\t\t\t\t\n\t\t\t\t\t\t\t\t\t\t\t\n\t\t\t\t\t\t\t\t\t\t\n\t\t\t\t\t\t<div class=\"slide item\" style=\"background-image: url(https:\/\/www.omniwood.be\/wp-content\/uploads\/2017\/06\/2014-03-15-11.03.06-1920x1440.jpg); height: 550px;\">\n\t\t\t\t\t\t\t\n\t\t\t\t\t\t\t\t\t\t\t\t\t\t\n\t\t\t\t\t\t\t<div class=\"innerslide container\">\n\t\t\t\t\t\t\t\t\t\t\t\t\t\t\t\t<div class=\"templatera_shortcode\"><div class=\"vc_row wpb_row vc_row-fluid vc_row-o-content-middle vc_row-flex\"><div class=\"wpb_column vc_column_container vc_col-sm-4\"><div class=\"vc_column-inner \"><div class=\"wpb_wrapper\"><\/div><\/div><\/div><div class=\"wpb_column vc_column_container vc_col-sm-4\"><div class=\"vc_column-inner \"><div class=\"wpb_wrapper\">\n\t<div class=\"wpb_text_column wpb_content_element    \" >\n\t\t<div class=\"wpb_wrapper\">\n\t\t\t\n\t\t<\/div>\n\t<\/div>\n<\/div><\/div><\/div><div class=\"wpb_column vc_column_container vc_col-sm-4\"><div class=\"vc_column-inner \"><div class=\"wpb_wrapper\"><\/div><\/div><\/div><\/div><\/div>\t\t\t\t\t\t\t<\/div>\n\n\t\t\t\t\t\t<\/div>\n\t\t\t\t\t\t\t\t\t\t\t\t\n\t\t\t\t\t\t\t\t\t\t\t\n\t\t\t\t\t\t\t\t\t<\/div>\n\t\t\t\t\n\t\t\t[\/vc_column][\/vc_row][vc_row content_placement=\u00a0\u00bbmiddle\u00a0\u00bb sbxs_headings_class=\u00a0\u00bbheadings-secondary\u00a0\u00bb sbxs_text_class=\u00a0\u00bbtext-dark\u00a0\u00bb css=\u00a0\u00bb.vc_custom_1491809160398{padding-top: 60px !important;padding-bottom: 60px !important;}\u00a0\u00bb][vc_column width=\u00a0\u00bb1\/2&Prime;][vc_column_text]<\/p>\n<h2 style=\"text-align: left;\">Omni Wood, construction bois-\u00e9co<\/h2>\n<p>[\/vc_column_text][vc_separator color=\u00a0\u00bbcustom\u00a0\u00bb align=\u00a0\u00bbalign_left\u00a0\u00bb el_width=\u00a0\u00bb20&Prime; css=\u00a0\u00bb.vc_custom_1491809114634{padding-top: 15px !important;padding-bottom: 15px !important;}\u00a0\u00bb accent_color=\u00a0\u00bb#2e784f\u00a0\u00bb][vc_column_text]Etes-vous \u00e0 la recherche d\u2019une construction de toit professionnelle et de tr\u00e8s haute qualit\u00e9 ?<\/p>\n<p>Souhaitez-vous donner un coup de pouce \u00e0 l\u2019environnement en isolant votre maison ou nouvelle construction de fa\u00e7on responsable et \u00e9cologique\u00a0?<\/p>\n<p>Votre int\u00e9rieur est-il \u00e0 rafraichir\u00a0?<\/p>\n<p>Avez-vous besoin d\u2019armoires encastr\u00e9es ou de mobiliers sur mesure\u00a0?<\/p>\n<p>Alors, ne cherchez plus, vous \u00eates arriv\u00e9 \u00e0 la bonne adresse\u00a0![\/vc_column_text][\/vc_column][vc_column width=\u00a0\u00bb1\/2&Prime;][vc_single_image image=\u00a0\u00bb1852&Prime; img_size=\u00a0\u00bb700&#215;370&Prime;][\/vc_column][\/vc_row][vc_row sbxs_bg_class=\u00a0\u00bbbg-primary\u00a0\u00bb sbxs_headings_class=\u00a0\u00bbheadings-white\u00a0\u00bb sbxs_text_class=\u00a0\u00bbtext-white\u00a0\u00bb css=\u00a0\u00bb.vc_custom_1498556327977{padding-top: 60px !important;padding-right: 40px !important;padding-bottom: 10px !important;padding-left: 40px !important;background-image: url(https:\/\/www.omniwood.be\/wp-content\/uploads\/2016\/03\/spie-1kopie.png?id=2369) !important;background-position: center !important;background-repeat: no-repeat !important;background-size: cover !important;}\u00a0\u00bb][vc_column width=\u00a0\u00bb1\/3&Prime; offset=\u00a0\u00bbvc_col-xs-2&Prime;][\/vc_column][vc_column width=\u00a0\u00bb1\/3&Prime; offset=\u00a0\u00bbvc_col-xs-2&Prime;][\/vc_column][vc_column width=\u00a0\u00bb1\/3&Prime; offset=\u00a0\u00bbvc_col-xs-8&Prime;][vc_single_image image=\u00a0\u00bb2850&Prime; img_size=\u00a0\u00bbfull\u00a0\u00bb alignment=\u00a0\u00bbright\u00a0\u00bb][\/vc_column][\/vc_row][vc_row full_width=\u00a0\u00bbstretch_row\u00a0\u00bb sbxs_headings_class=\u00a0\u00bbheadings-white\u00a0\u00bb sbxs_text_class=\u00a0\u00bbtext-white\u00a0\u00bb css=\u00a0\u00bb.vc_custom_1494338096640{margin-top: 50px !important;padding-top: 45px !important;padding-right: 30px !important;padding-bottom: 30px !important;padding-left: 30px !important;background-color: rgba(0,0,0,0.69) !important;*background-color: rgb(0,0,0) !important;}\u00a0\u00bb][vc_column][vc_column_text]<\/p>\n<h3 style=\"text-align: left;\">Nos services<\/h3>\n<p>[\/vc_column_text][\/vc_column][\/vc_row][vc_row full_width=\u00a0\u00bbstretch_row\u00a0\u00bb sbxs_bg_class=\u00a0\u00bbbg-light\u00a0\u00bb sbxs_text_class=\u00a0\u00bbtext-dark\u00a0\u00bb css=\u00a0\u00bb.vc_custom_1494337330541{margin-bottom: 50px !important;padding-top: 30px !important;padding-right: 30px !important;padding-bottom: 30px !important;padding-left: 30px !important;}\u00a0\u00bb][vc_column width=\u00a0\u00bb1\/2&Prime;][vc_single_image image=\u00a0\u00bb2076&Prime; img_size=\u00a0\u00bb300&#215;75&Prime;][vc_empty_space][vc_row_inner content_placement=\u00a0\u00bbmiddle\u00a0\u00bb][vc_column_inner width=\u00a0\u00bb1\/4&Prime;][vc_single_image source=\u00a0\u00bbexternal_link\u00a0\u00bb external_img_size=\u00a0\u00bb100&#215;100&Prime; alignment=\u00a0\u00bbcenter\u00a0\u00bb onclick=\u00a0\u00bbcustom_link\u00a0\u00bb custom_src=\u00a0\u00bbhttps:\/\/www.omniwood.be\/wp-content\/themes\/sandbox\/images\/icons\/dak.svg\u00a0\u00bb link=\u00a0\u00bb\/diensten\/daken\/\u00a0\u00bb][\/vc_column_inner][vc_column_inner width=\u00a0\u00bb3\/4&Prime;][vc_column_text]<\/p>\n<h4>Toits<\/h4>\n<p>[\/vc_column_text][vc_column_text]Toits en pente et toits plats, nouvelle construction et r\u00e9novation[\/vc_column_text]\t\t\t<p class=\" text-left button-p-wrap \">\n\t\t\t\t<a href=\"\/fr\/services\/toits\/\" class=\"button outlined  small\" target=\"\">en savoir plus<\/a>\t\n\t\t\t<\/p>\n\t\t\t[\/vc_column_inner][\/vc_row_inner][vc_separator css=\u00a0\u00bb.vc_custom_1494337416223{padding-top: 15px !important;padding-bottom: 15px !important;}\u00a0\u00bb][vc_row_inner content_placement=\u00a0\u00bbmiddle\u00a0\u00bb][vc_column_inner width=\u00a0\u00bb1\/4&Prime;][vc_single_image source=\u00a0\u00bbexternal_link\u00a0\u00bb external_img_size=\u00a0\u00bb100&#215;100&Prime; alignment=\u00a0\u00bbcenter\u00a0\u00bb onclick=\u00a0\u00bbcustom_link\u00a0\u00bb custom_src=\u00a0\u00bbhttps:\/\/www.omniwood.be\/wp-content\/themes\/sandbox\/images\/icons\/gevel.svg\u00a0\u00bb link=\u00a0\u00bb\/diensten\/gevelbekleding\/\u00a0\u00bb][\/vc_column_inner][vc_column_inner width=\u00a0\u00bb3\/4&Prime;][vc_column_text]<\/p>\n<h4>Rev\u00eatement de facade<\/h4>\n<p>[\/vc_column_text][vc_column_text]Rev\u00eatement de fa\u00e7ade ventil\u00e9e en bois massif ou panneau plein, en lattes ou en dalles[\/vc_column_text]\t\t\t<p class=\" text-left button-p-wrap \">\n\t\t\t\t<a href=\"\/fr\/services\/revetement-de-facade-vetedy-trespa\/\" class=\"button outlined  small\" target=\"\">en savoir plus<\/a>\t\n\t\t\t<\/p>\n\t\t\t[\/vc_column_inner][\/vc_row_inner][vc_separator css=\u00a0\u00bb.vc_custom_1494337416223{padding-top: 15px !important;padding-bottom: 15px !important;}\u00a0\u00bb][vc_row_inner content_placement=\u00a0\u00bbmiddle\u00a0\u00bb][vc_column_inner width=\u00a0\u00bb1\/4&Prime;][vc_single_image source=\u00a0\u00bbexternal_link\u00a0\u00bb external_img_size=\u00a0\u00bb100&#215;100&Prime; alignment=\u00a0\u00bbcenter\u00a0\u00bb onclick=\u00a0\u00bbcustom_link\u00a0\u00bb custom_src=\u00a0\u00bbhttps:\/\/www.omniwood.be\/wp-content\/themes\/sandbox\/images\/icons\/002-drawers.svg\u00a0\u00bb link=\u00a0\u00bb\/diensten\/maat-en-inbouwkasten\/\u00a0\u00bb][\/vc_column_inner][vc_column_inner width=\u00a0\u00bb3\/4&Prime;][vc_column_text]<\/p>\n<h4>Mobiliers sur mesure &#8211; encastr\u00e9s<\/h4>\n<p>[\/vc_column_text][vc_column_text]Pour habitation, bureau ou salle d\u2019exposition[\/vc_column_text]\t\t\t<p class=\" text-left button-p-wrap \">\n\t\t\t\t<a href=\"\/fr\/services\/mobiliers-sur-mesure-encastres\/\" class=\"button outlined  small\" target=\"\">en savoir plus<\/a>\t\n\t\t\t<\/p>\n\t\t\t[\/vc_column_inner][\/vc_row_inner][vc_separator css=\u00a0\u00bb.vc_custom_1494337416223{padding-top: 15px !important;padding-bottom: 15px !important;}\u00a0\u00bb]\t\t\t<p class=\" text-center button-p-wrap \">\n\t\t\t\t<a href=\"\/fr\/services\/\" class=\"button outlined  small\" target=\"\">tous les services<\/a>\t\n\t\t\t<\/p>\n\t\t\t[\/vc_column][vc_column width=\u00a0\u00bb1\/2&Prime;][vc_single_image image=\u00a0\u00bb2077&Prime; img_size=\u00a0\u00bb300&#215;75&Prime;][vc_empty_space][vc_row_inner content_placement=\u00a0\u00bbmiddle\u00a0\u00bb][vc_column_inner width=\u00a0\u00bb1\/4&Prime;][vc_single_image source=\u00a0\u00bbexternal_link\u00a0\u00bb external_img_size=\u00a0\u00bb100&#215;100&Prime; alignment=\u00a0\u00bbcenter\u00a0\u00bb onclick=\u00a0\u00bbcustom_link\u00a0\u00bb custom_src=\u00a0\u00bbhttps:\/\/www.omniwood.be\/wp-content\/themes\/sandbox\/images\/icons\/dakspanten.svg\u00a0\u00bb link=\u00a0\u00bb\/diensten\/prefab-dakspanten\/\u00a0\u00bb][\/vc_column_inner][vc_column_inner width=\u00a0\u00bb3\/4&Prime;][vc_column_text]<\/p>\n<div class=\"wpb_text_column wpb_content_element vc_custom_1493737032038\">\n<div class=\"wpb_wrapper\">\n<h4>Fermes de toit pr\u00e9fabriqu\u00e9es<\/h4>\n<\/div>\n<\/div>\n<p>[\/vc_column_text][vc_column_text]Un produit issu de longues ann\u00e9es d\u2019exp\u00e9rience\u00a0: le toit pr\u00e9fabriqu\u00e9 OMNI TRUSS, livrable emball\u00e9 \u00e0 tout type de client.[\/vc_column_text]\t\t\t<p class=\" text-left button-p-wrap \">\n\t\t\t\t<a href=\"\/fr\/services\/fermes-de-toit-prefabriquees\/\" class=\"button outlined  small\" target=\"\">en savoir plus<\/a>\t\n\t\t\t<\/p>\n\t\t\t[\/vc_column_inner][\/vc_row_inner][vc_separator css=\u00a0\u00bb.vc_custom_1494337416223{padding-top: 15px !important;padding-bottom: 15px !important;}\u00a0\u00bb][vc_row_inner content_placement=\u00a0\u00bbmiddle\u00a0\u00bb][vc_column_inner width=\u00a0\u00bb1\/4&Prime;][vc_single_image source=\u00a0\u00bbexternal_link\u00a0\u00bb external_img_size=\u00a0\u00bb100&#215;100&Prime; alignment=\u00a0\u00bbcenter\u00a0\u00bb onclick=\u00a0\u00bbcustom_link\u00a0\u00bb custom_src=\u00a0\u00bbhttps:\/\/www.omniwood.be\/wp-content\/themes\/sandbox\/images\/icons\/004-sign.svg\u00a0\u00bb link=\u00a0\u00bb\/diensten\/ecologische-isolatie\/\u00a0\u00bb][\/vc_column_inner][vc_column_inner width=\u00a0\u00bb3\/4&Prime;][vc_column_text]<\/p>\n<div class=\"wpb_text_column wpb_content_element vc_custom_1493737048020\">\n<div class=\"wpb_wrapper\">\n<h4>Isolation \u00e9cologique<\/h4>\n<\/div>\n<\/div>\n<p>[\/vc_column_text][vc_column_text]Une enti\u00e8re gamme de produit d\u2019isolation avec lesquels vous aider l\u2019environnement \u00e0 deux fois\u00a0![\/vc_column_text]\t\t\t<p class=\" text-left button-p-wrap \">\n\t\t\t\t<a href=\"\/fr\/services\/gutex-isolation-ecologique\/\" class=\"button outlined  small\" target=\"\">en savoir plus<\/a>\t\n\t\t\t<\/p>\n\t\t\t[\/vc_column_inner][\/vc_row_inner][vc_separator css=\u00a0\u00bb.vc_custom_1494337416223{padding-top: 15px !important;padding-bottom: 15px !important;}\u00a0\u00bb][vc_row_inner content_placement=\u00a0\u00bbmiddle\u00a0\u00bb][vc_column_inner width=\u00a0\u00bb1\/4&Prime;][vc_single_image source=\u00a0\u00bbexternal_link\u00a0\u00bb external_img_size=\u00a0\u00bb100&#215;100&Prime; alignment=\u00a0\u00bbcenter\u00a0\u00bb onclick=\u00a0\u00bbcustom_link\u00a0\u00bb custom_src=\u00a0\u00bbhttps:\/\/www.omniwood.be\/wp-content\/themes\/sandbox\/images\/icons\/003-kitchen.svg\u00a0\u00bb link=\u00a0\u00bb\/diensten\/maat-en-inbouwkasten\/\u00a0\u00bb][\/vc_column_inner][vc_column_inner width=\u00a0\u00bb3\/4&Prime;][vc_column_text]<\/p>\n<h4>Parement mural int\u00e9rieur<\/h4>\n<p>[\/vc_column_text][vc_column_text]Apporte une ambiance chaleureuse \u00e0 votre pi\u00e8ce avec un habillage en bois \u00e0 base de bois nouveau et\/ou recycl\u00e9.[\/vc_column_text]\t\t\t<p class=\" text-left button-p-wrap \">\n\t\t\t\t<a href=\"\/fr\/services\/parement-mural-interieur\/\" class=\"button outlined  small\" target=\"\">en savoir plus<\/a>\t\n\t\t\t<\/p>\n\t\t\t[\/vc_column_inner][\/vc_row_inner][vc_separator css=\u00a0\u00bb.vc_custom_1494337416223{padding-top: 15px !important;padding-bottom: 15px !important;}\u00a0\u00bb]\t\t\t<p class=\" text-center button-p-wrap \">\n\t\t\t\t<a href=\"\/fr\/services\/\" class=\"button outlined  small\" target=\"\">tous les services<\/a>\t\n\t\t\t<\/p>\n\t\t\t[\/vc_column][\/vc_row][vc_row content_placement=\u00a0\u00bbmiddle\u00a0\u00bb parallax=\u00a0\u00bbcontent-moving\u00a0\u00bb parallax_image=\u00a0\u00bb1696&Prime; parallax_speed_bg=\u00a0\u00bb2&Prime; sbxs_bg_class=\u00a0\u00bbbg-primary\u00a0\u00bb sbxs_headings_class=\u00a0\u00bbheadings-white\u00a0\u00bb sbxs_text_class=\u00a0\u00bbtext-white\u00a0\u00bb css=\u00a0\u00bb.vc_custom_1493024084092{margin-top: 40px !important;margin-bottom: 40px !important;padding-top: 40px !important;padding-right: 40px !important;padding-bottom: 40px !important;padding-left: 40px !important;}\u00a0\u00bb][vc_column width=\u00a0\u00bb2\/3&Prime;][vc_empty_space height=\u00a0\u00bb10&Prime;][vc_column_text]<\/p>\n<h3>Pouvons-nous vous aider?<\/h3>\n<p>[\/vc_column_text][vc_separator color=\u00a0\u00bbwhite\u00a0\u00bb align=\u00a0\u00bbalign_left\u00a0\u00bb el_width=\u00a0\u00bb10&Prime; css=\u00a0\u00bb.vc_custom_1493023752200{padding-top: 15px !important;padding-bottom: 15px !important;}\u00a0\u00bb][vc_column_text][\/vc_column_text][\/vc_column][vc_column width=\u00a0\u00bb1\/3&Prime;]\t\t\t<p class=\" text-right button-p-wrap \">\n\t\t\t\t<a href=\"\/fr\/contact\" class=\"button outlined white big\" target=\"\">Contactez-nous<\/a>\t\n\t\t\t<\/p>\n\t\t\t[\/vc_column][\/vc_row][vc_row][vc_column][vc_column_text]<\/p>\n<p>[\/vc_column_text][\/vc_column][\/vc_row][vc_row content_placement=\u00a0\u00bbmiddle\u00a0\u00bb css=\u00a0\u00bb.vc_custom_1497534367577{padding-top: 30px !important;padding-right: 60px !important;padding-bottom: 30px !important;padding-left: 60px !important;}\u00a0\u00bb][vc_column width=\u00a0\u00bb1\/6&Prime;][vc_single_image image=\u00a0\u00bb1767&Prime; img_size=\u00a0\u00bbfull\u00a0\u00bb alignment=\u00a0\u00bbcenter\u00a0\u00bb onclick=\u00a0\u00bbcustom_link\u00a0\u00bb img_link_target=\u00a0\u00bb_blank\u00a0\u00bb css_animation=\u00a0\u00bbtop-to-bottom\u00a0\u00bb link=\u00a0\u00bbhttp:\/\/gutex-benelux.eu\/fr\/home\/\u00a0\u00bb css=\u00a0\u00bb.vc_custom_1520952509861{margin-top: 40px !important;margin-bottom: 40px !important;}\u00a0\u00bb][\/vc_column][vc_column width=\u00a0\u00bb1\/6&Prime;][vc_single_image image=\u00a0\u00bb2417&Prime; img_size=\u00a0\u00bbfull\u00a0\u00bb alignment=\u00a0\u00bbcenter\u00a0\u00bb onclick=\u00a0\u00bbcustom_link\u00a0\u00bb img_link_target=\u00a0\u00bb_blank\u00a0\u00bb css_animation=\u00a0\u00bbtop-to-bottom\u00a0\u00bb link=\u00a0\u00bbhttp:\/\/www.trespa.com\/fr\u00a0\u00bb css=\u00a0\u00bb.vc_custom_1520952776054{margin-top: 40px !important;margin-bottom: 40px !important;}\u00a0\u00bb][\/vc_column][vc_column width=\u00a0\u00bb1\/6&Prime;][vc_single_image image=\u00a0\u00bb1768&Prime; img_size=\u00a0\u00bbfull\u00a0\u00bb alignment=\u00a0\u00bbcenter\u00a0\u00bb onclick=\u00a0\u00bbcustom_link\u00a0\u00bb img_link_target=\u00a0\u00bb_blank\u00a0\u00bb css_animation=\u00a0\u00bbtop-to-bottom\u00a0\u00bb link=\u00a0\u00bbhttps:\/\/www.velux.be\/fr\/\u00a0\u00bb css=\u00a0\u00bb.vc_custom_1520952809317{margin-top: 40px !important;margin-bottom: 40px !important;}\u00a0\u00bb][\/vc_column][vc_column width=\u00a0\u00bb1\/6&Prime;][vc_single_image image=\u00a0\u00bb1769&Prime; img_size=\u00a0\u00bbfull\u00a0\u00bb alignment=\u00a0\u00bbcenter\u00a0\u00bb onclick=\u00a0\u00bbcustom_link\u00a0\u00bb img_link_target=\u00a0\u00bb_blank\u00a0\u00bb css_animation=\u00a0\u00bbtop-to-bottom\u00a0\u00bb link=\u00a0\u00bbhttp:\/\/www.vetedy.com\/fr\/\u00a0\u00bb css=\u00a0\u00bb.vc_custom_1520952876212{margin-top: 40px !important;margin-bottom: 40px !important;}\u00a0\u00bb][\/vc_column][vc_column width=\u00a0\u00bb1\/6&Prime;][vc_single_image image=\u00a0\u00bb2061&Prime; img_size=\u00a0\u00bbfull\u00a0\u00bb alignment=\u00a0\u00bbcenter\u00a0\u00bb onclick=\u00a0\u00bbcustom_link\u00a0\u00bb img_link_target=\u00a0\u00bb_blank\u00a0\u00bb css_animation=\u00a0\u00bbtop-to-bottom\u00a0\u00bb link=\u00a0\u00bbhttp:\/\/www.wienerberger.be\/fr\u00a0\u00bb css=\u00a0\u00bb.vc_custom_1520952963248{margin-top: 40px !important;margin-bottom: 40px !important;}\u00a0\u00bb][\/vc_column][vc_column width=\u00a0\u00bb1\/6&Prime;][vc_single_image image=\u00a0\u00bb1771&Prime; img_size=\u00a0\u00bbfull\u00a0\u00bb alignment=\u00a0\u00bbcenter\u00a0\u00bb onclick=\u00a0\u00bbcustom_link\u00a0\u00bb img_link_target=\u00a0\u00bb_blank\u00a0\u00bb css_animation=\u00a0\u00bbtop-to-bottom\u00a0\u00bb link=\u00a0\u00bbhttp:\/\/woodenwalldesign.com\/en\/\u00a0\u00bb css=\u00a0\u00bb.vc_custom_1520952975929{margin-top: 40px !important;margin-bottom: 40px !important;}\u00a0\u00bb][\/vc_column][\/vc_row]<\/p>\n<\/div>","protected":false},"excerpt":{"rendered":"","protected":false},"author":1,"featured_media":0,"parent":0,"menu_order":0,"comment_status":"closed","ping_status":"closed","template":"","meta":{"_acf_changed":false,"footnotes":""},"class_list":["post-2715","page","type-page","status-publish","hentry"],"acf":[],"_links":{"self":[{"href":"https:\/\/www.omniwood.be\/fr\/wp-json\/wp\/v2\/pages\/2715","targetHints":{"allow":["GET"]}}],"collection":[{"href":"https:\/\/www.omniwood.be\/fr\/wp-json\/wp\/v2\/pages"}],"about":[{"href":"https:\/\/www.omniwood.be\/fr\/wp-json\/wp\/v2\/types\/page"}],"author":[{"embeddable":true,"href":"https:\/\/www.omniwood.be\/fr\/wp-json\/wp\/v2\/users\/1"}],"replies":[{"embeddable":true,"href":"https:\/\/www.omniwood.be\/fr\/wp-json\/wp\/v2\/comments?post=2715"}],"version-history":[{"count":32,"href":"https:\/\/www.omniwood.be\/fr\/wp-json\/wp\/v2\/pages\/2715\/revisions"}],"predecessor-version":[{"id":2782,"href":"https:\/\/www.omniwood.be\/fr\/wp-json\/wp\/v2\/pages\/2715\/revisions\/2782"}],"wp:attachment":[{"href":"https:\/\/www.omniwood.be\/fr\/wp-json\/wp\/v2\/media?parent=2715"}],"curies":[{"name":"wp","href":"https:\/\/api.w.org\/{rel}","templated":true}]}}